{"id":8443,"date":"2017-03-30T14:29:20","date_gmt":"2017-03-30T12:29:20","guid":{"rendered":"https:\/\/vino.qodeinteractive.com\/?post_type=product&#038;p=8443"},"modified":"2026-04-13T08:03:54","modified_gmt":"2026-04-13T06:03:54","slug":"quinta-das-tapias-mencia","status":"publish","type":"product","link":"https:\/\/www.xn--tapiasmarian-jhb.com\/gl\/produto\/quinta-das-tapias-mencia\/","title":{"rendered":"Quinta das Tapias Mencia"},"content":{"rendered":"<p><strong>VARIEDADES:<\/strong><\/p>\n<p>Mencia 100%<\/p>\n<p><strong>ELABORACI\u00d3N:<\/strong><br \/>\nMaceraci\u00f3n tradicional de las pastas despalilladas y estrujadas de forma muy suave de tal forma que casi va la uva entera.<br \/>\nA semejanza de una maceraci\u00f3n carbonica.<\/p>\n<p><strong>CARACTERISTICAS ORGANOLEPTICAS:<\/strong><br \/>\nCor vermella granate e contorno viol\u00e1ceo, media capa e  boa bagoa.<br \/>\nNariz de boa intensidade, froitos vermellos, marmelada de fresa, moras, zarzaparrilla e framboesa con notas de cacao e chocolate.<br \/>\nBoca de estructura media, de taninos ben polimerizados, fresco e de boa untuosidade.<\/p>\n<p>Podes mercalo en Galicia en:<\/p>\n<p><img decoding=\"async\" class=\"alignnone wp-image-15436 lazyload\" src=\"data:image\/gif;base64,R0lGODlhAQABAIAAAAAAAP\/\/\/yH5BAEAAAAALAAAAAABAAEAAAIBRAA7\" data-src=\"https:\/\/www.xn--tapiasmarian-jhb.com\/wp-content\/uploads\/2024\/10\/gadis-300x97.webp\" alt=\"\" width=\"74\" height=\"24\" \/><noscript><img data-recalc-dims=\"1\" decoding=\"async\" class=\"alignnone wp-image-15436 lazyload\" src=\"https:\/\/i0.wp.com\/www.xn--tapiasmarian-jhb.com\/wp-content\/uploads\/2024\/10\/gadis.webp?resize=74%2C24&#038;ssl=1\" alt=\"\" width=\"74\" height=\"24\" srcset=\"https:\/\/i0.wp.com\/www.xn--tapiasmarian-jhb.com\/wp-content\/uploads\/2024\/10\/gadis.webp?resize=300%2C97&amp;ssl=1 300w, https:\/\/i0.wp.com\/www.xn--tapiasmarian-jhb.com\/wp-content\/uploads\/2024\/10\/gadis.webp?resize=18%2C6&amp;ssl=1 18w, https:\/\/i0.wp.com\/www.xn--tapiasmarian-jhb.com\/wp-content\/uploads\/2024\/10\/gadis.webp?w=429&amp;ssl=1 429w\" sizes=\"(max-width: 74px) 100vw, 74px\" \/><\/noscript> \u00a0 <img decoding=\"async\" class=\"alignnone wp-image-15437 lazyload\" src=\"data:image\/gif;base64,R0lGODlhAQABAIAAAAAAAP\/\/\/yH5BAEAAAAALAAAAAABAAEAAAIBRAA7\" data-src=\"https:\/\/www.xn--tapiasmarian-jhb.com\/wp-content\/uploads\/2024\/10\/eroski-300x70.webp\" alt=\"\" width=\"103\" height=\"24\" \/><noscript><img data-recalc-dims=\"1\" decoding=\"async\" class=\"alignnone wp-image-15437 lazyload\" src=\"https:\/\/i0.wp.com\/www.xn--tapiasmarian-jhb.com\/wp-content\/uploads\/2024\/10\/eroski.webp?resize=103%2C24&#038;ssl=1\" alt=\"\" width=\"103\" height=\"24\" srcset=\"https:\/\/i0.wp.com\/www.xn--tapiasmarian-jhb.com\/wp-content\/uploads\/2024\/10\/eroski.webp?resize=300%2C70&amp;ssl=1 300w, https:\/\/i0.wp.com\/www.xn--tapiasmarian-jhb.com\/wp-content\/uploads\/2024\/10\/eroski.webp?resize=18%2C4&amp;ssl=1 18w, https:\/\/i0.wp.com\/www.xn--tapiasmarian-jhb.com\/wp-content\/uploads\/2024\/10\/eroski.webp?w=600&amp;ssl=1 600w\" sizes=\"(max-width: 103px) 100vw, 103px\" \/><\/noscript> \u00a0<img decoding=\"async\" class=\"alignnone wp-image-15441 lazyload\" src=\"data:image\/gif;base64,R0lGODlhAQABAIAAAAAAAP\/\/\/yH5BAEAAAAALAAAAAABAAEAAAIBRAA7\" data-src=\"https:\/\/www.xn--tapiasmarian-jhb.com\/wp-content\/uploads\/2024\/10\/carrefour_1-300x48.webp\" alt=\"\" width=\"150\" height=\"24\" \/><noscript><img data-recalc-dims=\"1\" decoding=\"async\" class=\"alignnone wp-image-15441 lazyload\" src=\"https:\/\/i0.wp.com\/www.xn--tapiasmarian-jhb.com\/wp-content\/uploads\/2024\/10\/carrefour_1.webp?resize=150%2C24&#038;ssl=1\" alt=\"\" width=\"150\" height=\"24\" srcset=\"https:\/\/i0.wp.com\/www.xn--tapiasmarian-jhb.com\/wp-content\/uploads\/2024\/10\/carrefour_1.webp?resize=300%2C48&amp;ssl=1 300w, https:\/\/i0.wp.com\/www.xn--tapiasmarian-jhb.com\/wp-content\/uploads\/2024\/10\/carrefour_1.webp?resize=768%2C122&amp;ssl=1 768w, https:\/\/i0.wp.com\/www.xn--tapiasmarian-jhb.com\/wp-content\/uploads\/2024\/10\/carrefour_1.webp?resize=18%2C3&amp;ssl=1 18w, https:\/\/i0.wp.com\/www.xn--tapiasmarian-jhb.com\/wp-content\/uploads\/2024\/10\/carrefour_1.webp?resize=600%2C95&amp;ssl=1 600w, https:\/\/i0.wp.com\/www.xn--tapiasmarian-jhb.com\/wp-content\/uploads\/2024\/10\/carrefour_1.webp?w=876&amp;ssl=1 876w\" sizes=\"(max-width: 150px) 100vw, 150px\" \/><\/noscript><\/p>","protected":false},"excerpt":{"rendered":"<p>VARIEDADES: Mencia 100% ELABORACI\u00d3N: Maceraci\u00f3n tradicional de las pastas despalilladas y estrujadas de forma muy suave de tal forma que casi va la uva entera. A semejanza de una maceraci\u00f3n carbonica. CARACTERISTICAS ORGANOLEPTICAS: Color rojo granate y ribete viol\u00e1ceo, media capa, buena lagrima. Nariz de [&hellip;]<\/p>","protected":false},"featured_media":11208,"comment_status":"open","ping_status":"closed","template":"","meta":[],"product_brand":[],"product_cat":[15,71],"product_tag":[87,82,127,81,78],"giftcard-category":[],"class_list":{"0":"post-8443","1":"product","2":"type-product","3":"status-publish","4":"has-post-thumbnail","6":"product_cat-vinos","7":"product_cat-tinto","8":"product_tag-d-o-monterrei","9":"product_tag-mencia","10":"product_tag-quinta-das-tapias","11":"product_tag-tinto","12":"product_tag-vinos","14":"first","15":"instock","16":"taxable","17":"shipping-taxable","18":"purchasable","19":"product-type-simple"},"yoast_head":"<!-- This site is optimized with the Yoast SEO plugin v26.5 - https:\/\/yoast.com\/wordpress\/plugins\/seo\/ -->\n<title>Quinta das Tapias Mencia - Bodega Tapias Mari\u00f1\u00e1n<\/title>\n<meta name=\"robots\" content=\"index, follow, max-snippet:-1, max-image-preview:large, max-video-preview:-1\" \/>\n<link rel=\"canonical\" href=\"https:\/\/www.xn--tapiasmarian-jhb.com\/gl\/produto\/quinta-das-tapias-mencia\/\" \/>\n<meta property=\"og:locale\" content=\"gl_ES\" \/>\n<meta property=\"og:type\" content=\"article\" \/>\n<meta property=\"og:title\" content=\"Quinta das Tapias Mencia - Bodega Tapias Mari\u00f1\u00e1n\" \/>\n<meta property=\"og:description\" content=\"VARIEDADES: Mencia 100% ELABORACI\u00d3N: Maceraci\u00f3n tradicional de las pastas despalilladas y estrujadas de forma muy suave de tal forma que casi va la uva entera. A semejanza de una maceraci\u00f3n carbonica. CARACTERISTICAS ORGANOLEPTICAS: Color rojo granate y ribete viol\u00e1ceo, media capa, buena lagrima. Nariz de [&hellip;]\" \/>\n<meta property=\"og:url\" content=\"https:\/\/www.xn--tapiasmarian-jhb.com\/gl\/produto\/quinta-das-tapias-mencia\/\" \/>\n<meta property=\"og:site_name\" content=\"Bodega Tapias Mari\u00f1\u00e1n\" \/>\n<meta property=\"article:publisher\" content=\"https:\/\/www.facebook.com\/tapiasmarinan.bodega.1\" \/>\n<meta property=\"article:modified_time\" content=\"2026-04-13T06:03:54+00:00\" \/>\n<meta property=\"og:image\" content=\"https:\/\/www.xn--tapiasmarian-jhb.com\/wp-content\/uploads\/2022\/08\/quinta-das-tapias-mencia.jpg\" \/>\n\t<meta property=\"og:image:width\" content=\"1000\" \/>\n\t<meta property=\"og:image:height\" content=\"1123\" \/>\n\t<meta property=\"og:image:type\" content=\"image\/jpeg\" \/>\n<meta name=\"twitter:card\" content=\"summary_large_image\" \/>\n<meta name=\"twitter:label1\" content=\"Tempo de lectura\" \/>\n\t<meta name=\"twitter:data1\" content=\"2 minutos\" \/>\n<script type=\"application\/ld+json\" class=\"yoast-schema-graph\">{\"@context\":\"https:\/\/schema.org\",\"@graph\":[{\"@type\":\"WebPage\",\"@id\":\"https:\/\/www.xn--tapiasmarian-jhb.com\/producto\/quinta-das-tapias-mencia\/\",\"url\":\"https:\/\/www.xn--tapiasmarian-jhb.com\/producto\/quinta-das-tapias-mencia\/\",\"name\":\"Quinta das Tapias Mencia - Bodega Tapias Mari\u00f1\u00e1n\",\"isPartOf\":{\"@id\":\"https:\/\/www.xn--tapiasmarian-jhb.com\/#website\"},\"primaryImageOfPage\":{\"@id\":\"https:\/\/www.xn--tapiasmarian-jhb.com\/producto\/quinta-das-tapias-mencia\/#primaryimage\"},\"image\":{\"@id\":\"https:\/\/www.xn--tapiasmarian-jhb.com\/producto\/quinta-das-tapias-mencia\/#primaryimage\"},\"thumbnailUrl\":\"https:\/\/i0.wp.com\/www.xn--tapiasmarian-jhb.com\/wp-content\/uploads\/2022\/08\/quinta-das-tapias-mencia.jpg?fit=1000%2C1123&ssl=1\",\"datePublished\":\"2017-03-30T12:29:20+00:00\",\"dateModified\":\"2026-04-13T06:03:54+00:00\",\"breadcrumb\":{\"@id\":\"https:\/\/www.xn--tapiasmarian-jhb.com\/producto\/quinta-das-tapias-mencia\/#breadcrumb\"},\"inLanguage\":\"gl-ES\",\"potentialAction\":[{\"@type\":\"ReadAction\",\"target\":[\"https:\/\/www.xn--tapiasmarian-jhb.com\/producto\/quinta-das-tapias-mencia\/\"]}]},{\"@type\":\"ImageObject\",\"inLanguage\":\"gl-ES\",\"@id\":\"https:\/\/www.xn--tapiasmarian-jhb.com\/producto\/quinta-das-tapias-mencia\/#primaryimage\",\"url\":\"https:\/\/i0.wp.com\/www.xn--tapiasmarian-jhb.com\/wp-content\/uploads\/2022\/08\/quinta-das-tapias-mencia.jpg?fit=1000%2C1123&ssl=1\",\"contentUrl\":\"https:\/\/i0.wp.com\/www.xn--tapiasmarian-jhb.com\/wp-content\/uploads\/2022\/08\/quinta-das-tapias-mencia.jpg?fit=1000%2C1123&ssl=1\",\"width\":1000,\"height\":1123},{\"@type\":\"BreadcrumbList\",\"@id\":\"https:\/\/www.xn--tapiasmarian-jhb.com\/producto\/quinta-das-tapias-mencia\/#breadcrumb\",\"itemListElement\":[{\"@type\":\"ListItem\",\"position\":1,\"name\":\"Portada\",\"item\":\"https:\/\/www.xn--tapiasmarian-jhb.com\/\"},{\"@type\":\"ListItem\",\"position\":2,\"name\":\"Tienda\",\"item\":\"https:\/\/www.xn--tapiasmarian-jhb.com\/tienda-de-vinos-tintos-y-blancos-de-calidad\/\"},{\"@type\":\"ListItem\",\"position\":3,\"name\":\"Quinta das Tapias Mencia\"}]},{\"@type\":\"WebSite\",\"@id\":\"https:\/\/www.xn--tapiasmarian-jhb.com\/#website\",\"url\":\"https:\/\/www.xn--tapiasmarian-jhb.com\/\",\"name\":\"Bodega Tapias Mari\u00f1\u00e1n\",\"description\":\"Bodega de la D.O. Monterrei\",\"publisher\":{\"@id\":\"https:\/\/www.xn--tapiasmarian-jhb.com\/#organization\"},\"alternateName\":\"Tapias Mari\u00f1an\",\"potentialAction\":[{\"@type\":\"SearchAction\",\"target\":{\"@type\":\"EntryPoint\",\"urlTemplate\":\"https:\/\/www.xn--tapiasmarian-jhb.com\/?s={search_term_string}\"},\"query-input\":{\"@type\":\"PropertyValueSpecification\",\"valueRequired\":true,\"valueName\":\"search_term_string\"}}],\"inLanguage\":\"gl-ES\"},{\"@type\":\"Organization\",\"@id\":\"https:\/\/www.xn--tapiasmarian-jhb.com\/#organization\",\"name\":\"Bodega Tapias Mari\u00f1\u00e1n\",\"alternateName\":\"Tapias Mari\u00f1an\",\"url\":\"https:\/\/www.xn--tapiasmarian-jhb.com\/\",\"logo\":{\"@type\":\"ImageObject\",\"inLanguage\":\"gl-ES\",\"@id\":\"https:\/\/www.xn--tapiasmarian-jhb.com\/#\/schema\/logo\/image\/\",\"url\":\"https:\/\/i0.wp.com\/www.xn--tapiasmarian-jhb.com\/wp-content\/uploads\/2022\/08\/favicon.png?fit=512%2C346&ssl=1\",\"contentUrl\":\"https:\/\/i0.wp.com\/www.xn--tapiasmarian-jhb.com\/wp-content\/uploads\/2022\/08\/favicon.png?fit=512%2C346&ssl=1\",\"width\":512,\"height\":346,\"caption\":\"Bodega Tapias Mari\u00f1\u00e1n\"},\"image\":{\"@id\":\"https:\/\/www.xn--tapiasmarian-jhb.com\/#\/schema\/logo\/image\/\"},\"sameAs\":[\"https:\/\/www.facebook.com\/tapiasmarinan.bodega.1\",\"https:\/\/www.instagram.com\/bodegatapiasmarinan\/\"]}]}<\/script>\n<!-- \/ Yoast SEO plugin. -->","yoast_head_json":{"title":"Quinta das Tapias Mencia - Bodega Tapias Mari\u00f1\u00e1n","robots":{"index":"index","follow":"follow","max-snippet":"max-snippet:-1","max-image-preview":"max-image-preview:large","max-video-preview":"max-video-preview:-1"},"canonical":"https:\/\/www.xn--tapiasmarian-jhb.com\/gl\/produto\/quinta-das-tapias-mencia\/","og_locale":"gl_ES","og_type":"article","og_title":"Quinta das Tapias Mencia - Bodega Tapias Mari\u00f1\u00e1n","og_description":"VARIEDADES: Mencia 100% ELABORACI\u00d3N: Maceraci\u00f3n tradicional de las pastas despalilladas y estrujadas de forma muy suave de tal forma que casi va la uva entera. A semejanza de una maceraci\u00f3n carbonica. CARACTERISTICAS ORGANOLEPTICAS: Color rojo granate y ribete viol\u00e1ceo, media capa, buena lagrima. Nariz de [&hellip;]","og_url":"https:\/\/www.xn--tapiasmarian-jhb.com\/gl\/produto\/quinta-das-tapias-mencia\/","og_site_name":"Bodega Tapias Mari\u00f1\u00e1n","article_publisher":"https:\/\/www.facebook.com\/tapiasmarinan.bodega.1","article_modified_time":"2026-04-13T06:03:54+00:00","og_image":[{"width":1000,"height":1123,"url":"https:\/\/www.xn--tapiasmarian-jhb.com\/wp-content\/uploads\/2022\/08\/quinta-das-tapias-mencia.jpg","type":"image\/jpeg"}],"twitter_card":"summary_large_image","twitter_misc":{"Tempo de lectura":"2 minutos"},"schema":{"@context":"https:\/\/schema.org","@graph":[{"@type":"WebPage","@id":"https:\/\/www.xn--tapiasmarian-jhb.com\/producto\/quinta-das-tapias-mencia\/","url":"https:\/\/www.xn--tapiasmarian-jhb.com\/producto\/quinta-das-tapias-mencia\/","name":"Quinta das Tapias Mencia - Bodega Tapias Mari\u00f1\u00e1n","isPartOf":{"@id":"https:\/\/www.xn--tapiasmarian-jhb.com\/#website"},"primaryImageOfPage":{"@id":"https:\/\/www.xn--tapiasmarian-jhb.com\/producto\/quinta-das-tapias-mencia\/#primaryimage"},"image":{"@id":"https:\/\/www.xn--tapiasmarian-jhb.com\/producto\/quinta-das-tapias-mencia\/#primaryimage"},"thumbnailUrl":"https:\/\/i0.wp.com\/www.xn--tapiasmarian-jhb.com\/wp-content\/uploads\/2022\/08\/quinta-das-tapias-mencia.jpg?fit=1000%2C1123&ssl=1","datePublished":"2017-03-30T12:29:20+00:00","dateModified":"2026-04-13T06:03:54+00:00","breadcrumb":{"@id":"https:\/\/www.xn--tapiasmarian-jhb.com\/producto\/quinta-das-tapias-mencia\/#breadcrumb"},"inLanguage":"gl-ES","potentialAction":[{"@type":"ReadAction","target":["https:\/\/www.xn--tapiasmarian-jhb.com\/producto\/quinta-das-tapias-mencia\/"]}]},{"@type":"ImageObject","inLanguage":"gl-ES","@id":"https:\/\/www.xn--tapiasmarian-jhb.com\/producto\/quinta-das-tapias-mencia\/#primaryimage","url":"https:\/\/i0.wp.com\/www.xn--tapiasmarian-jhb.com\/wp-content\/uploads\/2022\/08\/quinta-das-tapias-mencia.jpg?fit=1000%2C1123&ssl=1","contentUrl":"https:\/\/i0.wp.com\/www.xn--tapiasmarian-jhb.com\/wp-content\/uploads\/2022\/08\/quinta-das-tapias-mencia.jpg?fit=1000%2C1123&ssl=1","width":1000,"height":1123},{"@type":"BreadcrumbList","@id":"https:\/\/www.xn--tapiasmarian-jhb.com\/producto\/quinta-das-tapias-mencia\/#breadcrumb","itemListElement":[{"@type":"ListItem","position":1,"name":"Portada","item":"https:\/\/www.xn--tapiasmarian-jhb.com\/"},{"@type":"ListItem","position":2,"name":"Tienda","item":"https:\/\/www.xn--tapiasmarian-jhb.com\/tienda-de-vinos-tintos-y-blancos-de-calidad\/"},{"@type":"ListItem","position":3,"name":"Quinta das Tapias Mencia"}]},{"@type":"WebSite","@id":"https:\/\/www.xn--tapiasmarian-jhb.com\/#website","url":"https:\/\/www.xn--tapiasmarian-jhb.com\/","name":"Bodega Tapias Mari\u00f1\u00e1n","description":"Bodega de la D.O. Monterrei","publisher":{"@id":"https:\/\/www.xn--tapiasmarian-jhb.com\/#organization"},"alternateName":"Tapias Mari\u00f1an","potentialAction":[{"@type":"SearchAction","target":{"@type":"EntryPoint","urlTemplate":"https:\/\/www.xn--tapiasmarian-jhb.com\/?s={search_term_string}"},"query-input":{"@type":"PropertyValueSpecification","valueRequired":true,"valueName":"search_term_string"}}],"inLanguage":"gl-ES"},{"@type":"Organization","@id":"https:\/\/www.xn--tapiasmarian-jhb.com\/#organization","name":"Bodega Tapias Mari\u00f1\u00e1n","alternateName":"Tapias Mari\u00f1an","url":"https:\/\/www.xn--tapiasmarian-jhb.com\/","logo":{"@type":"ImageObject","inLanguage":"gl-ES","@id":"https:\/\/www.xn--tapiasmarian-jhb.com\/#\/schema\/logo\/image\/","url":"https:\/\/i0.wp.com\/www.xn--tapiasmarian-jhb.com\/wp-content\/uploads\/2022\/08\/favicon.png?fit=512%2C346&ssl=1","contentUrl":"https:\/\/i0.wp.com\/www.xn--tapiasmarian-jhb.com\/wp-content\/uploads\/2022\/08\/favicon.png?fit=512%2C346&ssl=1","width":512,"height":346,"caption":"Bodega Tapias Mari\u00f1\u00e1n"},"image":{"@id":"https:\/\/www.xn--tapiasmarian-jhb.com\/#\/schema\/logo\/image\/"},"sameAs":["https:\/\/www.facebook.com\/tapiasmarinan.bodega.1","https:\/\/www.instagram.com\/bodegatapiasmarinan\/"]}]}},"jetpack_sharing_enabled":true,"_links":{"self":[{"href":"https:\/\/www.xn--tapiasmarian-jhb.com\/gl\/wp-json\/wp\/v2\/product\/8443","targetHints":{"allow":["GET"]}}],"collection":[{"href":"https:\/\/www.xn--tapiasmarian-jhb.com\/gl\/wp-json\/wp\/v2\/product"}],"about":[{"href":"https:\/\/www.xn--tapiasmarian-jhb.com\/gl\/wp-json\/wp\/v2\/types\/product"}],"replies":[{"embeddable":true,"href":"https:\/\/www.xn--tapiasmarian-jhb.com\/gl\/wp-json\/wp\/v2\/comments?post=8443"}],"wp:featuredmedia":[{"embeddable":true,"href":"https:\/\/www.xn--tapiasmarian-jhb.com\/gl\/wp-json\/wp\/v2\/media\/11208"}],"wp:attachment":[{"href":"https:\/\/www.xn--tapiasmarian-jhb.com\/gl\/wp-json\/wp\/v2\/media?parent=8443"}],"wp:term":[{"taxonomy":"product_brand","embeddable":true,"href":"https:\/\/www.xn--tapiasmarian-jhb.com\/gl\/wp-json\/wp\/v2\/product_brand?post=8443"},{"taxonomy":"product_cat","embeddable":true,"href":"https:\/\/www.xn--tapiasmarian-jhb.com\/gl\/wp-json\/wp\/v2\/product_cat?post=8443"},{"taxonomy":"product_tag","embeddable":true,"href":"https:\/\/www.xn--tapiasmarian-jhb.com\/gl\/wp-json\/wp\/v2\/product_tag?post=8443"},{"taxonomy":"giftcard-category","embeddable":true,"href":"https:\/\/www.xn--tapiasmarian-jhb.com\/gl\/wp-json\/wp\/v2\/giftcard-category?post=8443"}],"curies":[{"name":"wp","href":"https:\/\/api.w.org\/{rel}","templated":true}]}}