{"id":8421,"date":"2017-03-30T13:57:02","date_gmt":"2017-03-30T11:57:02","guid":{"rendered":"https:\/\/vino.qodeinteractive.com\/?post_type=product&#038;p=8421"},"modified":"2026-04-13T08:03:15","modified_gmt":"2026-04-13T06:03:15","slug":"colleita-propia-blanco","status":"publish","type":"product","link":"https:\/\/www.xn--tapiasmarian-jhb.com\/gl\/produto\/colleita-propia-blanco\/","title":{"rendered":"Colleita Propia Branco"},"content":{"rendered":"<p><strong>ELABORACI\u00d3N:<\/strong><br \/>\nMaceraci\u00f3n en fr\u00edo da pasta con xeo seco e traballo a baixa temperatura sobre as l\u00edas en doce.<\/p>\n<p><strong>CARACTER\u00cdSTICAS ORGANOLEPTICAS:<\/strong><br \/>\nVi\u00f1o branco elaborado coas distintas variedades. Cor amarelo p\u00e1lido con reflexos verdes, limpo, transparente e brillante.<br \/>\nNariz moi afroitado, maz\u00e1, pera, c\u00edtricos e notas florais.<br \/>\nBoca ampla, saborosa e fresca, ben equilibrada, de estrutura media e boa acidez, post-gusto longo e afroitado.<br \/>\nPodes mercalo en Galicia en:<\/p>\n<p><img decoding=\"async\" class=\"alignnone wp-image-15436 lazyload\" src=\"data:image\/gif;base64,R0lGODlhAQABAIAAAAAAAP\/\/\/yH5BAEAAAAALAAAAAABAAEAAAIBRAA7\" data-src=\"https:\/\/www.xn--tapiasmarian-jhb.com\/wp-content\/uploads\/2024\/10\/gadis-300x97.webp\" alt=\"\" width=\"74\" height=\"24\" \/><noscript><img data-recalc-dims=\"1\" decoding=\"async\" class=\"alignnone wp-image-15436 lazyload\" src=\"https:\/\/i0.wp.com\/www.xn--tapiasmarian-jhb.com\/wp-content\/uploads\/2024\/10\/gadis.webp?resize=74%2C24&#038;ssl=1\" alt=\"\" width=\"74\" height=\"24\" srcset=\"https:\/\/i0.wp.com\/www.xn--tapiasmarian-jhb.com\/wp-content\/uploads\/2024\/10\/gadis.webp?resize=300%2C97&amp;ssl=1 300w, https:\/\/i0.wp.com\/www.xn--tapiasmarian-jhb.com\/wp-content\/uploads\/2024\/10\/gadis.webp?resize=18%2C6&amp;ssl=1 18w, https:\/\/i0.wp.com\/www.xn--tapiasmarian-jhb.com\/wp-content\/uploads\/2024\/10\/gadis.webp?w=429&amp;ssl=1 429w\" sizes=\"(max-width: 74px) 100vw, 74px\" \/><\/noscript> <img decoding=\"async\" class=\"alignnone wp-image-15437 lazyload\" src=\"data:image\/gif;base64,R0lGODlhAQABAIAAAAAAAP\/\/\/yH5BAEAAAAALAAAAAABAAEAAAIBRAA7\" data-src=\"https:\/\/www.xn--tapiasmarian-jhb.com\/wp-content\/uploads\/2024\/10\/eroski-300x70.webp\" alt=\"\" width=\"103\" height=\"24\" \/><noscript><img data-recalc-dims=\"1\" decoding=\"async\" class=\"alignnone wp-image-15437 lazyload\" src=\"https:\/\/i0.wp.com\/www.xn--tapiasmarian-jhb.com\/wp-content\/uploads\/2024\/10\/eroski.webp?resize=103%2C24&#038;ssl=1\" alt=\"\" width=\"103\" height=\"24\" srcset=\"https:\/\/i0.wp.com\/www.xn--tapiasmarian-jhb.com\/wp-content\/uploads\/2024\/10\/eroski.webp?resize=300%2C70&amp;ssl=1 300w, https:\/\/i0.wp.com\/www.xn--tapiasmarian-jhb.com\/wp-content\/uploads\/2024\/10\/eroski.webp?resize=18%2C4&amp;ssl=1 18w, https:\/\/i0.wp.com\/www.xn--tapiasmarian-jhb.com\/wp-content\/uploads\/2024\/10\/eroski.webp?w=600&amp;ssl=1 600w\" sizes=\"(max-width: 103px) 100vw, 103px\" \/><\/noscript><\/p>","protected":false},"excerpt":{"rendered":"<p>ELABORACI\u00d3N: Maceraci\u00f3n en fr\u00edo de las pastas con nieve carb\u00f3nica y trabajo a bajas temperaturas sobre las l\u00edas en dulce. CARACTER\u00cdSTICAS ORGANOLEPTICAS: Vino blanco elaborado con las distintas variedades. Color amarillo p\u00e1lido con reflejos verdes, limpio, transparente y brillante. Nariz muy afrutada, manzana, pera, c\u00edtricos [&hellip;]<\/p>","protected":false},"featured_media":11206,"comment_status":"open","ping_status":"closed","template":"","meta":[],"product_brand":[],"product_cat":[15,72],"product_tag":[80,129,78],"giftcard-category":[],"class_list":{"0":"post-8421","1":"product","2":"type-product","3":"status-publish","4":"has-post-thumbnail","6":"product_cat-vinos","7":"product_cat-blanco","8":"product_tag-blanco","9":"product_tag-colleita-propia","10":"product_tag-vinos","12":"first","13":"instock","14":"taxable","15":"shipping-taxable","16":"purchasable","17":"product-type-simple"},"yoast_head":"<!-- This site is optimized with the Yoast SEO plugin v26.5 - https:\/\/yoast.com\/wordpress\/plugins\/seo\/ -->\n<title>Colleita Propia Blanco - Bodega Tapias Mari\u00f1\u00e1n<\/title>\n<meta name=\"robots\" content=\"index, follow, max-snippet:-1, max-image-preview:large, max-video-preview:-1\" \/>\n<link rel=\"canonical\" href=\"https:\/\/www.xn--tapiasmarian-jhb.com\/gl\/produto\/colleita-propia-blanco\/\" \/>\n<meta property=\"og:locale\" content=\"gl_ES\" \/>\n<meta property=\"og:type\" content=\"article\" \/>\n<meta property=\"og:title\" content=\"Colleita Propia Blanco - Bodega Tapias Mari\u00f1\u00e1n\" \/>\n<meta property=\"og:description\" content=\"ELABORACI\u00d3N: Maceraci\u00f3n en fr\u00edo de las pastas con nieve carb\u00f3nica y trabajo a bajas temperaturas sobre las l\u00edas en dulce. CARACTER\u00cdSTICAS ORGANOLEPTICAS: Vino blanco elaborado con las distintas variedades. Color amarillo p\u00e1lido con reflejos verdes, limpio, transparente y brillante. Nariz muy afrutada, manzana, pera, c\u00edtricos [&hellip;]\" \/>\n<meta property=\"og:url\" content=\"https:\/\/www.xn--tapiasmarian-jhb.com\/gl\/produto\/colleita-propia-blanco\/\" \/>\n<meta property=\"og:site_name\" content=\"Bodega Tapias Mari\u00f1\u00e1n\" \/>\n<meta property=\"article:publisher\" content=\"https:\/\/www.facebook.com\/tapiasmarinan.bodega.1\" \/>\n<meta property=\"article:modified_time\" content=\"2026-04-13T06:03:15+00:00\" \/>\n<meta property=\"og:image\" content=\"https:\/\/www.xn--tapiasmarian-jhb.com\/wp-content\/uploads\/2022\/08\/colleitapropiablanco.jpg\" \/>\n\t<meta property=\"og:image:width\" content=\"1001\" \/>\n\t<meta property=\"og:image:height\" content=\"1123\" \/>\n\t<meta property=\"og:image:type\" content=\"image\/jpeg\" \/>\n<meta name=\"twitter:card\" content=\"summary_large_image\" \/>\n<meta name=\"twitter:label1\" content=\"Tempo de lectura\" \/>\n\t<meta name=\"twitter:data1\" content=\"1 minuto\" \/>\n<script type=\"application\/ld+json\" class=\"yoast-schema-graph\">{\"@context\":\"https:\/\/schema.org\",\"@graph\":[{\"@type\":\"WebPage\",\"@id\":\"https:\/\/www.xn--tapiasmarian-jhb.com\/producto\/colleita-propia-blanco\/\",\"url\":\"https:\/\/www.xn--tapiasmarian-jhb.com\/producto\/colleita-propia-blanco\/\",\"name\":\"Colleita Propia Blanco - Bodega Tapias Mari\u00f1\u00e1n\",\"isPartOf\":{\"@id\":\"https:\/\/www.xn--tapiasmarian-jhb.com\/#website\"},\"primaryImageOfPage\":{\"@id\":\"https:\/\/www.xn--tapiasmarian-jhb.com\/producto\/colleita-propia-blanco\/#primaryimage\"},\"image\":{\"@id\":\"https:\/\/www.xn--tapiasmarian-jhb.com\/producto\/colleita-propia-blanco\/#primaryimage\"},\"thumbnailUrl\":\"https:\/\/i0.wp.com\/www.xn--tapiasmarian-jhb.com\/wp-content\/uploads\/2022\/08\/colleitapropiablanco.jpg?fit=1001%2C1123&ssl=1\",\"datePublished\":\"2017-03-30T11:57:02+00:00\",\"dateModified\":\"2026-04-13T06:03:15+00:00\",\"breadcrumb\":{\"@id\":\"https:\/\/www.xn--tapiasmarian-jhb.com\/producto\/colleita-propia-blanco\/#breadcrumb\"},\"inLanguage\":\"gl-ES\",\"potentialAction\":[{\"@type\":\"ReadAction\",\"target\":[\"https:\/\/www.xn--tapiasmarian-jhb.com\/producto\/colleita-propia-blanco\/\"]}]},{\"@type\":\"ImageObject\",\"inLanguage\":\"gl-ES\",\"@id\":\"https:\/\/www.xn--tapiasmarian-jhb.com\/producto\/colleita-propia-blanco\/#primaryimage\",\"url\":\"https:\/\/i0.wp.com\/www.xn--tapiasmarian-jhb.com\/wp-content\/uploads\/2022\/08\/colleitapropiablanco.jpg?fit=1001%2C1123&ssl=1\",\"contentUrl\":\"https:\/\/i0.wp.com\/www.xn--tapiasmarian-jhb.com\/wp-content\/uploads\/2022\/08\/colleitapropiablanco.jpg?fit=1001%2C1123&ssl=1\",\"width\":1001,\"height\":1123},{\"@type\":\"BreadcrumbList\",\"@id\":\"https:\/\/www.xn--tapiasmarian-jhb.com\/producto\/colleita-propia-blanco\/#breadcrumb\",\"itemListElement\":[{\"@type\":\"ListItem\",\"position\":1,\"name\":\"Portada\",\"item\":\"https:\/\/www.xn--tapiasmarian-jhb.com\/\"},{\"@type\":\"ListItem\",\"position\":2,\"name\":\"Tienda\",\"item\":\"https:\/\/www.xn--tapiasmarian-jhb.com\/tienda-de-vinos-tintos-y-blancos-de-calidad\/\"},{\"@type\":\"ListItem\",\"position\":3,\"name\":\"Colleita Propia Blanco\"}]},{\"@type\":\"WebSite\",\"@id\":\"https:\/\/www.xn--tapiasmarian-jhb.com\/#website\",\"url\":\"https:\/\/www.xn--tapiasmarian-jhb.com\/\",\"name\":\"Bodega Tapias Mari\u00f1\u00e1n\",\"description\":\"Bodega de la D.O. Monterrei\",\"publisher\":{\"@id\":\"https:\/\/www.xn--tapiasmarian-jhb.com\/#organization\"},\"alternateName\":\"Tapias Mari\u00f1an\",\"potentialAction\":[{\"@type\":\"SearchAction\",\"target\":{\"@type\":\"EntryPoint\",\"urlTemplate\":\"https:\/\/www.xn--tapiasmarian-jhb.com\/?s={search_term_string}\"},\"query-input\":{\"@type\":\"PropertyValueSpecification\",\"valueRequired\":true,\"valueName\":\"search_term_string\"}}],\"inLanguage\":\"gl-ES\"},{\"@type\":\"Organization\",\"@id\":\"https:\/\/www.xn--tapiasmarian-jhb.com\/#organization\",\"name\":\"Bodega Tapias Mari\u00f1\u00e1n\",\"alternateName\":\"Tapias Mari\u00f1an\",\"url\":\"https:\/\/www.xn--tapiasmarian-jhb.com\/\",\"logo\":{\"@type\":\"ImageObject\",\"inLanguage\":\"gl-ES\",\"@id\":\"https:\/\/www.xn--tapiasmarian-jhb.com\/#\/schema\/logo\/image\/\",\"url\":\"https:\/\/i0.wp.com\/www.xn--tapiasmarian-jhb.com\/wp-content\/uploads\/2022\/08\/favicon.png?fit=512%2C346&ssl=1\",\"contentUrl\":\"https:\/\/i0.wp.com\/www.xn--tapiasmarian-jhb.com\/wp-content\/uploads\/2022\/08\/favicon.png?fit=512%2C346&ssl=1\",\"width\":512,\"height\":346,\"caption\":\"Bodega Tapias Mari\u00f1\u00e1n\"},\"image\":{\"@id\":\"https:\/\/www.xn--tapiasmarian-jhb.com\/#\/schema\/logo\/image\/\"},\"sameAs\":[\"https:\/\/www.facebook.com\/tapiasmarinan.bodega.1\",\"https:\/\/www.instagram.com\/bodegatapiasmarinan\/\"]}]}<\/script>\n<!-- \/ Yoast SEO plugin. -->","yoast_head_json":{"title":"Colleita Propia Blanco - Bodega Tapias Mari\u00f1\u00e1n","robots":{"index":"index","follow":"follow","max-snippet":"max-snippet:-1","max-image-preview":"max-image-preview:large","max-video-preview":"max-video-preview:-1"},"canonical":"https:\/\/www.xn--tapiasmarian-jhb.com\/gl\/produto\/colleita-propia-blanco\/","og_locale":"gl_ES","og_type":"article","og_title":"Colleita Propia Blanco - Bodega Tapias Mari\u00f1\u00e1n","og_description":"ELABORACI\u00d3N: Maceraci\u00f3n en fr\u00edo de las pastas con nieve carb\u00f3nica y trabajo a bajas temperaturas sobre las l\u00edas en dulce. CARACTER\u00cdSTICAS ORGANOLEPTICAS: Vino blanco elaborado con las distintas variedades. Color amarillo p\u00e1lido con reflejos verdes, limpio, transparente y brillante. Nariz muy afrutada, manzana, pera, c\u00edtricos [&hellip;]","og_url":"https:\/\/www.xn--tapiasmarian-jhb.com\/gl\/produto\/colleita-propia-blanco\/","og_site_name":"Bodega Tapias Mari\u00f1\u00e1n","article_publisher":"https:\/\/www.facebook.com\/tapiasmarinan.bodega.1","article_modified_time":"2026-04-13T06:03:15+00:00","og_image":[{"width":1001,"height":1123,"url":"https:\/\/www.xn--tapiasmarian-jhb.com\/wp-content\/uploads\/2022\/08\/colleitapropiablanco.jpg","type":"image\/jpeg"}],"twitter_card":"summary_large_image","twitter_misc":{"Tempo de lectura":"1 minuto"},"schema":{"@context":"https:\/\/schema.org","@graph":[{"@type":"WebPage","@id":"https:\/\/www.xn--tapiasmarian-jhb.com\/producto\/colleita-propia-blanco\/","url":"https:\/\/www.xn--tapiasmarian-jhb.com\/producto\/colleita-propia-blanco\/","name":"Colleita Propia Blanco - Bodega Tapias Mari\u00f1\u00e1n","isPartOf":{"@id":"https:\/\/www.xn--tapiasmarian-jhb.com\/#website"},"primaryImageOfPage":{"@id":"https:\/\/www.xn--tapiasmarian-jhb.com\/producto\/colleita-propia-blanco\/#primaryimage"},"image":{"@id":"https:\/\/www.xn--tapiasmarian-jhb.com\/producto\/colleita-propia-blanco\/#primaryimage"},"thumbnailUrl":"https:\/\/i0.wp.com\/www.xn--tapiasmarian-jhb.com\/wp-content\/uploads\/2022\/08\/colleitapropiablanco.jpg?fit=1001%2C1123&ssl=1","datePublished":"2017-03-30T11:57:02+00:00","dateModified":"2026-04-13T06:03:15+00:00","breadcrumb":{"@id":"https:\/\/www.xn--tapiasmarian-jhb.com\/producto\/colleita-propia-blanco\/#breadcrumb"},"inLanguage":"gl-ES","potentialAction":[{"@type":"ReadAction","target":["https:\/\/www.xn--tapiasmarian-jhb.com\/producto\/colleita-propia-blanco\/"]}]},{"@type":"ImageObject","inLanguage":"gl-ES","@id":"https:\/\/www.xn--tapiasmarian-jhb.com\/producto\/colleita-propia-blanco\/#primaryimage","url":"https:\/\/i0.wp.com\/www.xn--tapiasmarian-jhb.com\/wp-content\/uploads\/2022\/08\/colleitapropiablanco.jpg?fit=1001%2C1123&ssl=1","contentUrl":"https:\/\/i0.wp.com\/www.xn--tapiasmarian-jhb.com\/wp-content\/uploads\/2022\/08\/colleitapropiablanco.jpg?fit=1001%2C1123&ssl=1","width":1001,"height":1123},{"@type":"BreadcrumbList","@id":"https:\/\/www.xn--tapiasmarian-jhb.com\/producto\/colleita-propia-blanco\/#breadcrumb","itemListElement":[{"@type":"ListItem","position":1,"name":"Portada","item":"https:\/\/www.xn--tapiasmarian-jhb.com\/"},{"@type":"ListItem","position":2,"name":"Tienda","item":"https:\/\/www.xn--tapiasmarian-jhb.com\/tienda-de-vinos-tintos-y-blancos-de-calidad\/"},{"@type":"ListItem","position":3,"name":"Colleita Propia Blanco"}]},{"@type":"WebSite","@id":"https:\/\/www.xn--tapiasmarian-jhb.com\/#website","url":"https:\/\/www.xn--tapiasmarian-jhb.com\/","name":"Bodega Tapias Mari\u00f1\u00e1n","description":"Bodega de la D.O. Monterrei","publisher":{"@id":"https:\/\/www.xn--tapiasmarian-jhb.com\/#organization"},"alternateName":"Tapias Mari\u00f1an","potentialAction":[{"@type":"SearchAction","target":{"@type":"EntryPoint","urlTemplate":"https:\/\/www.xn--tapiasmarian-jhb.com\/?s={search_term_string}"},"query-input":{"@type":"PropertyValueSpecification","valueRequired":true,"valueName":"search_term_string"}}],"inLanguage":"gl-ES"},{"@type":"Organization","@id":"https:\/\/www.xn--tapiasmarian-jhb.com\/#organization","name":"Bodega Tapias Mari\u00f1\u00e1n","alternateName":"Tapias Mari\u00f1an","url":"https:\/\/www.xn--tapiasmarian-jhb.com\/","logo":{"@type":"ImageObject","inLanguage":"gl-ES","@id":"https:\/\/www.xn--tapiasmarian-jhb.com\/#\/schema\/logo\/image\/","url":"https:\/\/i0.wp.com\/www.xn--tapiasmarian-jhb.com\/wp-content\/uploads\/2022\/08\/favicon.png?fit=512%2C346&ssl=1","contentUrl":"https:\/\/i0.wp.com\/www.xn--tapiasmarian-jhb.com\/wp-content\/uploads\/2022\/08\/favicon.png?fit=512%2C346&ssl=1","width":512,"height":346,"caption":"Bodega Tapias Mari\u00f1\u00e1n"},"image":{"@id":"https:\/\/www.xn--tapiasmarian-jhb.com\/#\/schema\/logo\/image\/"},"sameAs":["https:\/\/www.facebook.com\/tapiasmarinan.bodega.1","https:\/\/www.instagram.com\/bodegatapiasmarinan\/"]}]}},"jetpack_sharing_enabled":true,"_links":{"self":[{"href":"https:\/\/www.xn--tapiasmarian-jhb.com\/gl\/wp-json\/wp\/v2\/product\/8421","targetHints":{"allow":["GET"]}}],"collection":[{"href":"https:\/\/www.xn--tapiasmarian-jhb.com\/gl\/wp-json\/wp\/v2\/product"}],"about":[{"href":"https:\/\/www.xn--tapiasmarian-jhb.com\/gl\/wp-json\/wp\/v2\/types\/product"}],"replies":[{"embeddable":true,"href":"https:\/\/www.xn--tapiasmarian-jhb.com\/gl\/wp-json\/wp\/v2\/comments?post=8421"}],"wp:featuredmedia":[{"embeddable":true,"href":"https:\/\/www.xn--tapiasmarian-jhb.com\/gl\/wp-json\/wp\/v2\/media\/11206"}],"wp:attachment":[{"href":"https:\/\/www.xn--tapiasmarian-jhb.com\/gl\/wp-json\/wp\/v2\/media?parent=8421"}],"wp:term":[{"taxonomy":"product_brand","embeddable":true,"href":"https:\/\/www.xn--tapiasmarian-jhb.com\/gl\/wp-json\/wp\/v2\/product_brand?post=8421"},{"taxonomy":"product_cat","embeddable":true,"href":"https:\/\/www.xn--tapiasmarian-jhb.com\/gl\/wp-json\/wp\/v2\/product_cat?post=8421"},{"taxonomy":"product_tag","embeddable":true,"href":"https:\/\/www.xn--tapiasmarian-jhb.com\/gl\/wp-json\/wp\/v2\/product_tag?post=8421"},{"taxonomy":"giftcard-category","embeddable":true,"href":"https:\/\/www.xn--tapiasmarian-jhb.com\/gl\/wp-json\/wp\/v2\/giftcard-category?post=8421"}],"curies":[{"name":"wp","href":"https:\/\/api.w.org\/{rel}","templated":true}]}}