{"id":15972,"date":"2026-05-14T22:50:41","date_gmt":"2026-05-14T20:50:41","guid":{"rendered":"https:\/\/www.xn--tapiasmarian-jhb.com\/?post_type=product&#038;p=15972"},"modified":"2026-05-14T22:57:40","modified_gmt":"2026-05-14T20:57:40","slug":"pack-seleccion-descubre-monterrei","status":"publish","type":"product","link":"https:\/\/www.xn--tapiasmarian-jhb.com\/gl\/produto\/pack-seleccion-descubre-monterrei\/","title":{"rendered":"Pack Selecci\u00f3n Descubre Monterrei"},"content":{"rendered":"<blockquote>\n<div class=\"gmail_quote\">\n<blockquote class=\"gmail_quote\">\n<h3><b>6 botellas seleccionadas por solo 49,90\u20ac con env\u00edo gratis<\/b><\/h3>\n<p><s>58,29 \u20ac<\/s>\u00a0<strong>Ahorra 8,39 \u20ac (14%)<\/strong><\/p>\n<h3><strong>El pack incluye:<\/strong><\/h3>\n<p><img decoding=\"async\" class=\"an1 lazyload\" draggable=\"false\" src=\"data:image\/gif;base64,R0lGODlhAQABAIAAAAAAAP\/\/\/yH5BAEAAAAALAAAAAABAAEAAAIBRAA7\" data-src=\"https:\/\/fonts.gstatic.com\/s\/e\/notoemoji\/17.0\/1f377\/32.png\" alt=\"&#x1f377;\" data-emoji=\"&#x1f377;\" aria-label=\"&#x1f377;\" \/><noscript><img data-recalc-dims=\"1\" decoding=\"async\" class=\"an1 lazyload\" draggable=\"false\" src=\"https:\/\/i0.wp.com\/fonts.gstatic.com\/s\/e\/notoemoji\/17.0\/1f377\/32.png?w=1060&#038;ssl=1\" alt=\"&#x1f377;\" data-emoji=\"&#x1f377;\" aria-label=\"&#x1f377;\" \/><\/noscript>\u00a0Tapias Cuv\u00e9e<\/p>\n<p><img decoding=\"async\" class=\"an1 lazyload\" draggable=\"false\" src=\"data:image\/gif;base64,R0lGODlhAQABAIAAAAAAAP\/\/\/yH5BAEAAAAALAAAAAABAAEAAAIBRAA7\" data-src=\"https:\/\/fonts.gstatic.com\/s\/e\/notoemoji\/17.0\/1f377\/32.png\" alt=\"&#x1f377;\" data-emoji=\"&#x1f377;\" aria-label=\"&#x1f377;\" \/><noscript><img data-recalc-dims=\"1\" decoding=\"async\" class=\"an1 lazyload\" draggable=\"false\" src=\"https:\/\/i0.wp.com\/fonts.gstatic.com\/s\/e\/notoemoji\/17.0\/1f377\/32.png?w=1060&#038;ssl=1\" alt=\"&#x1f377;\" data-emoji=\"&#x1f377;\" aria-label=\"&#x1f377;\" \/><\/noscript>\u00a0Pazo Mari\u00f1\u00e1n Tinto<\/p>\n<p><img decoding=\"async\" class=\"an1 lazyload\" draggable=\"false\" src=\"data:image\/gif;base64,R0lGODlhAQABAIAAAAAAAP\/\/\/yH5BAEAAAAALAAAAAABAAEAAAIBRAA7\" data-src=\"https:\/\/fonts.gstatic.com\/s\/e\/notoemoji\/17.0\/1f377\/32.png\" alt=\"&#x1f377;\" data-emoji=\"&#x1f377;\" aria-label=\"&#x1f377;\" \/><noscript><img data-recalc-dims=\"1\" decoding=\"async\" class=\"an1 lazyload\" draggable=\"false\" src=\"https:\/\/i0.wp.com\/fonts.gstatic.com\/s\/e\/notoemoji\/17.0\/1f377\/32.png?w=1060&#038;ssl=1\" alt=\"&#x1f377;\" data-emoji=\"&#x1f377;\" aria-label=\"&#x1f377;\" \/><\/noscript>\u00a0Colleita Propia Tinto<\/p>\n<p><img decoding=\"async\" class=\"an1 lazyload\" draggable=\"false\" src=\"data:image\/gif;base64,R0lGODlhAQABAIAAAAAAAP\/\/\/yH5BAEAAAAALAAAAAABAAEAAAIBRAA7\" data-src=\"https:\/\/fonts.gstatic.com\/s\/e\/notoemoji\/17.0\/1f377\/32.png\" alt=\"&#x1f377;\" data-emoji=\"&#x1f377;\" aria-label=\"&#x1f377;\" \/><noscript><img data-recalc-dims=\"1\" decoding=\"async\" class=\"an1 lazyload\" draggable=\"false\" src=\"https:\/\/i0.wp.com\/fonts.gstatic.com\/s\/e\/notoemoji\/17.0\/1f377\/32.png?w=1060&#038;ssl=1\" alt=\"&#x1f377;\" data-emoji=\"&#x1f377;\" aria-label=\"&#x1f377;\" \/><\/noscript>\u00a0Colleita Propia Rosado<\/p>\n<p><img decoding=\"async\" class=\"an1 lazyload\" draggable=\"false\" src=\"data:image\/gif;base64,R0lGODlhAQABAIAAAAAAAP\/\/\/yH5BAEAAAAALAAAAAABAAEAAAIBRAA7\" data-src=\"https:\/\/fonts.gstatic.com\/s\/e\/notoemoji\/17.0\/1f377\/32.png\" alt=\"&#x1f377;\" data-emoji=\"&#x1f377;\" aria-label=\"&#x1f377;\" \/><noscript><img data-recalc-dims=\"1\" decoding=\"async\" class=\"an1 lazyload\" draggable=\"false\" src=\"https:\/\/i0.wp.com\/fonts.gstatic.com\/s\/e\/notoemoji\/17.0\/1f377\/32.png?w=1060&#038;ssl=1\" alt=\"&#x1f377;\" data-emoji=\"&#x1f377;\" aria-label=\"&#x1f377;\" \/><\/noscript>\u00a0Tapias Treixadura<\/p>\n<p><img decoding=\"async\" class=\"an1 lazyload\" draggable=\"false\" src=\"data:image\/gif;base64,R0lGODlhAQABAIAAAAAAAP\/\/\/yH5BAEAAAAALAAAAAABAAEAAAIBRAA7\" data-src=\"https:\/\/fonts.gstatic.com\/s\/e\/notoemoji\/17.0\/1f377\/32.png\" alt=\"&#x1f377;\" data-emoji=\"&#x1f377;\" aria-label=\"&#x1f377;\" \/><noscript><img data-recalc-dims=\"1\" decoding=\"async\" class=\"an1 lazyload\" draggable=\"false\" src=\"https:\/\/i0.wp.com\/fonts.gstatic.com\/s\/e\/notoemoji\/17.0\/1f377\/32.png?w=1060&#038;ssl=1\" alt=\"&#x1f377;\" data-emoji=\"&#x1f377;\" aria-label=\"&#x1f377;\" \/><\/noscript>\u00a0Pazo Mari\u00f1\u00e1n Blanco<\/p>\n<hr \/>\n<h3>\u00bfPor qu\u00e9 este pack?<\/h3>\n<p>\u2713 Selecci\u00f3n especial de nuestra bodega<\/p>\n<p>\u2713 Variedad de estilos y variedades<\/p>\n<p>\u2713 Ideal para regalar o compartir<\/p>\n<p>\u2713 Tradici\u00f3n familiar desde 1968<\/p>\n<div><\/div>\n<\/blockquote>\n<\/div>\n<\/blockquote>","protected":false},"excerpt":{"rendered":"<p>6 botellas seleccionadas por solo 49,90\u20ac con env\u00edo gratis 58,29 \u20ac\u00a0Ahorra 8,39 \u20ac (14%) El pack incluye: \u00a0Tapias Cuv\u00e9e \u00a0Pazo Mari\u00f1\u00e1n Tinto \u00a0Colleita Propia Tinto \u00a0Colleita Propia Rosado \u00a0Tapias Treixadura \u00a0Pazo Mari\u00f1\u00e1n Blanco \u00bfPor qu\u00e9 este pack? \u2713 Selecci\u00f3n especial de nuestra bodega \u2713 Variedad [&hellip;]<\/p>\n","protected":false},"featured_media":15973,"comment_status":"open","ping_status":"closed","template":"","meta":[],"product_brand":[],"product_cat":[136],"product_tag":[],"giftcard-category":[],"class_list":{"0":"post-15972","1":"product","2":"type-product","3":"status-publish","4":"has-post-thumbnail","6":"product_cat-campanas","7":"product_shipping_class-envio-gratuito","9":"first","10":"instock","11":"taxable","12":"shipping-taxable","13":"purchasable","14":"product-type-simple"},"yoast_head":"<!-- This site is optimized with the Yoast SEO plugin v27.4 - https:\/\/yoast.com\/product\/yoast-seo-wordpress\/ -->\n<title>Pack Selecci\u00f3n Descubre Monterrei - Bodega Tapias Mari\u00f1\u00e1n<\/title>\n<meta name=\"robots\" content=\"index, follow, max-snippet:-1, max-image-preview:large, max-video-preview:-1\" \/>\n<link rel=\"canonical\" href=\"https:\/\/www.xn--tapiasmarian-jhb.com\/gl\/produto\/pack-seleccion-descubre-monterrei\/\" \/>\n<meta property=\"og:locale\" content=\"gl_ES\" \/>\n<meta property=\"og:type\" content=\"article\" \/>\n<meta property=\"og:title\" content=\"Pack Selecci\u00f3n Descubre Monterrei - Bodega Tapias Mari\u00f1\u00e1n\" \/>\n<meta property=\"og:description\" content=\"6 botellas seleccionadas por solo 49,90\u20ac con env\u00edo gratis 58,29 \u20ac\u00a0Ahorra 8,39 \u20ac (14%) El pack incluye: \u00a0Tapias Cuv\u00e9e \u00a0Pazo Mari\u00f1\u00e1n Tinto \u00a0Colleita Propia Tinto \u00a0Colleita Propia Rosado \u00a0Tapias Treixadura \u00a0Pazo Mari\u00f1\u00e1n Blanco \u00bfPor qu\u00e9 este pack? \u2713 Selecci\u00f3n especial de nuestra bodega \u2713 Variedad [&hellip;]\" \/>\n<meta property=\"og:url\" content=\"https:\/\/www.xn--tapiasmarian-jhb.com\/gl\/produto\/pack-seleccion-descubre-monterrei\/\" \/>\n<meta property=\"og:site_name\" content=\"Bodega Tapias Mari\u00f1\u00e1n\" \/>\n<meta property=\"article:publisher\" content=\"https:\/\/www.facebook.com\/tapiasmarinan.bodega.1\" \/>\n<meta property=\"article:modified_time\" content=\"2026-05-14T20:57:40+00:00\" \/>\n<meta property=\"og:image\" content=\"https:\/\/www.xn--tapiasmarian-jhb.com\/wp-content\/uploads\/2026\/05\/newsletter-14052026.webp\" \/>\n\t<meta property=\"og:image:width\" content=\"1536\" \/>\n\t<meta property=\"og:image:height\" content=\"1024\" \/>\n\t<meta property=\"og:image:type\" content=\"image\/webp\" \/>\n<meta name=\"twitter:card\" content=\"summary_large_image\" \/>\n<meta name=\"twitter:label1\" content=\"Tempo de lectura\" \/>\n\t<meta name=\"twitter:data1\" content=\"1 minuto\" \/>\n<script type=\"application\/ld+json\" class=\"yoast-schema-graph\">{\"@context\":\"https:\\\/\\\/schema.org\",\"@graph\":[{\"@type\":\"WebPage\",\"@id\":\"https:\\\/\\\/www.xn--tapiasmarian-jhb.com\\\/producto\\\/pack-seleccion-descubre-monterrei\\\/\",\"url\":\"https:\\\/\\\/www.xn--tapiasmarian-jhb.com\\\/producto\\\/pack-seleccion-descubre-monterrei\\\/\",\"name\":\"Pack Selecci\u00f3n Descubre Monterrei - Bodega Tapias Mari\u00f1\u00e1n\",\"isPartOf\":{\"@id\":\"https:\\\/\\\/www.xn--tapiasmarian-jhb.com\\\/#website\"},\"primaryImageOfPage\":{\"@id\":\"https:\\\/\\\/www.xn--tapiasmarian-jhb.com\\\/producto\\\/pack-seleccion-descubre-monterrei\\\/#primaryimage\"},\"image\":{\"@id\":\"https:\\\/\\\/www.xn--tapiasmarian-jhb.com\\\/producto\\\/pack-seleccion-descubre-monterrei\\\/#primaryimage\"},\"thumbnailUrl\":\"https:\\\/\\\/i0.wp.com\\\/www.xn--tapiasmarian-jhb.com\\\/wp-content\\\/uploads\\\/2026\\\/05\\\/newsletter-14052026.webp?fit=1536%2C1024&ssl=1\",\"datePublished\":\"2026-05-14T20:50:41+00:00\",\"dateModified\":\"2026-05-14T20:57:40+00:00\",\"breadcrumb\":{\"@id\":\"https:\\\/\\\/www.xn--tapiasmarian-jhb.com\\\/producto\\\/pack-seleccion-descubre-monterrei\\\/#breadcrumb\"},\"inLanguage\":\"gl-ES\",\"potentialAction\":[{\"@type\":\"ReadAction\",\"target\":[\"https:\\\/\\\/www.xn--tapiasmarian-jhb.com\\\/producto\\\/pack-seleccion-descubre-monterrei\\\/\"]}]},{\"@type\":\"ImageObject\",\"inLanguage\":\"gl-ES\",\"@id\":\"https:\\\/\\\/www.xn--tapiasmarian-jhb.com\\\/producto\\\/pack-seleccion-descubre-monterrei\\\/#primaryimage\",\"url\":\"https:\\\/\\\/i0.wp.com\\\/www.xn--tapiasmarian-jhb.com\\\/wp-content\\\/uploads\\\/2026\\\/05\\\/newsletter-14052026.webp?fit=1536%2C1024&ssl=1\",\"contentUrl\":\"https:\\\/\\\/i0.wp.com\\\/www.xn--tapiasmarian-jhb.com\\\/wp-content\\\/uploads\\\/2026\\\/05\\\/newsletter-14052026.webp?fit=1536%2C1024&ssl=1\",\"width\":1536,\"height\":1024},{\"@type\":\"BreadcrumbList\",\"@id\":\"https:\\\/\\\/www.xn--tapiasmarian-jhb.com\\\/producto\\\/pack-seleccion-descubre-monterrei\\\/#breadcrumb\",\"itemListElement\":[{\"@type\":\"ListItem\",\"position\":1,\"name\":\"Portada\",\"item\":\"https:\\\/\\\/www.xn--tapiasmarian-jhb.com\\\/\"},{\"@type\":\"ListItem\",\"position\":2,\"name\":\"Tienda\",\"item\":\"https:\\\/\\\/www.xn--tapiasmarian-jhb.com\\\/tienda-de-vinos-tintos-y-blancos-de-calidad\\\/\"},{\"@type\":\"ListItem\",\"position\":3,\"name\":\"Pack Selecci\u00f3n Descubre Monterrei\"}]},{\"@type\":\"WebSite\",\"@id\":\"https:\\\/\\\/www.xn--tapiasmarian-jhb.com\\\/#website\",\"url\":\"https:\\\/\\\/www.xn--tapiasmarian-jhb.com\\\/\",\"name\":\"Bodega Tapias Mari\u00f1\u00e1n\",\"description\":\"Bodega de la D.O. Monterrei\",\"publisher\":{\"@id\":\"https:\\\/\\\/www.xn--tapiasmarian-jhb.com\\\/#organization\"},\"alternateName\":\"Tapias Mari\u00f1an\",\"potentialAction\":[{\"@type\":\"SearchAction\",\"target\":{\"@type\":\"EntryPoint\",\"urlTemplate\":\"https:\\\/\\\/www.xn--tapiasmarian-jhb.com\\\/?s={search_term_string}\"},\"query-input\":{\"@type\":\"PropertyValueSpecification\",\"valueRequired\":true,\"valueName\":\"search_term_string\"}}],\"inLanguage\":\"gl-ES\"},{\"@type\":\"Organization\",\"@id\":\"https:\\\/\\\/www.xn--tapiasmarian-jhb.com\\\/#organization\",\"name\":\"Bodega Tapias Mari\u00f1\u00e1n\",\"alternateName\":\"Tapias Mari\u00f1an\",\"url\":\"https:\\\/\\\/www.xn--tapiasmarian-jhb.com\\\/\",\"logo\":{\"@type\":\"ImageObject\",\"inLanguage\":\"gl-ES\",\"@id\":\"https:\\\/\\\/www.xn--tapiasmarian-jhb.com\\\/#\\\/schema\\\/logo\\\/image\\\/\",\"url\":\"https:\\\/\\\/i0.wp.com\\\/www.xn--tapiasmarian-jhb.com\\\/wp-content\\\/uploads\\\/2022\\\/08\\\/favicon.png?fit=512%2C346&ssl=1\",\"contentUrl\":\"https:\\\/\\\/i0.wp.com\\\/www.xn--tapiasmarian-jhb.com\\\/wp-content\\\/uploads\\\/2022\\\/08\\\/favicon.png?fit=512%2C346&ssl=1\",\"width\":512,\"height\":346,\"caption\":\"Bodega Tapias Mari\u00f1\u00e1n\"},\"image\":{\"@id\":\"https:\\\/\\\/www.xn--tapiasmarian-jhb.com\\\/#\\\/schema\\\/logo\\\/image\\\/\"},\"sameAs\":[\"https:\\\/\\\/www.facebook.com\\\/tapiasmarinan.bodega.1\",\"https:\\\/\\\/www.instagram.com\\\/bodegatapiasmarinan\\\/\"]}]}<\/script>\n<!-- \/ Yoast SEO plugin. -->","yoast_head_json":{"title":"Pack Selecci\u00f3n Descubre Monterrei - Bodega Tapias Mari\u00f1\u00e1n","robots":{"index":"index","follow":"follow","max-snippet":"max-snippet:-1","max-image-preview":"max-image-preview:large","max-video-preview":"max-video-preview:-1"},"canonical":"https:\/\/www.xn--tapiasmarian-jhb.com\/gl\/produto\/pack-seleccion-descubre-monterrei\/","og_locale":"gl_ES","og_type":"article","og_title":"Pack Selecci\u00f3n Descubre Monterrei - Bodega Tapias Mari\u00f1\u00e1n","og_description":"6 botellas seleccionadas por solo 49,90\u20ac con env\u00edo gratis 58,29 \u20ac\u00a0Ahorra 8,39 \u20ac (14%) El pack incluye: \u00a0Tapias Cuv\u00e9e \u00a0Pazo Mari\u00f1\u00e1n Tinto \u00a0Colleita Propia Tinto \u00a0Colleita Propia Rosado \u00a0Tapias Treixadura \u00a0Pazo Mari\u00f1\u00e1n Blanco \u00bfPor qu\u00e9 este pack? \u2713 Selecci\u00f3n especial de nuestra bodega \u2713 Variedad [&hellip;]","og_url":"https:\/\/www.xn--tapiasmarian-jhb.com\/gl\/produto\/pack-seleccion-descubre-monterrei\/","og_site_name":"Bodega Tapias Mari\u00f1\u00e1n","article_publisher":"https:\/\/www.facebook.com\/tapiasmarinan.bodega.1","article_modified_time":"2026-05-14T20:57:40+00:00","og_image":[{"width":1536,"height":1024,"url":"https:\/\/www.xn--tapiasmarian-jhb.com\/wp-content\/uploads\/2026\/05\/newsletter-14052026.webp","type":"image\/webp"}],"twitter_card":"summary_large_image","twitter_misc":{"Tempo de lectura":"1 minuto"},"schema":{"@context":"https:\/\/schema.org","@graph":[{"@type":"WebPage","@id":"https:\/\/www.xn--tapiasmarian-jhb.com\/producto\/pack-seleccion-descubre-monterrei\/","url":"https:\/\/www.xn--tapiasmarian-jhb.com\/producto\/pack-seleccion-descubre-monterrei\/","name":"Pack Selecci\u00f3n Descubre Monterrei - Bodega Tapias Mari\u00f1\u00e1n","isPartOf":{"@id":"https:\/\/www.xn--tapiasmarian-jhb.com\/#website"},"primaryImageOfPage":{"@id":"https:\/\/www.xn--tapiasmarian-jhb.com\/producto\/pack-seleccion-descubre-monterrei\/#primaryimage"},"image":{"@id":"https:\/\/www.xn--tapiasmarian-jhb.com\/producto\/pack-seleccion-descubre-monterrei\/#primaryimage"},"thumbnailUrl":"https:\/\/i0.wp.com\/www.xn--tapiasmarian-jhb.com\/wp-content\/uploads\/2026\/05\/newsletter-14052026.webp?fit=1536%2C1024&ssl=1","datePublished":"2026-05-14T20:50:41+00:00","dateModified":"2026-05-14T20:57:40+00:00","breadcrumb":{"@id":"https:\/\/www.xn--tapiasmarian-jhb.com\/producto\/pack-seleccion-descubre-monterrei\/#breadcrumb"},"inLanguage":"gl-ES","potentialAction":[{"@type":"ReadAction","target":["https:\/\/www.xn--tapiasmarian-jhb.com\/producto\/pack-seleccion-descubre-monterrei\/"]}]},{"@type":"ImageObject","inLanguage":"gl-ES","@id":"https:\/\/www.xn--tapiasmarian-jhb.com\/producto\/pack-seleccion-descubre-monterrei\/#primaryimage","url":"https:\/\/i0.wp.com\/www.xn--tapiasmarian-jhb.com\/wp-content\/uploads\/2026\/05\/newsletter-14052026.webp?fit=1536%2C1024&ssl=1","contentUrl":"https:\/\/i0.wp.com\/www.xn--tapiasmarian-jhb.com\/wp-content\/uploads\/2026\/05\/newsletter-14052026.webp?fit=1536%2C1024&ssl=1","width":1536,"height":1024},{"@type":"BreadcrumbList","@id":"https:\/\/www.xn--tapiasmarian-jhb.com\/producto\/pack-seleccion-descubre-monterrei\/#breadcrumb","itemListElement":[{"@type":"ListItem","position":1,"name":"Portada","item":"https:\/\/www.xn--tapiasmarian-jhb.com\/"},{"@type":"ListItem","position":2,"name":"Tienda","item":"https:\/\/www.xn--tapiasmarian-jhb.com\/tienda-de-vinos-tintos-y-blancos-de-calidad\/"},{"@type":"ListItem","position":3,"name":"Pack Selecci\u00f3n Descubre Monterrei"}]},{"@type":"WebSite","@id":"https:\/\/www.xn--tapiasmarian-jhb.com\/#website","url":"https:\/\/www.xn--tapiasmarian-jhb.com\/","name":"Bodega Tapias Mari\u00f1\u00e1n","description":"Bodega de la D.O. Monterrei","publisher":{"@id":"https:\/\/www.xn--tapiasmarian-jhb.com\/#organization"},"alternateName":"Tapias Mari\u00f1an","potentialAction":[{"@type":"SearchAction","target":{"@type":"EntryPoint","urlTemplate":"https:\/\/www.xn--tapiasmarian-jhb.com\/?s={search_term_string}"},"query-input":{"@type":"PropertyValueSpecification","valueRequired":true,"valueName":"search_term_string"}}],"inLanguage":"gl-ES"},{"@type":"Organization","@id":"https:\/\/www.xn--tapiasmarian-jhb.com\/#organization","name":"Bodega Tapias Mari\u00f1\u00e1n","alternateName":"Tapias Mari\u00f1an","url":"https:\/\/www.xn--tapiasmarian-jhb.com\/","logo":{"@type":"ImageObject","inLanguage":"gl-ES","@id":"https:\/\/www.xn--tapiasmarian-jhb.com\/#\/schema\/logo\/image\/","url":"https:\/\/i0.wp.com\/www.xn--tapiasmarian-jhb.com\/wp-content\/uploads\/2022\/08\/favicon.png?fit=512%2C346&ssl=1","contentUrl":"https:\/\/i0.wp.com\/www.xn--tapiasmarian-jhb.com\/wp-content\/uploads\/2022\/08\/favicon.png?fit=512%2C346&ssl=1","width":512,"height":346,"caption":"Bodega Tapias Mari\u00f1\u00e1n"},"image":{"@id":"https:\/\/www.xn--tapiasmarian-jhb.com\/#\/schema\/logo\/image\/"},"sameAs":["https:\/\/www.facebook.com\/tapiasmarinan.bodega.1","https:\/\/www.instagram.com\/bodegatapiasmarinan\/"]}]}},"jetpack_sharing_enabled":true,"_links":{"self":[{"href":"https:\/\/www.xn--tapiasmarian-jhb.com\/gl\/wp-json\/wp\/v2\/product\/15972","targetHints":{"allow":["GET"]}}],"collection":[{"href":"https:\/\/www.xn--tapiasmarian-jhb.com\/gl\/wp-json\/wp\/v2\/product"}],"about":[{"href":"https:\/\/www.xn--tapiasmarian-jhb.com\/gl\/wp-json\/wp\/v2\/types\/product"}],"replies":[{"embeddable":true,"href":"https:\/\/www.xn--tapiasmarian-jhb.com\/gl\/wp-json\/wp\/v2\/comments?post=15972"}],"wp:featuredmedia":[{"embeddable":true,"href":"https:\/\/www.xn--tapiasmarian-jhb.com\/gl\/wp-json\/wp\/v2\/media\/15973"}],"wp:attachment":[{"href":"https:\/\/www.xn--tapiasmarian-jhb.com\/gl\/wp-json\/wp\/v2\/media?parent=15972"}],"wp:term":[{"taxonomy":"product_brand","embeddable":true,"href":"https:\/\/www.xn--tapiasmarian-jhb.com\/gl\/wp-json\/wp\/v2\/product_brand?post=15972"},{"taxonomy":"product_cat","embeddable":true,"href":"https:\/\/www.xn--tapiasmarian-jhb.com\/gl\/wp-json\/wp\/v2\/product_cat?post=15972"},{"taxonomy":"product_tag","embeddable":true,"href":"https:\/\/www.xn--tapiasmarian-jhb.com\/gl\/wp-json\/wp\/v2\/product_tag?post=15972"},{"taxonomy":"giftcard-category","embeddable":true,"href":"https:\/\/www.xn--tapiasmarian-jhb.com\/gl\/wp-json\/wp\/v2\/giftcard-category?post=15972"}],"curies":[{"name":"wp","href":"https:\/\/api.w.org\/{rel}","templated":true}]}}