{"id":15963,"date":"2026-04-27T10:47:21","date_gmt":"2026-04-27T08:47:21","guid":{"rendered":"https:\/\/www.xn--tapiasmarian-jhb.com\/?post_type=product&#038;p=15963"},"modified":"2026-04-27T12:53:32","modified_gmt":"2026-04-27T10:53:32","slug":"caja-degustacion-premium","status":"publish","type":"product","link":"https:\/\/www.xn--tapiasmarian-jhb.com\/gl\/produto\/caja-degustacion-premium\/","title":{"rendered":"Caja Degustaci\u00f3n Premium"},"content":{"rendered":"<blockquote>\n<div class=\"gmail_quote\">\n<blockquote class=\"gmail_quote\">\n<div>\n<p><b>6 botellas seleccionadas por solo 48\u20ac\u00a0con env\u00edo gratis<\/b><\/p>\n<p>Incluye:<\/p>\n<p><img decoding=\"async\" class=\"an1 lazyload\" draggable=\"false\" src=\"data:image\/gif;base64,R0lGODlhAQABAIAAAAAAAP\/\/\/yH5BAEAAAAALAAAAAABAAEAAAIBRAA7\" data-src=\"https:\/\/fonts.gstatic.com\/s\/e\/notoemoji\/17.0\/1f377\/32.png\" alt=\"&#x1f377;\" data-emoji=\"&#x1f377;\" aria-label=\"&#x1f377;\" \/><noscript><img data-recalc-dims=\"1\" decoding=\"async\" class=\"an1 lazyload\" draggable=\"false\" src=\"https:\/\/i0.wp.com\/fonts.gstatic.com\/s\/e\/notoemoji\/17.0\/1f377\/32.png?w=1060&#038;ssl=1\" alt=\"&#x1f377;\" data-emoji=\"&#x1f377;\" aria-label=\"&#x1f377;\" \/><\/noscript>\u00a01 Tapias 10<br \/>\n<img decoding=\"async\" class=\"an1 lazyload\" draggable=\"false\" src=\"data:image\/gif;base64,R0lGODlhAQABAIAAAAAAAP\/\/\/yH5BAEAAAAALAAAAAABAAEAAAIBRAA7\" data-src=\"https:\/\/fonts.gstatic.com\/s\/e\/notoemoji\/17.0\/1f377\/32.png\" alt=\"&#x1f377;\" data-emoji=\"&#x1f377;\" aria-label=\"&#x1f377;\" \/><noscript><img data-recalc-dims=\"1\" decoding=\"async\" class=\"an1 lazyload\" draggable=\"false\" src=\"https:\/\/i0.wp.com\/fonts.gstatic.com\/s\/e\/notoemoji\/17.0\/1f377\/32.png?w=1060&#038;ssl=1\" alt=\"&#x1f377;\" data-emoji=\"&#x1f377;\" aria-label=\"&#x1f377;\" \/><\/noscript>\u00a01 Pazo de Mari\u00f1\u00e1n Tinto<br \/>\n<img decoding=\"async\" class=\"an1 lazyload\" draggable=\"false\" src=\"data:image\/gif;base64,R0lGODlhAQABAIAAAAAAAP\/\/\/yH5BAEAAAAALAAAAAABAAEAAAIBRAA7\" data-src=\"https:\/\/fonts.gstatic.com\/s\/e\/notoemoji\/17.0\/1f942\/32.png\" alt=\"&#x1f942;\" data-emoji=\"&#x1f942;\" aria-label=\"&#x1f942;\" \/><noscript><img data-recalc-dims=\"1\" decoding=\"async\" class=\"an1 lazyload\" draggable=\"false\" src=\"https:\/\/i0.wp.com\/fonts.gstatic.com\/s\/e\/notoemoji\/17.0\/1f942\/32.png?w=1060&#038;ssl=1\" alt=\"&#x1f942;\" data-emoji=\"&#x1f942;\" aria-label=\"&#x1f942;\" \/><\/noscript>\u00a01 Quinta das Tapias Treixadura<br \/>\n<img decoding=\"async\" class=\"an1 lazyload\" draggable=\"false\" src=\"data:image\/gif;base64,R0lGODlhAQABAIAAAAAAAP\/\/\/yH5BAEAAAAALAAAAAABAAEAAAIBRAA7\" data-src=\"https:\/\/fonts.gstatic.com\/s\/e\/notoemoji\/17.0\/1f942\/32.png\" alt=\"&#x1f942;\" data-emoji=\"&#x1f942;\" aria-label=\"&#x1f942;\" \/><noscript><img data-recalc-dims=\"1\" decoding=\"async\" class=\"an1 lazyload\" draggable=\"false\" src=\"https:\/\/i0.wp.com\/fonts.gstatic.com\/s\/e\/notoemoji\/17.0\/1f942\/32.png?w=1060&#038;ssl=1\" alt=\"&#x1f942;\" data-emoji=\"&#x1f942;\" aria-label=\"&#x1f942;\" \/><\/noscript>\u00a01 Colleita Propia Blanco<br \/>\n<img decoding=\"async\" class=\"an1 lazyload\" draggable=\"false\" src=\"data:image\/gif;base64,R0lGODlhAQABAIAAAAAAAP\/\/\/yH5BAEAAAAALAAAAAABAAEAAAIBRAA7\" data-src=\"https:\/\/fonts.gstatic.com\/s\/e\/notoemoji\/17.0\/1f338\/32.png\" alt=\"&#x1f338;\" data-emoji=\"&#x1f338;\" aria-label=\"&#x1f338;\" \/><noscript><img data-recalc-dims=\"1\" decoding=\"async\" class=\"an1 lazyload\" draggable=\"false\" src=\"https:\/\/i0.wp.com\/fonts.gstatic.com\/s\/e\/notoemoji\/17.0\/1f338\/32.png?w=1060&#038;ssl=1\" alt=\"&#x1f338;\" data-emoji=\"&#x1f338;\" aria-label=\"&#x1f338;\" \/><\/noscript>\u00a01 Quinta das Tapias Rosado Premium<br \/>\n<img decoding=\"async\" class=\"an1 lazyload\" draggable=\"false\" src=\"data:image\/gif;base64,R0lGODlhAQABAIAAAAAAAP\/\/\/yH5BAEAAAAALAAAAAABAAEAAAIBRAA7\" data-src=\"https:\/\/fonts.gstatic.com\/s\/e\/notoemoji\/17.0\/2728\/32.png\" alt=\"&#x2728;\" data-emoji=\"&#x2728;\" aria-label=\"&#x2728;\" \/><noscript><img data-recalc-dims=\"1\" decoding=\"async\" class=\"an1 lazyload\" draggable=\"false\" src=\"https:\/\/i0.wp.com\/fonts.gstatic.com\/s\/e\/notoemoji\/17.0\/2728\/32.png?w=1060&#038;ssl=1\" alt=\"&#x2728;\" data-emoji=\"&#x2728;\" aria-label=\"&#x2728;\" \/><\/noscript>\u00a01 Quinta das Tapias Cuv\u00e9e Premium<\/p>\n<\/div>\n<\/blockquote>\n<\/div>\n<\/blockquote>","protected":false},"excerpt":{"rendered":"<p>6 botellas seleccionadas por solo 48\u20ac\u00a0con env\u00edo gratis Incluye: \u00a01 Tapias 10 \u00a01 Pazo de Mari\u00f1\u00e1n Tinto \u00a01 Quinta das Tapias Treixadura \u00a01 Colleita Propia Blanco \u00a01 Quinta das Tapias Rosado Premium \u00a01 Quinta das Tapias Cuv\u00e9e Premium<\/p>","protected":false},"featured_media":15962,"comment_status":"open","ping_status":"closed","template":"","meta":[],"product_brand":[],"product_cat":[136],"product_tag":[],"giftcard-category":[],"class_list":{"0":"post-15963","1":"product","2":"type-product","3":"status-publish","4":"has-post-thumbnail","6":"product_cat-campanas","7":"product_shipping_class-envio-gratuito","9":"first","10":"instock","11":"taxable","12":"shipping-taxable","13":"purchasable","14":"product-type-simple"},"yoast_head":"<!-- This site is optimized with the Yoast SEO plugin v27.4 - https:\/\/yoast.com\/product\/yoast-seo-wordpress\/ -->\n<title>Caja Degustaci\u00f3n Premium - Bodega Tapias Mari\u00f1\u00e1n<\/title>\n<meta name=\"robots\" content=\"index, follow, max-snippet:-1, max-image-preview:large, max-video-preview:-1\" \/>\n<link rel=\"canonical\" href=\"https:\/\/www.xn--tapiasmarian-jhb.com\/gl\/produto\/caja-degustacion-premium\/\" \/>\n<meta property=\"og:locale\" content=\"gl_ES\" \/>\n<meta property=\"og:type\" content=\"article\" \/>\n<meta property=\"og:title\" content=\"Caja Degustaci\u00f3n Premium - Bodega Tapias Mari\u00f1\u00e1n\" \/>\n<meta property=\"og:description\" content=\"6 botellas seleccionadas por solo 48\u20ac\u00a0con env\u00edo gratis Incluye: \u00a01 Tapias 10 \u00a01 Pazo de Mari\u00f1\u00e1n Tinto \u00a01 Quinta das Tapias Treixadura \u00a01 Colleita Propia Blanco \u00a01 Quinta das Tapias Rosado Premium \u00a01 Quinta das Tapias Cuv\u00e9e Premium\" \/>\n<meta property=\"og:url\" content=\"https:\/\/www.xn--tapiasmarian-jhb.com\/gl\/produto\/caja-degustacion-premium\/\" \/>\n<meta property=\"og:site_name\" content=\"Bodega Tapias Mari\u00f1\u00e1n\" \/>\n<meta property=\"article:publisher\" content=\"https:\/\/www.facebook.com\/tapiasmarinan.bodega.1\" \/>\n<meta property=\"article:modified_time\" content=\"2026-04-27T10:53:32+00:00\" \/>\n<meta property=\"og:image\" content=\"https:\/\/www.xn--tapiasmarian-jhb.com\/wp-content\/uploads\/2026\/04\/27042026.webp\" \/>\n\t<meta property=\"og:image:width\" content=\"1536\" \/>\n\t<meta property=\"og:image:height\" content=\"1024\" \/>\n\t<meta property=\"og:image:type\" content=\"image\/webp\" \/>\n<meta name=\"twitter:card\" content=\"summary_large_image\" \/>\n<meta name=\"twitter:label1\" content=\"Tempo de lectura\" \/>\n\t<meta name=\"twitter:data1\" content=\"1 minuto\" \/>\n<script type=\"application\/ld+json\" class=\"yoast-schema-graph\">{\"@context\":\"https:\\\/\\\/schema.org\",\"@graph\":[{\"@type\":\"WebPage\",\"@id\":\"https:\\\/\\\/www.xn--tapiasmarian-jhb.com\\\/producto\\\/caja-degustacion-premium\\\/\",\"url\":\"https:\\\/\\\/www.xn--tapiasmarian-jhb.com\\\/producto\\\/caja-degustacion-premium\\\/\",\"name\":\"Caja Degustaci\u00f3n Premium - Bodega Tapias Mari\u00f1\u00e1n\",\"isPartOf\":{\"@id\":\"https:\\\/\\\/www.xn--tapiasmarian-jhb.com\\\/#website\"},\"primaryImageOfPage\":{\"@id\":\"https:\\\/\\\/www.xn--tapiasmarian-jhb.com\\\/producto\\\/caja-degustacion-premium\\\/#primaryimage\"},\"image\":{\"@id\":\"https:\\\/\\\/www.xn--tapiasmarian-jhb.com\\\/producto\\\/caja-degustacion-premium\\\/#primaryimage\"},\"thumbnailUrl\":\"https:\\\/\\\/i0.wp.com\\\/www.xn--tapiasmarian-jhb.com\\\/wp-content\\\/uploads\\\/2026\\\/04\\\/27042026.webp?fit=1536%2C1024&ssl=1\",\"datePublished\":\"2026-04-27T08:47:21+00:00\",\"dateModified\":\"2026-04-27T10:53:32+00:00\",\"breadcrumb\":{\"@id\":\"https:\\\/\\\/www.xn--tapiasmarian-jhb.com\\\/producto\\\/caja-degustacion-premium\\\/#breadcrumb\"},\"inLanguage\":\"gl-ES\",\"potentialAction\":[{\"@type\":\"ReadAction\",\"target\":[\"https:\\\/\\\/www.xn--tapiasmarian-jhb.com\\\/producto\\\/caja-degustacion-premium\\\/\"]}]},{\"@type\":\"ImageObject\",\"inLanguage\":\"gl-ES\",\"@id\":\"https:\\\/\\\/www.xn--tapiasmarian-jhb.com\\\/producto\\\/caja-degustacion-premium\\\/#primaryimage\",\"url\":\"https:\\\/\\\/i0.wp.com\\\/www.xn--tapiasmarian-jhb.com\\\/wp-content\\\/uploads\\\/2026\\\/04\\\/27042026.webp?fit=1536%2C1024&ssl=1\",\"contentUrl\":\"https:\\\/\\\/i0.wp.com\\\/www.xn--tapiasmarian-jhb.com\\\/wp-content\\\/uploads\\\/2026\\\/04\\\/27042026.webp?fit=1536%2C1024&ssl=1\",\"width\":1536,\"height\":1024},{\"@type\":\"BreadcrumbList\",\"@id\":\"https:\\\/\\\/www.xn--tapiasmarian-jhb.com\\\/producto\\\/caja-degustacion-premium\\\/#breadcrumb\",\"itemListElement\":[{\"@type\":\"ListItem\",\"position\":1,\"name\":\"Portada\",\"item\":\"https:\\\/\\\/www.xn--tapiasmarian-jhb.com\\\/\"},{\"@type\":\"ListItem\",\"position\":2,\"name\":\"Tienda\",\"item\":\"https:\\\/\\\/www.xn--tapiasmarian-jhb.com\\\/tienda-de-vinos-tintos-y-blancos-de-calidad\\\/\"},{\"@type\":\"ListItem\",\"position\":3,\"name\":\"Caja Degustaci\u00f3n Premium\"}]},{\"@type\":\"WebSite\",\"@id\":\"https:\\\/\\\/www.xn--tapiasmarian-jhb.com\\\/#website\",\"url\":\"https:\\\/\\\/www.xn--tapiasmarian-jhb.com\\\/\",\"name\":\"Bodega Tapias Mari\u00f1\u00e1n\",\"description\":\"Bodega de la D.O. Monterrei\",\"publisher\":{\"@id\":\"https:\\\/\\\/www.xn--tapiasmarian-jhb.com\\\/#organization\"},\"alternateName\":\"Tapias Mari\u00f1an\",\"potentialAction\":[{\"@type\":\"SearchAction\",\"target\":{\"@type\":\"EntryPoint\",\"urlTemplate\":\"https:\\\/\\\/www.xn--tapiasmarian-jhb.com\\\/?s={search_term_string}\"},\"query-input\":{\"@type\":\"PropertyValueSpecification\",\"valueRequired\":true,\"valueName\":\"search_term_string\"}}],\"inLanguage\":\"gl-ES\"},{\"@type\":\"Organization\",\"@id\":\"https:\\\/\\\/www.xn--tapiasmarian-jhb.com\\\/#organization\",\"name\":\"Bodega Tapias Mari\u00f1\u00e1n\",\"alternateName\":\"Tapias Mari\u00f1an\",\"url\":\"https:\\\/\\\/www.xn--tapiasmarian-jhb.com\\\/\",\"logo\":{\"@type\":\"ImageObject\",\"inLanguage\":\"gl-ES\",\"@id\":\"https:\\\/\\\/www.xn--tapiasmarian-jhb.com\\\/#\\\/schema\\\/logo\\\/image\\\/\",\"url\":\"https:\\\/\\\/i0.wp.com\\\/www.xn--tapiasmarian-jhb.com\\\/wp-content\\\/uploads\\\/2022\\\/08\\\/favicon.png?fit=512%2C346&ssl=1\",\"contentUrl\":\"https:\\\/\\\/i0.wp.com\\\/www.xn--tapiasmarian-jhb.com\\\/wp-content\\\/uploads\\\/2022\\\/08\\\/favicon.png?fit=512%2C346&ssl=1\",\"width\":512,\"height\":346,\"caption\":\"Bodega Tapias Mari\u00f1\u00e1n\"},\"image\":{\"@id\":\"https:\\\/\\\/www.xn--tapiasmarian-jhb.com\\\/#\\\/schema\\\/logo\\\/image\\\/\"},\"sameAs\":[\"https:\\\/\\\/www.facebook.com\\\/tapiasmarinan.bodega.1\",\"https:\\\/\\\/www.instagram.com\\\/bodegatapiasmarinan\\\/\"]}]}<\/script>\n<!-- \/ Yoast SEO plugin. -->","yoast_head_json":{"title":"Caja Degustaci\u00f3n Premium - Bodega Tapias Mari\u00f1\u00e1n","robots":{"index":"index","follow":"follow","max-snippet":"max-snippet:-1","max-image-preview":"max-image-preview:large","max-video-preview":"max-video-preview:-1"},"canonical":"https:\/\/www.xn--tapiasmarian-jhb.com\/gl\/produto\/caja-degustacion-premium\/","og_locale":"gl_ES","og_type":"article","og_title":"Caja Degustaci\u00f3n Premium - Bodega Tapias Mari\u00f1\u00e1n","og_description":"6 botellas seleccionadas por solo 48\u20ac\u00a0con env\u00edo gratis Incluye: \u00a01 Tapias 10 \u00a01 Pazo de Mari\u00f1\u00e1n Tinto \u00a01 Quinta das Tapias Treixadura \u00a01 Colleita Propia Blanco \u00a01 Quinta das Tapias Rosado Premium \u00a01 Quinta das Tapias Cuv\u00e9e Premium","og_url":"https:\/\/www.xn--tapiasmarian-jhb.com\/gl\/produto\/caja-degustacion-premium\/","og_site_name":"Bodega Tapias Mari\u00f1\u00e1n","article_publisher":"https:\/\/www.facebook.com\/tapiasmarinan.bodega.1","article_modified_time":"2026-04-27T10:53:32+00:00","og_image":[{"width":1536,"height":1024,"url":"https:\/\/www.xn--tapiasmarian-jhb.com\/wp-content\/uploads\/2026\/04\/27042026.webp","type":"image\/webp"}],"twitter_card":"summary_large_image","twitter_misc":{"Tempo de lectura":"1 minuto"},"schema":{"@context":"https:\/\/schema.org","@graph":[{"@type":"WebPage","@id":"https:\/\/www.xn--tapiasmarian-jhb.com\/producto\/caja-degustacion-premium\/","url":"https:\/\/www.xn--tapiasmarian-jhb.com\/producto\/caja-degustacion-premium\/","name":"Caja Degustaci\u00f3n Premium - Bodega Tapias Mari\u00f1\u00e1n","isPartOf":{"@id":"https:\/\/www.xn--tapiasmarian-jhb.com\/#website"},"primaryImageOfPage":{"@id":"https:\/\/www.xn--tapiasmarian-jhb.com\/producto\/caja-degustacion-premium\/#primaryimage"},"image":{"@id":"https:\/\/www.xn--tapiasmarian-jhb.com\/producto\/caja-degustacion-premium\/#primaryimage"},"thumbnailUrl":"https:\/\/i0.wp.com\/www.xn--tapiasmarian-jhb.com\/wp-content\/uploads\/2026\/04\/27042026.webp?fit=1536%2C1024&ssl=1","datePublished":"2026-04-27T08:47:21+00:00","dateModified":"2026-04-27T10:53:32+00:00","breadcrumb":{"@id":"https:\/\/www.xn--tapiasmarian-jhb.com\/producto\/caja-degustacion-premium\/#breadcrumb"},"inLanguage":"gl-ES","potentialAction":[{"@type":"ReadAction","target":["https:\/\/www.xn--tapiasmarian-jhb.com\/producto\/caja-degustacion-premium\/"]}]},{"@type":"ImageObject","inLanguage":"gl-ES","@id":"https:\/\/www.xn--tapiasmarian-jhb.com\/producto\/caja-degustacion-premium\/#primaryimage","url":"https:\/\/i0.wp.com\/www.xn--tapiasmarian-jhb.com\/wp-content\/uploads\/2026\/04\/27042026.webp?fit=1536%2C1024&ssl=1","contentUrl":"https:\/\/i0.wp.com\/www.xn--tapiasmarian-jhb.com\/wp-content\/uploads\/2026\/04\/27042026.webp?fit=1536%2C1024&ssl=1","width":1536,"height":1024},{"@type":"BreadcrumbList","@id":"https:\/\/www.xn--tapiasmarian-jhb.com\/producto\/caja-degustacion-premium\/#breadcrumb","itemListElement":[{"@type":"ListItem","position":1,"name":"Portada","item":"https:\/\/www.xn--tapiasmarian-jhb.com\/"},{"@type":"ListItem","position":2,"name":"Tienda","item":"https:\/\/www.xn--tapiasmarian-jhb.com\/tienda-de-vinos-tintos-y-blancos-de-calidad\/"},{"@type":"ListItem","position":3,"name":"Caja Degustaci\u00f3n Premium"}]},{"@type":"WebSite","@id":"https:\/\/www.xn--tapiasmarian-jhb.com\/#website","url":"https:\/\/www.xn--tapiasmarian-jhb.com\/","name":"Bodega Tapias Mari\u00f1\u00e1n","description":"Bodega de la D.O. Monterrei","publisher":{"@id":"https:\/\/www.xn--tapiasmarian-jhb.com\/#organization"},"alternateName":"Tapias Mari\u00f1an","potentialAction":[{"@type":"SearchAction","target":{"@type":"EntryPoint","urlTemplate":"https:\/\/www.xn--tapiasmarian-jhb.com\/?s={search_term_string}"},"query-input":{"@type":"PropertyValueSpecification","valueRequired":true,"valueName":"search_term_string"}}],"inLanguage":"gl-ES"},{"@type":"Organization","@id":"https:\/\/www.xn--tapiasmarian-jhb.com\/#organization","name":"Bodega Tapias Mari\u00f1\u00e1n","alternateName":"Tapias Mari\u00f1an","url":"https:\/\/www.xn--tapiasmarian-jhb.com\/","logo":{"@type":"ImageObject","inLanguage":"gl-ES","@id":"https:\/\/www.xn--tapiasmarian-jhb.com\/#\/schema\/logo\/image\/","url":"https:\/\/i0.wp.com\/www.xn--tapiasmarian-jhb.com\/wp-content\/uploads\/2022\/08\/favicon.png?fit=512%2C346&ssl=1","contentUrl":"https:\/\/i0.wp.com\/www.xn--tapiasmarian-jhb.com\/wp-content\/uploads\/2022\/08\/favicon.png?fit=512%2C346&ssl=1","width":512,"height":346,"caption":"Bodega Tapias Mari\u00f1\u00e1n"},"image":{"@id":"https:\/\/www.xn--tapiasmarian-jhb.com\/#\/schema\/logo\/image\/"},"sameAs":["https:\/\/www.facebook.com\/tapiasmarinan.bodega.1","https:\/\/www.instagram.com\/bodegatapiasmarinan\/"]}]}},"jetpack_sharing_enabled":true,"_links":{"self":[{"href":"https:\/\/www.xn--tapiasmarian-jhb.com\/gl\/wp-json\/wp\/v2\/product\/15963","targetHints":{"allow":["GET"]}}],"collection":[{"href":"https:\/\/www.xn--tapiasmarian-jhb.com\/gl\/wp-json\/wp\/v2\/product"}],"about":[{"href":"https:\/\/www.xn--tapiasmarian-jhb.com\/gl\/wp-json\/wp\/v2\/types\/product"}],"replies":[{"embeddable":true,"href":"https:\/\/www.xn--tapiasmarian-jhb.com\/gl\/wp-json\/wp\/v2\/comments?post=15963"}],"wp:featuredmedia":[{"embeddable":true,"href":"https:\/\/www.xn--tapiasmarian-jhb.com\/gl\/wp-json\/wp\/v2\/media\/15962"}],"wp:attachment":[{"href":"https:\/\/www.xn--tapiasmarian-jhb.com\/gl\/wp-json\/wp\/v2\/media?parent=15963"}],"wp:term":[{"taxonomy":"product_brand","embeddable":true,"href":"https:\/\/www.xn--tapiasmarian-jhb.com\/gl\/wp-json\/wp\/v2\/product_brand?post=15963"},{"taxonomy":"product_cat","embeddable":true,"href":"https:\/\/www.xn--tapiasmarian-jhb.com\/gl\/wp-json\/wp\/v2\/product_cat?post=15963"},{"taxonomy":"product_tag","embeddable":true,"href":"https:\/\/www.xn--tapiasmarian-jhb.com\/gl\/wp-json\/wp\/v2\/product_tag?post=15963"},{"taxonomy":"giftcard-category","embeddable":true,"href":"https:\/\/www.xn--tapiasmarian-jhb.com\/gl\/wp-json\/wp\/v2\/giftcard-category?post=15963"}],"curies":[{"name":"wp","href":"https:\/\/api.w.org\/{rel}","templated":true}]}}