{"id":15807,"date":"2025-11-24T21:14:02","date_gmt":"2025-11-24T20:14:02","guid":{"rendered":"https:\/\/www.xn--tapiasmarian-jhb.com\/?post_type=product&#038;p=15807"},"modified":"2026-04-08T12:08:03","modified_gmt":"2026-04-08T10:08:03","slug":"quinta-das-tapias-cuvee","status":"publish","type":"product","link":"https:\/\/www.xn--tapiasmarian-jhb.com\/gl\/produto\/quinta-das-tapias-cuvee\/","title":{"rendered":"Quinta das Tapias Cuve\u00e9"},"content":{"rendered":"<p><strong>VARIEDADES:<\/strong><\/p>\n<p>Vino de variedades Godello y Albari\u00f1o<\/p>\n<p><strong>ELABORACI\u00d3N:<\/strong><\/p>\n<p>A\u00f1ada 2024<\/p>\n<p>Madurado durante 4 meses en barrica de roble.<\/p>\n<p>Grado alcoh\u00f3lico 13,5%<\/p>\n<p><strong>CARACTER\u00cdSTICAS ORGANOLEPTICAS:<\/strong><\/p>\n<p>&nbsp;<\/p>","protected":false},"excerpt":{"rendered":"<p>VARIEDADES: Vino de variedades Godello y Albari\u00f1o ELABORACI\u00d3N: A\u00f1ada 2024 Madurado durante 4 meses en barrica de roble. Grado alcoh\u00f3lico 13,5% CARACTER\u00cdSTICAS ORGANOLEPTICAS: &nbsp;<\/p>","protected":false},"featured_media":15805,"comment_status":"open","ping_status":"closed","template":"","meta":[],"product_brand":[],"product_cat":[15,72],"product_tag":[87,83,127,78],"giftcard-category":[],"class_list":{"0":"post-15807","1":"product","2":"type-product","3":"status-publish","4":"has-post-thumbnail","6":"product_cat-vinos","7":"product_cat-blanco","8":"product_tag-d-o-monterrei","9":"product_tag-godello","10":"product_tag-quinta-das-tapias","11":"product_tag-vinos","13":"first","14":"instock","15":"taxable","16":"shipping-taxable","17":"purchasable","18":"product-type-simple"},"yoast_head":"<!-- This site is optimized with the Yoast SEO plugin v26.5 - https:\/\/yoast.com\/wordpress\/plugins\/seo\/ -->\n<title>Quinta das Tapias Cuve\u00e9 - Bodega Tapias Mari\u00f1\u00e1n<\/title>\n<meta name=\"robots\" content=\"index, follow, max-snippet:-1, max-image-preview:large, max-video-preview:-1\" \/>\n<link rel=\"canonical\" href=\"https:\/\/www.xn--tapiasmarian-jhb.com\/gl\/produto\/quinta-das-tapias-cuvee\/\" \/>\n<meta property=\"og:locale\" content=\"gl_ES\" \/>\n<meta property=\"og:type\" content=\"article\" \/>\n<meta property=\"og:title\" content=\"Quinta das Tapias Cuve\u00e9 - Bodega Tapias Mari\u00f1\u00e1n\" \/>\n<meta property=\"og:description\" content=\"VARIEDADES: Vino de variedades Godello y Albari\u00f1o ELABORACI\u00d3N: A\u00f1ada 2024 Madurado durante 4 meses en barrica de roble. Grado alcoh\u00f3lico 13,5% CARACTER\u00cdSTICAS ORGANOLEPTICAS: &nbsp;\" \/>\n<meta property=\"og:url\" content=\"https:\/\/www.xn--tapiasmarian-jhb.com\/gl\/produto\/quinta-das-tapias-cuvee\/\" \/>\n<meta property=\"og:site_name\" content=\"Bodega Tapias Mari\u00f1\u00e1n\" \/>\n<meta property=\"article:publisher\" content=\"https:\/\/www.facebook.com\/tapiasmarinan.bodega.1\" \/>\n<meta property=\"article:modified_time\" content=\"2026-04-08T10:08:03+00:00\" \/>\n<meta property=\"og:image\" content=\"https:\/\/www.xn--tapiasmarian-jhb.com\/wp-content\/uploads\/2025\/11\/quintatapiascuvprem.webp\" \/>\n\t<meta property=\"og:image:width\" content=\"1000\" \/>\n\t<meta property=\"og:image:height\" content=\"1123\" \/>\n\t<meta property=\"og:image:type\" content=\"image\/webp\" \/>\n<meta name=\"twitter:card\" content=\"summary_large_image\" \/>\n<meta name=\"twitter:label1\" content=\"Tempo de lectura\" \/>\n\t<meta name=\"twitter:data1\" content=\"2 minutos\" \/>\n<script type=\"application\/ld+json\" class=\"yoast-schema-graph\">{\"@context\":\"https:\/\/schema.org\",\"@graph\":[{\"@type\":\"WebPage\",\"@id\":\"https:\/\/www.xn--tapiasmarian-jhb.com\/producto\/quinta-das-tapias-cuvee\/\",\"url\":\"https:\/\/www.xn--tapiasmarian-jhb.com\/producto\/quinta-das-tapias-cuvee\/\",\"name\":\"Quinta das Tapias Cuve\u00e9 - Bodega Tapias Mari\u00f1\u00e1n\",\"isPartOf\":{\"@id\":\"https:\/\/www.xn--tapiasmarian-jhb.com\/#website\"},\"primaryImageOfPage\":{\"@id\":\"https:\/\/www.xn--tapiasmarian-jhb.com\/producto\/quinta-das-tapias-cuvee\/#primaryimage\"},\"image\":{\"@id\":\"https:\/\/www.xn--tapiasmarian-jhb.com\/producto\/quinta-das-tapias-cuvee\/#primaryimage\"},\"thumbnailUrl\":\"https:\/\/i0.wp.com\/www.xn--tapiasmarian-jhb.com\/wp-content\/uploads\/2025\/11\/quintatapiascuvprem.webp?fit=1000%2C1123&ssl=1\",\"datePublished\":\"2025-11-24T20:14:02+00:00\",\"dateModified\":\"2026-04-08T10:08:03+00:00\",\"breadcrumb\":{\"@id\":\"https:\/\/www.xn--tapiasmarian-jhb.com\/producto\/quinta-das-tapias-cuvee\/#breadcrumb\"},\"inLanguage\":\"gl-ES\",\"potentialAction\":[{\"@type\":\"ReadAction\",\"target\":[\"https:\/\/www.xn--tapiasmarian-jhb.com\/producto\/quinta-das-tapias-cuvee\/\"]}]},{\"@type\":\"ImageObject\",\"inLanguage\":\"gl-ES\",\"@id\":\"https:\/\/www.xn--tapiasmarian-jhb.com\/producto\/quinta-das-tapias-cuvee\/#primaryimage\",\"url\":\"https:\/\/i0.wp.com\/www.xn--tapiasmarian-jhb.com\/wp-content\/uploads\/2025\/11\/quintatapiascuvprem.webp?fit=1000%2C1123&ssl=1\",\"contentUrl\":\"https:\/\/i0.wp.com\/www.xn--tapiasmarian-jhb.com\/wp-content\/uploads\/2025\/11\/quintatapiascuvprem.webp?fit=1000%2C1123&ssl=1\",\"width\":1000,\"height\":1123},{\"@type\":\"BreadcrumbList\",\"@id\":\"https:\/\/www.xn--tapiasmarian-jhb.com\/producto\/quinta-das-tapias-cuvee\/#breadcrumb\",\"itemListElement\":[{\"@type\":\"ListItem\",\"position\":1,\"name\":\"Portada\",\"item\":\"https:\/\/www.xn--tapiasmarian-jhb.com\/\"},{\"@type\":\"ListItem\",\"position\":2,\"name\":\"Tienda\",\"item\":\"https:\/\/www.xn--tapiasmarian-jhb.com\/tienda-de-vinos-tintos-y-blancos-de-calidad\/\"},{\"@type\":\"ListItem\",\"position\":3,\"name\":\"Quinta das Tapias Cuve\u00e9\"}]},{\"@type\":\"WebSite\",\"@id\":\"https:\/\/www.xn--tapiasmarian-jhb.com\/#website\",\"url\":\"https:\/\/www.xn--tapiasmarian-jhb.com\/\",\"name\":\"Bodega Tapias Mari\u00f1\u00e1n\",\"description\":\"Bodega de la D.O. Monterrei\",\"publisher\":{\"@id\":\"https:\/\/www.xn--tapiasmarian-jhb.com\/#organization\"},\"alternateName\":\"Tapias Mari\u00f1an\",\"potentialAction\":[{\"@type\":\"SearchAction\",\"target\":{\"@type\":\"EntryPoint\",\"urlTemplate\":\"https:\/\/www.xn--tapiasmarian-jhb.com\/?s={search_term_string}\"},\"query-input\":{\"@type\":\"PropertyValueSpecification\",\"valueRequired\":true,\"valueName\":\"search_term_string\"}}],\"inLanguage\":\"gl-ES\"},{\"@type\":\"Organization\",\"@id\":\"https:\/\/www.xn--tapiasmarian-jhb.com\/#organization\",\"name\":\"Bodega Tapias Mari\u00f1\u00e1n\",\"alternateName\":\"Tapias Mari\u00f1an\",\"url\":\"https:\/\/www.xn--tapiasmarian-jhb.com\/\",\"logo\":{\"@type\":\"ImageObject\",\"inLanguage\":\"gl-ES\",\"@id\":\"https:\/\/www.xn--tapiasmarian-jhb.com\/#\/schema\/logo\/image\/\",\"url\":\"https:\/\/i0.wp.com\/www.xn--tapiasmarian-jhb.com\/wp-content\/uploads\/2022\/08\/favicon.png?fit=512%2C346&ssl=1\",\"contentUrl\":\"https:\/\/i0.wp.com\/www.xn--tapiasmarian-jhb.com\/wp-content\/uploads\/2022\/08\/favicon.png?fit=512%2C346&ssl=1\",\"width\":512,\"height\":346,\"caption\":\"Bodega Tapias Mari\u00f1\u00e1n\"},\"image\":{\"@id\":\"https:\/\/www.xn--tapiasmarian-jhb.com\/#\/schema\/logo\/image\/\"},\"sameAs\":[\"https:\/\/www.facebook.com\/tapiasmarinan.bodega.1\",\"https:\/\/www.instagram.com\/bodegatapiasmarinan\/\"]}]}<\/script>\n<!-- \/ Yoast SEO plugin. -->","yoast_head_json":{"title":"Quinta das Tapias Cuve\u00e9 - Bodega Tapias Mari\u00f1\u00e1n","robots":{"index":"index","follow":"follow","max-snippet":"max-snippet:-1","max-image-preview":"max-image-preview:large","max-video-preview":"max-video-preview:-1"},"canonical":"https:\/\/www.xn--tapiasmarian-jhb.com\/gl\/produto\/quinta-das-tapias-cuvee\/","og_locale":"gl_ES","og_type":"article","og_title":"Quinta das Tapias Cuve\u00e9 - Bodega Tapias Mari\u00f1\u00e1n","og_description":"VARIEDADES: Vino de variedades Godello y Albari\u00f1o ELABORACI\u00d3N: A\u00f1ada 2024 Madurado durante 4 meses en barrica de roble. Grado alcoh\u00f3lico 13,5% CARACTER\u00cdSTICAS ORGANOLEPTICAS: &nbsp;","og_url":"https:\/\/www.xn--tapiasmarian-jhb.com\/gl\/produto\/quinta-das-tapias-cuvee\/","og_site_name":"Bodega Tapias Mari\u00f1\u00e1n","article_publisher":"https:\/\/www.facebook.com\/tapiasmarinan.bodega.1","article_modified_time":"2026-04-08T10:08:03+00:00","og_image":[{"width":1000,"height":1123,"url":"https:\/\/www.xn--tapiasmarian-jhb.com\/wp-content\/uploads\/2025\/11\/quintatapiascuvprem.webp","type":"image\/webp"}],"twitter_card":"summary_large_image","twitter_misc":{"Tempo de lectura":"2 minutos"},"schema":{"@context":"https:\/\/schema.org","@graph":[{"@type":"WebPage","@id":"https:\/\/www.xn--tapiasmarian-jhb.com\/producto\/quinta-das-tapias-cuvee\/","url":"https:\/\/www.xn--tapiasmarian-jhb.com\/producto\/quinta-das-tapias-cuvee\/","name":"Quinta das Tapias Cuve\u00e9 - Bodega Tapias Mari\u00f1\u00e1n","isPartOf":{"@id":"https:\/\/www.xn--tapiasmarian-jhb.com\/#website"},"primaryImageOfPage":{"@id":"https:\/\/www.xn--tapiasmarian-jhb.com\/producto\/quinta-das-tapias-cuvee\/#primaryimage"},"image":{"@id":"https:\/\/www.xn--tapiasmarian-jhb.com\/producto\/quinta-das-tapias-cuvee\/#primaryimage"},"thumbnailUrl":"https:\/\/i0.wp.com\/www.xn--tapiasmarian-jhb.com\/wp-content\/uploads\/2025\/11\/quintatapiascuvprem.webp?fit=1000%2C1123&ssl=1","datePublished":"2025-11-24T20:14:02+00:00","dateModified":"2026-04-08T10:08:03+00:00","breadcrumb":{"@id":"https:\/\/www.xn--tapiasmarian-jhb.com\/producto\/quinta-das-tapias-cuvee\/#breadcrumb"},"inLanguage":"gl-ES","potentialAction":[{"@type":"ReadAction","target":["https:\/\/www.xn--tapiasmarian-jhb.com\/producto\/quinta-das-tapias-cuvee\/"]}]},{"@type":"ImageObject","inLanguage":"gl-ES","@id":"https:\/\/www.xn--tapiasmarian-jhb.com\/producto\/quinta-das-tapias-cuvee\/#primaryimage","url":"https:\/\/i0.wp.com\/www.xn--tapiasmarian-jhb.com\/wp-content\/uploads\/2025\/11\/quintatapiascuvprem.webp?fit=1000%2C1123&ssl=1","contentUrl":"https:\/\/i0.wp.com\/www.xn--tapiasmarian-jhb.com\/wp-content\/uploads\/2025\/11\/quintatapiascuvprem.webp?fit=1000%2C1123&ssl=1","width":1000,"height":1123},{"@type":"BreadcrumbList","@id":"https:\/\/www.xn--tapiasmarian-jhb.com\/producto\/quinta-das-tapias-cuvee\/#breadcrumb","itemListElement":[{"@type":"ListItem","position":1,"name":"Portada","item":"https:\/\/www.xn--tapiasmarian-jhb.com\/"},{"@type":"ListItem","position":2,"name":"Tienda","item":"https:\/\/www.xn--tapiasmarian-jhb.com\/tienda-de-vinos-tintos-y-blancos-de-calidad\/"},{"@type":"ListItem","position":3,"name":"Quinta das Tapias Cuve\u00e9"}]},{"@type":"WebSite","@id":"https:\/\/www.xn--tapiasmarian-jhb.com\/#website","url":"https:\/\/www.xn--tapiasmarian-jhb.com\/","name":"Bodega Tapias Mari\u00f1\u00e1n","description":"Bodega de la D.O. Monterrei","publisher":{"@id":"https:\/\/www.xn--tapiasmarian-jhb.com\/#organization"},"alternateName":"Tapias Mari\u00f1an","potentialAction":[{"@type":"SearchAction","target":{"@type":"EntryPoint","urlTemplate":"https:\/\/www.xn--tapiasmarian-jhb.com\/?s={search_term_string}"},"query-input":{"@type":"PropertyValueSpecification","valueRequired":true,"valueName":"search_term_string"}}],"inLanguage":"gl-ES"},{"@type":"Organization","@id":"https:\/\/www.xn--tapiasmarian-jhb.com\/#organization","name":"Bodega Tapias Mari\u00f1\u00e1n","alternateName":"Tapias Mari\u00f1an","url":"https:\/\/www.xn--tapiasmarian-jhb.com\/","logo":{"@type":"ImageObject","inLanguage":"gl-ES","@id":"https:\/\/www.xn--tapiasmarian-jhb.com\/#\/schema\/logo\/image\/","url":"https:\/\/i0.wp.com\/www.xn--tapiasmarian-jhb.com\/wp-content\/uploads\/2022\/08\/favicon.png?fit=512%2C346&ssl=1","contentUrl":"https:\/\/i0.wp.com\/www.xn--tapiasmarian-jhb.com\/wp-content\/uploads\/2022\/08\/favicon.png?fit=512%2C346&ssl=1","width":512,"height":346,"caption":"Bodega Tapias Mari\u00f1\u00e1n"},"image":{"@id":"https:\/\/www.xn--tapiasmarian-jhb.com\/#\/schema\/logo\/image\/"},"sameAs":["https:\/\/www.facebook.com\/tapiasmarinan.bodega.1","https:\/\/www.instagram.com\/bodegatapiasmarinan\/"]}]}},"jetpack_sharing_enabled":true,"_links":{"self":[{"href":"https:\/\/www.xn--tapiasmarian-jhb.com\/gl\/wp-json\/wp\/v2\/product\/15807","targetHints":{"allow":["GET"]}}],"collection":[{"href":"https:\/\/www.xn--tapiasmarian-jhb.com\/gl\/wp-json\/wp\/v2\/product"}],"about":[{"href":"https:\/\/www.xn--tapiasmarian-jhb.com\/gl\/wp-json\/wp\/v2\/types\/product"}],"replies":[{"embeddable":true,"href":"https:\/\/www.xn--tapiasmarian-jhb.com\/gl\/wp-json\/wp\/v2\/comments?post=15807"}],"wp:featuredmedia":[{"embeddable":true,"href":"https:\/\/www.xn--tapiasmarian-jhb.com\/gl\/wp-json\/wp\/v2\/media\/15805"}],"wp:attachment":[{"href":"https:\/\/www.xn--tapiasmarian-jhb.com\/gl\/wp-json\/wp\/v2\/media?parent=15807"}],"wp:term":[{"taxonomy":"product_brand","embeddable":true,"href":"https:\/\/www.xn--tapiasmarian-jhb.com\/gl\/wp-json\/wp\/v2\/product_brand?post=15807"},{"taxonomy":"product_cat","embeddable":true,"href":"https:\/\/www.xn--tapiasmarian-jhb.com\/gl\/wp-json\/wp\/v2\/product_cat?post=15807"},{"taxonomy":"product_tag","embeddable":true,"href":"https:\/\/www.xn--tapiasmarian-jhb.com\/gl\/wp-json\/wp\/v2\/product_tag?post=15807"},{"taxonomy":"giftcard-category","embeddable":true,"href":"https:\/\/www.xn--tapiasmarian-jhb.com\/gl\/wp-json\/wp\/v2\/giftcard-category?post=15807"}],"curies":[{"name":"wp","href":"https:\/\/api.w.org\/{rel}","templated":true}]}}