{"id":10940,"date":"2022-02-10T10:51:57","date_gmt":"2022-02-10T09:51:57","guid":{"rendered":"https:\/\/xn--tapiasmarian-jhb.com\/?post_type=product&#038;p=10940"},"modified":"2025-10-21T11:58:16","modified_gmt":"2025-10-21T09:58:16","slug":"tapias-marinan-licor-cafe","status":"publish","type":"product","link":"https:\/\/www.xn--tapiasmarian-jhb.com\/gl\/produto\/tapias-marinan-licor-cafe\/","title":{"rendered":"Tapias Mari\u00f1\u00e1n Licor Caf\u00e9"},"content":{"rendered":"<p>30% VOL.<\/p>\n<p>70 CL<\/p>","protected":false},"excerpt":{"rendered":"<p>30% VOL. 70 CL<\/p>","protected":false},"featured_media":11220,"comment_status":"open","ping_status":"closed","template":"","meta":[],"product_brand":[],"product_cat":[70,75],"product_tag":[86,90,79],"giftcard-category":[],"class_list":{"0":"post-10940","1":"product","2":"type-product","3":"status-publish","4":"has-post-thumbnail","6":"product_cat-licores","7":"product_cat-licor-cafe","8":"product_tag-calidad","9":"product_tag-licor-cafe","10":"product_tag-licores","12":"first","13":"instock","14":"taxable","15":"shipping-taxable","16":"purchasable","17":"product-type-simple"},"yoast_head":"<!-- This site is optimized with the Yoast SEO plugin v26.5 - https:\/\/yoast.com\/wordpress\/plugins\/seo\/ -->\n<title>Tapias Mari\u00f1\u00e1n Licor Caf\u00e9 - Bodega Tapias Mari\u00f1\u00e1n<\/title>\n<meta name=\"robots\" content=\"index, follow, max-snippet:-1, max-image-preview:large, max-video-preview:-1\" \/>\n<link rel=\"canonical\" href=\"https:\/\/www.xn--tapiasmarian-jhb.com\/gl\/produto\/tapias-marinan-licor-cafe\/\" \/>\n<meta property=\"og:locale\" content=\"gl_ES\" \/>\n<meta property=\"og:type\" content=\"article\" \/>\n<meta property=\"og:title\" content=\"Tapias Mari\u00f1\u00e1n Licor Caf\u00e9 - Bodega Tapias Mari\u00f1\u00e1n\" \/>\n<meta property=\"og:description\" content=\"30% VOL. 70 CL\" \/>\n<meta property=\"og:url\" content=\"https:\/\/www.xn--tapiasmarian-jhb.com\/gl\/produto\/tapias-marinan-licor-cafe\/\" \/>\n<meta property=\"og:site_name\" content=\"Bodega Tapias Mari\u00f1\u00e1n\" \/>\n<meta property=\"article:publisher\" content=\"https:\/\/www.facebook.com\/tapiasmarinan.bodega.1\" \/>\n<meta property=\"article:modified_time\" content=\"2025-10-21T09:58:16+00:00\" \/>\n<meta property=\"og:image\" content=\"https:\/\/www.xn--tapiasmarian-jhb.com\/wp-content\/uploads\/2022\/08\/tapiasmarinanlicorcafe.jpg\" \/>\n\t<meta property=\"og:image:width\" content=\"1000\" \/>\n\t<meta property=\"og:image:height\" content=\"1123\" \/>\n\t<meta property=\"og:image:type\" content=\"image\/jpeg\" \/>\n<meta name=\"twitter:card\" content=\"summary_large_image\" \/>\n<meta name=\"twitter:label1\" content=\"Tempo de lectura\" \/>\n\t<meta name=\"twitter:data1\" content=\"1 minuto\" \/>\n<script type=\"application\/ld+json\" class=\"yoast-schema-graph\">{\"@context\":\"https:\/\/schema.org\",\"@graph\":[{\"@type\":\"WebPage\",\"@id\":\"https:\/\/www.xn--tapiasmarian-jhb.com\/producto\/tapias-marinan-licor-cafe\/\",\"url\":\"https:\/\/www.xn--tapiasmarian-jhb.com\/producto\/tapias-marinan-licor-cafe\/\",\"name\":\"Tapias Mari\u00f1\u00e1n Licor Caf\u00e9 - Bodega Tapias Mari\u00f1\u00e1n\",\"isPartOf\":{\"@id\":\"https:\/\/www.xn--tapiasmarian-jhb.com\/#website\"},\"primaryImageOfPage\":{\"@id\":\"https:\/\/www.xn--tapiasmarian-jhb.com\/producto\/tapias-marinan-licor-cafe\/#primaryimage\"},\"image\":{\"@id\":\"https:\/\/www.xn--tapiasmarian-jhb.com\/producto\/tapias-marinan-licor-cafe\/#primaryimage\"},\"thumbnailUrl\":\"https:\/\/i0.wp.com\/www.xn--tapiasmarian-jhb.com\/wp-content\/uploads\/2022\/08\/tapiasmarinanlicorcafe.jpg?fit=1000%2C1123&ssl=1\",\"datePublished\":\"2022-02-10T09:51:57+00:00\",\"dateModified\":\"2025-10-21T09:58:16+00:00\",\"breadcrumb\":{\"@id\":\"https:\/\/www.xn--tapiasmarian-jhb.com\/producto\/tapias-marinan-licor-cafe\/#breadcrumb\"},\"inLanguage\":\"gl-ES\",\"potentialAction\":[{\"@type\":\"ReadAction\",\"target\":[\"https:\/\/www.xn--tapiasmarian-jhb.com\/producto\/tapias-marinan-licor-cafe\/\"]}]},{\"@type\":\"ImageObject\",\"inLanguage\":\"gl-ES\",\"@id\":\"https:\/\/www.xn--tapiasmarian-jhb.com\/producto\/tapias-marinan-licor-cafe\/#primaryimage\",\"url\":\"https:\/\/i0.wp.com\/www.xn--tapiasmarian-jhb.com\/wp-content\/uploads\/2022\/08\/tapiasmarinanlicorcafe.jpg?fit=1000%2C1123&ssl=1\",\"contentUrl\":\"https:\/\/i0.wp.com\/www.xn--tapiasmarian-jhb.com\/wp-content\/uploads\/2022\/08\/tapiasmarinanlicorcafe.jpg?fit=1000%2C1123&ssl=1\",\"width\":1000,\"height\":1123},{\"@type\":\"BreadcrumbList\",\"@id\":\"https:\/\/www.xn--tapiasmarian-jhb.com\/producto\/tapias-marinan-licor-cafe\/#breadcrumb\",\"itemListElement\":[{\"@type\":\"ListItem\",\"position\":1,\"name\":\"Portada\",\"item\":\"https:\/\/www.xn--tapiasmarian-jhb.com\/\"},{\"@type\":\"ListItem\",\"position\":2,\"name\":\"Tienda\",\"item\":\"https:\/\/www.xn--tapiasmarian-jhb.com\/tienda-de-vinos-tintos-y-blancos-de-calidad\/\"},{\"@type\":\"ListItem\",\"position\":3,\"name\":\"Tapias Mari\u00f1\u00e1n Licor Caf\u00e9\"}]},{\"@type\":\"WebSite\",\"@id\":\"https:\/\/www.xn--tapiasmarian-jhb.com\/#website\",\"url\":\"https:\/\/www.xn--tapiasmarian-jhb.com\/\",\"name\":\"Bodega Tapias Mari\u00f1\u00e1n\",\"description\":\"Bodega de la D.O. Monterrei\",\"publisher\":{\"@id\":\"https:\/\/www.xn--tapiasmarian-jhb.com\/#organization\"},\"alternateName\":\"Tapias Mari\u00f1an\",\"potentialAction\":[{\"@type\":\"SearchAction\",\"target\":{\"@type\":\"EntryPoint\",\"urlTemplate\":\"https:\/\/www.xn--tapiasmarian-jhb.com\/?s={search_term_string}\"},\"query-input\":{\"@type\":\"PropertyValueSpecification\",\"valueRequired\":true,\"valueName\":\"search_term_string\"}}],\"inLanguage\":\"gl-ES\"},{\"@type\":\"Organization\",\"@id\":\"https:\/\/www.xn--tapiasmarian-jhb.com\/#organization\",\"name\":\"Bodega Tapias Mari\u00f1\u00e1n\",\"alternateName\":\"Tapias Mari\u00f1an\",\"url\":\"https:\/\/www.xn--tapiasmarian-jhb.com\/\",\"logo\":{\"@type\":\"ImageObject\",\"inLanguage\":\"gl-ES\",\"@id\":\"https:\/\/www.xn--tapiasmarian-jhb.com\/#\/schema\/logo\/image\/\",\"url\":\"https:\/\/i0.wp.com\/www.xn--tapiasmarian-jhb.com\/wp-content\/uploads\/2022\/08\/favicon.png?fit=512%2C346&ssl=1\",\"contentUrl\":\"https:\/\/i0.wp.com\/www.xn--tapiasmarian-jhb.com\/wp-content\/uploads\/2022\/08\/favicon.png?fit=512%2C346&ssl=1\",\"width\":512,\"height\":346,\"caption\":\"Bodega Tapias Mari\u00f1\u00e1n\"},\"image\":{\"@id\":\"https:\/\/www.xn--tapiasmarian-jhb.com\/#\/schema\/logo\/image\/\"},\"sameAs\":[\"https:\/\/www.facebook.com\/tapiasmarinan.bodega.1\",\"https:\/\/www.instagram.com\/bodegatapiasmarinan\/\"]}]}<\/script>\n<!-- \/ Yoast SEO plugin. -->","yoast_head_json":{"title":"Tapias Mari\u00f1\u00e1n Licor Caf\u00e9 - Bodega Tapias Mari\u00f1\u00e1n","robots":{"index":"index","follow":"follow","max-snippet":"max-snippet:-1","max-image-preview":"max-image-preview:large","max-video-preview":"max-video-preview:-1"},"canonical":"https:\/\/www.xn--tapiasmarian-jhb.com\/gl\/produto\/tapias-marinan-licor-cafe\/","og_locale":"gl_ES","og_type":"article","og_title":"Tapias Mari\u00f1\u00e1n Licor Caf\u00e9 - Bodega Tapias Mari\u00f1\u00e1n","og_description":"30% VOL. 70 CL","og_url":"https:\/\/www.xn--tapiasmarian-jhb.com\/gl\/produto\/tapias-marinan-licor-cafe\/","og_site_name":"Bodega Tapias Mari\u00f1\u00e1n","article_publisher":"https:\/\/www.facebook.com\/tapiasmarinan.bodega.1","article_modified_time":"2025-10-21T09:58:16+00:00","og_image":[{"width":1000,"height":1123,"url":"https:\/\/www.xn--tapiasmarian-jhb.com\/wp-content\/uploads\/2022\/08\/tapiasmarinanlicorcafe.jpg","type":"image\/jpeg"}],"twitter_card":"summary_large_image","twitter_misc":{"Tempo de lectura":"1 minuto"},"schema":{"@context":"https:\/\/schema.org","@graph":[{"@type":"WebPage","@id":"https:\/\/www.xn--tapiasmarian-jhb.com\/producto\/tapias-marinan-licor-cafe\/","url":"https:\/\/www.xn--tapiasmarian-jhb.com\/producto\/tapias-marinan-licor-cafe\/","name":"Tapias Mari\u00f1\u00e1n Licor Caf\u00e9 - Bodega Tapias Mari\u00f1\u00e1n","isPartOf":{"@id":"https:\/\/www.xn--tapiasmarian-jhb.com\/#website"},"primaryImageOfPage":{"@id":"https:\/\/www.xn--tapiasmarian-jhb.com\/producto\/tapias-marinan-licor-cafe\/#primaryimage"},"image":{"@id":"https:\/\/www.xn--tapiasmarian-jhb.com\/producto\/tapias-marinan-licor-cafe\/#primaryimage"},"thumbnailUrl":"https:\/\/i0.wp.com\/www.xn--tapiasmarian-jhb.com\/wp-content\/uploads\/2022\/08\/tapiasmarinanlicorcafe.jpg?fit=1000%2C1123&ssl=1","datePublished":"2022-02-10T09:51:57+00:00","dateModified":"2025-10-21T09:58:16+00:00","breadcrumb":{"@id":"https:\/\/www.xn--tapiasmarian-jhb.com\/producto\/tapias-marinan-licor-cafe\/#breadcrumb"},"inLanguage":"gl-ES","potentialAction":[{"@type":"ReadAction","target":["https:\/\/www.xn--tapiasmarian-jhb.com\/producto\/tapias-marinan-licor-cafe\/"]}]},{"@type":"ImageObject","inLanguage":"gl-ES","@id":"https:\/\/www.xn--tapiasmarian-jhb.com\/producto\/tapias-marinan-licor-cafe\/#primaryimage","url":"https:\/\/i0.wp.com\/www.xn--tapiasmarian-jhb.com\/wp-content\/uploads\/2022\/08\/tapiasmarinanlicorcafe.jpg?fit=1000%2C1123&ssl=1","contentUrl":"https:\/\/i0.wp.com\/www.xn--tapiasmarian-jhb.com\/wp-content\/uploads\/2022\/08\/tapiasmarinanlicorcafe.jpg?fit=1000%2C1123&ssl=1","width":1000,"height":1123},{"@type":"BreadcrumbList","@id":"https:\/\/www.xn--tapiasmarian-jhb.com\/producto\/tapias-marinan-licor-cafe\/#breadcrumb","itemListElement":[{"@type":"ListItem","position":1,"name":"Portada","item":"https:\/\/www.xn--tapiasmarian-jhb.com\/"},{"@type":"ListItem","position":2,"name":"Tienda","item":"https:\/\/www.xn--tapiasmarian-jhb.com\/tienda-de-vinos-tintos-y-blancos-de-calidad\/"},{"@type":"ListItem","position":3,"name":"Tapias Mari\u00f1\u00e1n Licor Caf\u00e9"}]},{"@type":"WebSite","@id":"https:\/\/www.xn--tapiasmarian-jhb.com\/#website","url":"https:\/\/www.xn--tapiasmarian-jhb.com\/","name":"Bodega Tapias Mari\u00f1\u00e1n","description":"Bodega de la D.O. Monterrei","publisher":{"@id":"https:\/\/www.xn--tapiasmarian-jhb.com\/#organization"},"alternateName":"Tapias Mari\u00f1an","potentialAction":[{"@type":"SearchAction","target":{"@type":"EntryPoint","urlTemplate":"https:\/\/www.xn--tapiasmarian-jhb.com\/?s={search_term_string}"},"query-input":{"@type":"PropertyValueSpecification","valueRequired":true,"valueName":"search_term_string"}}],"inLanguage":"gl-ES"},{"@type":"Organization","@id":"https:\/\/www.xn--tapiasmarian-jhb.com\/#organization","name":"Bodega Tapias Mari\u00f1\u00e1n","alternateName":"Tapias Mari\u00f1an","url":"https:\/\/www.xn--tapiasmarian-jhb.com\/","logo":{"@type":"ImageObject","inLanguage":"gl-ES","@id":"https:\/\/www.xn--tapiasmarian-jhb.com\/#\/schema\/logo\/image\/","url":"https:\/\/i0.wp.com\/www.xn--tapiasmarian-jhb.com\/wp-content\/uploads\/2022\/08\/favicon.png?fit=512%2C346&ssl=1","contentUrl":"https:\/\/i0.wp.com\/www.xn--tapiasmarian-jhb.com\/wp-content\/uploads\/2022\/08\/favicon.png?fit=512%2C346&ssl=1","width":512,"height":346,"caption":"Bodega Tapias Mari\u00f1\u00e1n"},"image":{"@id":"https:\/\/www.xn--tapiasmarian-jhb.com\/#\/schema\/logo\/image\/"},"sameAs":["https:\/\/www.facebook.com\/tapiasmarinan.bodega.1","https:\/\/www.instagram.com\/bodegatapiasmarinan\/"]}]}},"jetpack_sharing_enabled":true,"_links":{"self":[{"href":"https:\/\/www.xn--tapiasmarian-jhb.com\/gl\/wp-json\/wp\/v2\/product\/10940","targetHints":{"allow":["GET"]}}],"collection":[{"href":"https:\/\/www.xn--tapiasmarian-jhb.com\/gl\/wp-json\/wp\/v2\/product"}],"about":[{"href":"https:\/\/www.xn--tapiasmarian-jhb.com\/gl\/wp-json\/wp\/v2\/types\/product"}],"replies":[{"embeddable":true,"href":"https:\/\/www.xn--tapiasmarian-jhb.com\/gl\/wp-json\/wp\/v2\/comments?post=10940"}],"wp:featuredmedia":[{"embeddable":true,"href":"https:\/\/www.xn--tapiasmarian-jhb.com\/gl\/wp-json\/wp\/v2\/media\/11220"}],"wp:attachment":[{"href":"https:\/\/www.xn--tapiasmarian-jhb.com\/gl\/wp-json\/wp\/v2\/media?parent=10940"}],"wp:term":[{"taxonomy":"product_brand","embeddable":true,"href":"https:\/\/www.xn--tapiasmarian-jhb.com\/gl\/wp-json\/wp\/v2\/product_brand?post=10940"},{"taxonomy":"product_cat","embeddable":true,"href":"https:\/\/www.xn--tapiasmarian-jhb.com\/gl\/wp-json\/wp\/v2\/product_cat?post=10940"},{"taxonomy":"product_tag","embeddable":true,"href":"https:\/\/www.xn--tapiasmarian-jhb.com\/gl\/wp-json\/wp\/v2\/product_tag?post=10940"},{"taxonomy":"giftcard-category","embeddable":true,"href":"https:\/\/www.xn--tapiasmarian-jhb.com\/gl\/wp-json\/wp\/v2\/giftcard-category?post=10940"}],"curies":[{"name":"wp","href":"https:\/\/api.w.org\/{rel}","templated":true}]}}