{"id":15608,"date":"2025-10-21T11:43:58","date_gmt":"2025-10-21T09:43:58","guid":{"rendered":"https:\/\/www.xn--tapiasmarian-jhb.com\/?page_id=15608"},"modified":"2025-11-19T13:21:51","modified_gmt":"2025-11-19T12:21:51","slug":"newsletter","status":"publish","type":"page","link":"https:\/\/www.xn--tapiasmarian-jhb.com\/gl\/newsletter\/","title":{"rendered":"NEWSLETTER"},"content":{"rendered":"<div class=\"wpb-content-wrapper\"><div class=\"vc_row wpb_row vc_row-fluid eltdf-row-type-row\" style=\"\"><div class=\"wpb_column vc_column_container vc_col-sm-12\"><div class=\"vc_column-inner\"><div class=\"wpb_wrapper\"><div class=\"eltdf-vertical-split-slider\"><div class=\"eltdf-vss-ms-left\"><div class=\"eltdf-vss-ms-section\"  style=\"background-image: url(https:\/\/www.xn--tapiasmarian-jhb.com\/wp-content\/uploads\/2017\/03\/split-screen-img-1.jpg);text-align: left\">\n\t<\/div><\/div><div class=\"eltdf-vss-ms-right\"><div class=\"eltdf-vss-ms-section\"  style=\"text-align: left\">\n\t<div class=\"eltdf-elements-holder eltdf-responsive-mode-768\" ><div class=\"eltdf-eh-item\" data-item-class=\"eltdf-eh-custom-369233\" data-1024-1280=\"0px 19% 26px 19%\" data-768-1024=\"19% 21% 0% 21%\" data-600-768=\"41% 20% 0% 20%\" data-480-600=\"31% 5% 0 5%\" data-480=\"31% 5% 0 5%\" >\n\t<div class=\"eltdf-eh-item-inner\" >\n\t\t<div class=\"eltdf-eh-item-content eltdf-eh-custom-369233\" style=\"padding: 55px 19% 80px 19%\">\n\t\t\t\n\t<div class=\"wpb_text_column wpb_content_element vc_custom_1661417757052\" >\n\t\t<div class=\"wpb_wrapper\">\n\t\t\t<h6><span style=\"color: #b1af6a;\">Tapias Mari\u00f1\u00e1n<\/span><\/h6>\n\n\t\t<\/div>\n\t<\/div>\n\n\t<div class=\"wpb_text_column wpb_content_element vc_custom_1761040294484\" >\n\t\t<div class=\"wpb_wrapper\">\n\t\t\t<h3>Newsletter<\/h3>\n\n\t\t<\/div>\n\t<\/div>\n<div class=\"vc_empty_space\"   style=\"height: 25px\"><span class=\"vc_empty_space_inner\"><\/span><\/div><div class=\"vc_empty_space\"   style=\"height: 25px\"><span class=\"vc_empty_space_inner\"><\/span><\/div>\n\t<div class=\"wpb_text_column wpb_content_element\" >\n\t\t<div class=\"wpb_wrapper\">\n\t\t\t  \n  \n  <div class=\"mailpoet_form_popup_overlay\"><\/div>\n  <div\n    id=\"mailpoet_form_2\"\n    class=\"mailpoet_form      mailpoet_form_shortcode      mailpoet_form_position_      mailpoet_form_animation_\"\n      >\n\n    <style type=\"text\/css\">\n     #mailpoet_form_2 .mailpoet_form {  }\n#mailpoet_form_2 form { margin-bottom: 0; }\n#mailpoet_form_2 p.mailpoet_form_paragraph { margin-bottom: 10px; }\n#mailpoet_form_2 .mailpoet_column_with_background { padding: 10px; }\n#mailpoet_form_2 .mailpoet_form_column:not(:first-child) { margin-left: 20px; }\n#mailpoet_form_2 .mailpoet_paragraph { line-height: 20px; margin-bottom: 20px; }\n#mailpoet_form_2 .mailpoet_segment_label, #mailpoet_form_2 .mailpoet_text_label, #mailpoet_form_2 .mailpoet_textarea_label, #mailpoet_form_2 .mailpoet_select_label, #mailpoet_form_2 .mailpoet_radio_label, #mailpoet_form_2 .mailpoet_checkbox_label, #mailpoet_form_2 .mailpoet_list_label, #mailpoet_form_2 .mailpoet_date_label { display: block; font-weight: normal; }\n#mailpoet_form_2 .mailpoet_text, #mailpoet_form_2 .mailpoet_textarea, #mailpoet_form_2 .mailpoet_select, #mailpoet_form_2 .mailpoet_date_month, #mailpoet_form_2 .mailpoet_date_day, #mailpoet_form_2 .mailpoet_date_year, #mailpoet_form_2 .mailpoet_date { display: block; }\n#mailpoet_form_2 .mailpoet_text, #mailpoet_form_2 .mailpoet_textarea { width: 200px; }\n#mailpoet_form_2 .mailpoet_checkbox {  }\n#mailpoet_form_2 .mailpoet_submit {  }\n#mailpoet_form_2 .mailpoet_divider {  }\n#mailpoet_form_2 .mailpoet_message {  }\n#mailpoet_form_2 .mailpoet_form_loading { width: 30px; text-align: center; line-height: normal; }\n#mailpoet_form_2 .mailpoet_form_loading > span { width: 5px; height: 5px; background-color: #5b5b5b; }\n#mailpoet_form_2 h2.mailpoet-heading { margin: 0 0 20px 0; }\n#mailpoet_form_2 h1.mailpoet-heading { margin: 0 0 10px; }#mailpoet_form_2{border-radius: 25px;text-align: center;}#mailpoet_form_2 form.mailpoet_form {padding: 30px;}#mailpoet_form_2{width: 100%;}#mailpoet_form_2 .mailpoet_message {margin: 0; padding: 0 20px;}\n        #mailpoet_form_2 .mailpoet_validate_success {color: #00d084}\n        #mailpoet_form_2 input.parsley-success {color: #00d084}\n        #mailpoet_form_2 select.parsley-success {color: #00d084}\n        #mailpoet_form_2 textarea.parsley-success {color: #00d084}\n      \n        #mailpoet_form_2 .mailpoet_validate_error {color: #cf2e2e}\n        #mailpoet_form_2 input.parsley-error {color: #cf2e2e}\n        #mailpoet_form_2 select.parsley-error {color: #cf2e2e}\n        #mailpoet_form_2 textarea.textarea.parsley-error {color: #cf2e2e}\n        #mailpoet_form_2 .parsley-errors-list {color: #cf2e2e}\n        #mailpoet_form_2 .parsley-required {color: #cf2e2e}\n        #mailpoet_form_2 .parsley-custom-error-message {color: #cf2e2e}\n      #mailpoet_form_2 .mailpoet_paragraph.last {margin-bottom: 0} @media (max-width: 500px) {#mailpoet_form_2 {background-image: none;}} @media (min-width: 500px) {#mailpoet_form_2 .last .mailpoet_paragraph:last-child {margin-bottom: 0}}  @media (max-width: 500px) {#mailpoet_form_2 .mailpoet_form_column:last-child .mailpoet_paragraph:last-child {margin-bottom: 0}} \n    <\/style>\n\n    <form\n      target=\"_self\"\n      method=\"post\"\n      action=\"https:\/\/www.xn--tapiasmarian-jhb.com\/wp-admin\/admin-post.php?action=mailpoet_subscription_form\"\n      class=\"mailpoet_form mailpoet_form_form mailpoet_form_shortcode\"\n      novalidate\n data-delay=\"\"\n      data-exit-intent-enabled=\"\"\n      data-font-family=\"\"\n      data-cookie-expiration-time=\"\"\n    >\n      <input type=\"hidden\" name=\"data[form_id]\" value=\"2\" \/>\n      <input type=\"hidden\" name=\"token\" value=\"89cee16829\" \/>\n      <input type=\"hidden\" name=\"api_version\" value=\"v1\" \/>\n      <input type=\"hidden\" name=\"endpoint\" value=\"subscribers\" \/>\n      <input type=\"hidden\" name=\"mailpoet_method\" value=\"subscribe\" \/>\n\n      <label class=\"mailpoet_hp_email_label\" style=\"display: none !important;\">Please leave this field empty<input type=\"email\" name=\"data[email]\"\/><\/label><div class=\"mailpoet_form_image\"><figure class=\"size-full aligncenter\"><img data-recalc-dims=\"1\" decoding=\"async\" src=\"https:\/\/i0.wp.com\/www.xn--tapiasmarian-jhb.com\/wp-content\/uploads\/2025\/11\/icononewsletter.webp?resize=95%2C90&#038;ssl=1\" alt class=\"wp-image-15795\" srcset=\"https:\/\/i0.wp.com\/www.xn--tapiasmarian-jhb.com\/wp-content\/uploads\/2025\/11\/icononewsletter.webp?w=250&ssl=1 250w, https:\/\/i0.wp.com\/www.xn--tapiasmarian-jhb.com\/wp-content\/uploads\/2025\/11\/icononewsletter.webp?resize=150%2C150&ssl=1 150w, https:\/\/i0.wp.com\/www.xn--tapiasmarian-jhb.com\/wp-content\/uploads\/2025\/11\/icononewsletter.webp?resize=12%2C12&ssl=1 12w, https:\/\/i0.wp.com\/www.xn--tapiasmarian-jhb.com\/wp-content\/uploads\/2025\/11\/icononewsletter.webp?resize=100%2C100&ssl=1 100w\" width=\"95\" height=\"90\" style=\"width: 95px;height: 90px\"><\/figure><\/div>\n<div class='mailpoet_spacer' style='height: 1px;'><\/div>\n<h2 class=\"mailpoet-heading  mailpoet-has-font-size\" style=\"text-align: center; color: #48122b; font-size: 20px; line-height: 1.5\"><strong>Hola,<br>Suscribete a nuestra Newsletter<\/strong><\/h2>\n<h3 class=\"mailpoet-heading  mailpoet-has-font-size\" style=\"text-align: center; font-size: 18px; line-height: 1.5\">Formando parte de nuestra comunidad\u00a0<strong>podr\u00e1s disfrutar de Descuentos todo el a\u00f1o.<\/strong> F\u00e1cil y sencillo. <\/h3>\n<h3 class=\"mailpoet-heading  mailpoet-has-font-size\" style=\"text-align: center; font-size: 18px; line-height: 1.5\">Visita un lugar m\u00e1xico e conecta coa natureza e a historia.<\/h3>\n<div class='mailpoet_spacer' style='height: 1px;'><\/div>\n<div class=\"mailpoet_paragraph\"><input type=\"email\" autocomplete=\"email\" class=\"mailpoet_text\" id=\"form_email_2\" name=\"data[form_field_ZjE2YThjN2UyZjZiX2VtYWls]\" title=\"Direcci\u00f3n de correo electr\u00f3nico\" value=\"\" style=\"width:100%;box-sizing:border-box;background-color:#f1f1f1;border-style:solid;border-radius:40px !important;border-width:0px;border-color:#313131;padding:15px;margin: 0 auto;font-family:&#039;Montserrat&#039;;font-size:16px;line-height:1.5;height:auto;\" data-automation-id=\"form_email\"  placeholder=\"Direcci\u00f3n de correo electr\u00f3nico *\" aria-label=\"Direcci\u00f3n de correo electr\u00f3nico *\" data-parsley-errors-container=\".mailpoet_error_1vb4h\" data-parsley-required=\"true\" required aria-required=\"true\" data-parsley-minlength=\"6\" data-parsley-maxlength=\"150\" data-parsley-type-message=\"This value should be a valid email.\" data-parsley-required-message=\"This field is required.\"\/><span class=\"mailpoet_error_1vb4h\"><\/span><\/div>\n<div class=\"mailpoet_paragraph\"><input type=\"submit\" class=\"mailpoet_submit\" value=\"Suscr\u00edbete\" data-automation-id=\"subscribe-submit-button\" data-font-family='Montserrat' style=\"width:100%;box-sizing:border-box;background-color:#48122b;border-style:solid;border-radius:9px !important;border-width:0px;border-color:#313131;padding:15px;margin: 0 auto;font-family:&#039;Montserrat&#039;;font-size:20px;line-height:1.5;height:auto;color:#ffffff;font-weight:bold;\" \/><span class=\"mailpoet_form_loading\"><span class=\"mailpoet_bounce1\"><\/span><span class=\"mailpoet_bounce2\"><\/span><span class=\"mailpoet_bounce3\"><\/span><\/span><\/div>\n<p class=\"mailpoet_form_paragraph  mailpoet-has-font-size\" style=\"text-align: center; font-size: 13px; line-height: 1.5\"><em>\u00a1No hacemos spam! Lee nuestra <a href=\"#\">pol\u00edtica de privacidad<\/a> para obtener m\u00e1s informaci\u00f3n.<\/em><\/p>\n\n      <div class=\"mailpoet_message\">\n        <p class=\"mailpoet_validate_success\"\n                style=\"display:none;\"\n                >Revisa tu bandeja de entrada o la carpeta de spam para confirmar tu suscripci\u00f3n.\n        <\/p>\n        <p class=\"mailpoet_validate_error\"\n                style=\"display:none;\"\n                >        <\/p>\n      <\/div>\n    <\/form>\n\n      <\/div>\n\n  \n\n\t\t<\/div>\n\t<\/div>\n\t\t<\/div>\n\t<\/div>\n\t<\/div><\/div><\/div><\/div><\/div><\/div><\/div><\/div><\/div>\n<\/div>","protected":false},"excerpt":{"rendered":"Tapias Mari\u00f1\u00e1n Newsletter Please leave this field empty Hola,Suscribete a nuestra Newsletter Formando parte de nuestra comunidad\u00a0podr\u00e1s disfrutar de Descuentos todo el a\u00f1o. F\u00e1cil y sencillo. Visita un lugar m\u00e1gico y conecta con la naturaleza e historia. \u00a1No hacemos spam! Lee nuestra pol\u00edtica de privacidad [...]","protected":false},"author":3,"featured_media":0,"parent":0,"menu_order":0,"comment_status":"closed","ping_status":"closed","template":"full-width.php","meta":{"footnotes":""},"class_list":["post-15608","page","type-page","status-publish","hentry"],"yoast_head":"<!-- This site is optimized with the Yoast SEO plugin v26.5 - https:\/\/yoast.com\/wordpress\/plugins\/seo\/ -->\n<title>NEWSLETTER - Bodega Tapias Mari\u00f1\u00e1n<\/title>\n<meta name=\"robots\" content=\"index, follow, max-snippet:-1, max-image-preview:large, max-video-preview:-1\" \/>\n<link rel=\"canonical\" href=\"https:\/\/www.xn--tapiasmarian-jhb.com\/gl\/newsletter\/\" \/>\n<meta property=\"og:locale\" content=\"gl_ES\" \/>\n<meta property=\"og:type\" content=\"article\" \/>\n<meta property=\"og:title\" content=\"NEWSLETTER - Bodega Tapias Mari\u00f1\u00e1n\" \/>\n<meta property=\"og:url\" content=\"https:\/\/www.xn--tapiasmarian-jhb.com\/gl\/newsletter\/\" \/>\n<meta property=\"og:site_name\" content=\"Bodega Tapias Mari\u00f1\u00e1n\" \/>\n<meta property=\"article:publisher\" content=\"https:\/\/www.facebook.com\/tapiasmarinan.bodega.1\" \/>\n<meta property=\"article:modified_time\" content=\"2025-11-19T12:21:51+00:00\" \/>\n<meta property=\"og:image\" content=\"https:\/\/i0.wp.com\/www.xn--tapiasmarian-jhb.com\/wp-content\/uploads\/2022\/08\/favicon.png?fit=512%2C346&ssl=1\" \/>\n\t<meta property=\"og:image:width\" content=\"512\" \/>\n\t<meta property=\"og:image:height\" content=\"346\" \/>\n\t<meta property=\"og:image:type\" content=\"image\/png\" \/>\n<meta name=\"twitter:card\" content=\"summary_large_image\" \/>\n<meta name=\"twitter:label1\" content=\"Tempo de lectura\" \/>\n\t<meta name=\"twitter:data1\" content=\"1 minuto\" \/>\n<script type=\"application\/ld+json\" class=\"yoast-schema-graph\">{\"@context\":\"https:\/\/schema.org\",\"@graph\":[{\"@type\":\"WebPage\",\"@id\":\"https:\/\/www.xn--tapiasmarian-jhb.com\/newsletter\/\",\"url\":\"https:\/\/www.xn--tapiasmarian-jhb.com\/newsletter\/\",\"name\":\"NEWSLETTER - Bodega Tapias Mari\u00f1\u00e1n\",\"isPartOf\":{\"@id\":\"https:\/\/www.xn--tapiasmarian-jhb.com\/#website\"},\"datePublished\":\"2025-10-21T09:43:58+00:00\",\"dateModified\":\"2025-11-19T12:21:51+00:00\",\"breadcrumb\":{\"@id\":\"https:\/\/www.xn--tapiasmarian-jhb.com\/newsletter\/#breadcrumb\"},\"inLanguage\":\"gl-ES\",\"potentialAction\":[{\"@type\":\"ReadAction\",\"target\":[\"https:\/\/www.xn--tapiasmarian-jhb.com\/newsletter\/\"]}]},{\"@type\":\"BreadcrumbList\",\"@id\":\"https:\/\/www.xn--tapiasmarian-jhb.com\/newsletter\/#breadcrumb\",\"itemListElement\":[{\"@type\":\"ListItem\",\"position\":1,\"name\":\"Portada\",\"item\":\"https:\/\/www.xn--tapiasmarian-jhb.com\/\"},{\"@type\":\"ListItem\",\"position\":2,\"name\":\"NEWSLETTER\"}]},{\"@type\":\"WebSite\",\"@id\":\"https:\/\/www.xn--tapiasmarian-jhb.com\/#website\",\"url\":\"https:\/\/www.xn--tapiasmarian-jhb.com\/\",\"name\":\"Bodega Tapias Mari\u00f1\u00e1n\",\"description\":\"Bodega de la D.O. Monterrei\",\"publisher\":{\"@id\":\"https:\/\/www.xn--tapiasmarian-jhb.com\/#organization\"},\"alternateName\":\"Tapias Mari\u00f1an\",\"potentialAction\":[{\"@type\":\"SearchAction\",\"target\":{\"@type\":\"EntryPoint\",\"urlTemplate\":\"https:\/\/www.xn--tapiasmarian-jhb.com\/?s={search_term_string}\"},\"query-input\":{\"@type\":\"PropertyValueSpecification\",\"valueRequired\":true,\"valueName\":\"search_term_string\"}}],\"inLanguage\":\"gl-ES\"},{\"@type\":\"Organization\",\"@id\":\"https:\/\/www.xn--tapiasmarian-jhb.com\/#organization\",\"name\":\"Bodega Tapias Mari\u00f1\u00e1n\",\"alternateName\":\"Tapias Mari\u00f1an\",\"url\":\"https:\/\/www.xn--tapiasmarian-jhb.com\/\",\"logo\":{\"@type\":\"ImageObject\",\"inLanguage\":\"gl-ES\",\"@id\":\"https:\/\/www.xn--tapiasmarian-jhb.com\/#\/schema\/logo\/image\/\",\"url\":\"https:\/\/i0.wp.com\/www.xn--tapiasmarian-jhb.com\/wp-content\/uploads\/2022\/08\/favicon.png?fit=512%2C346&ssl=1\",\"contentUrl\":\"https:\/\/i0.wp.com\/www.xn--tapiasmarian-jhb.com\/wp-content\/uploads\/2022\/08\/favicon.png?fit=512%2C346&ssl=1\",\"width\":512,\"height\":346,\"caption\":\"Bodega Tapias Mari\u00f1\u00e1n\"},\"image\":{\"@id\":\"https:\/\/www.xn--tapiasmarian-jhb.com\/#\/schema\/logo\/image\/\"},\"sameAs\":[\"https:\/\/www.facebook.com\/tapiasmarinan.bodega.1\",\"https:\/\/www.instagram.com\/bodegatapiasmarinan\/\"]}]}<\/script>\n<!-- \/ Yoast SEO plugin. -->","yoast_head_json":{"title":"NEWSLETTER - Bodega Tapias Mari\u00f1\u00e1n","robots":{"index":"index","follow":"follow","max-snippet":"max-snippet:-1","max-image-preview":"max-image-preview:large","max-video-preview":"max-video-preview:-1"},"canonical":"https:\/\/www.xn--tapiasmarian-jhb.com\/gl\/newsletter\/","og_locale":"gl_ES","og_type":"article","og_title":"NEWSLETTER - Bodega Tapias Mari\u00f1\u00e1n","og_url":"https:\/\/www.xn--tapiasmarian-jhb.com\/gl\/newsletter\/","og_site_name":"Bodega Tapias Mari\u00f1\u00e1n","article_publisher":"https:\/\/www.facebook.com\/tapiasmarinan.bodega.1","article_modified_time":"2025-11-19T12:21:51+00:00","og_image":[{"width":512,"height":346,"url":"https:\/\/i0.wp.com\/www.xn--tapiasmarian-jhb.com\/wp-content\/uploads\/2022\/08\/favicon.png?fit=512%2C346&ssl=1","type":"image\/png"}],"twitter_card":"summary_large_image","twitter_misc":{"Tempo de lectura":"1 minuto"},"schema":{"@context":"https:\/\/schema.org","@graph":[{"@type":"WebPage","@id":"https:\/\/www.xn--tapiasmarian-jhb.com\/newsletter\/","url":"https:\/\/www.xn--tapiasmarian-jhb.com\/newsletter\/","name":"NEWSLETTER - Bodega Tapias Mari\u00f1\u00e1n","isPartOf":{"@id":"https:\/\/www.xn--tapiasmarian-jhb.com\/#website"},"datePublished":"2025-10-21T09:43:58+00:00","dateModified":"2025-11-19T12:21:51+00:00","breadcrumb":{"@id":"https:\/\/www.xn--tapiasmarian-jhb.com\/newsletter\/#breadcrumb"},"inLanguage":"gl-ES","potentialAction":[{"@type":"ReadAction","target":["https:\/\/www.xn--tapiasmarian-jhb.com\/newsletter\/"]}]},{"@type":"BreadcrumbList","@id":"https:\/\/www.xn--tapiasmarian-jhb.com\/newsletter\/#breadcrumb","itemListElement":[{"@type":"ListItem","position":1,"name":"Portada","item":"https:\/\/www.xn--tapiasmarian-jhb.com\/"},{"@type":"ListItem","position":2,"name":"NEWSLETTER"}]},{"@type":"WebSite","@id":"https:\/\/www.xn--tapiasmarian-jhb.com\/#website","url":"https:\/\/www.xn--tapiasmarian-jhb.com\/","name":"Bodega Tapias Mari\u00f1\u00e1n","description":"Bodega de la D.O. Monterrei","publisher":{"@id":"https:\/\/www.xn--tapiasmarian-jhb.com\/#organization"},"alternateName":"Tapias Mari\u00f1an","potentialAction":[{"@type":"SearchAction","target":{"@type":"EntryPoint","urlTemplate":"https:\/\/www.xn--tapiasmarian-jhb.com\/?s={search_term_string}"},"query-input":{"@type":"PropertyValueSpecification","valueRequired":true,"valueName":"search_term_string"}}],"inLanguage":"gl-ES"},{"@type":"Organization","@id":"https:\/\/www.xn--tapiasmarian-jhb.com\/#organization","name":"Bodega Tapias Mari\u00f1\u00e1n","alternateName":"Tapias Mari\u00f1an","url":"https:\/\/www.xn--tapiasmarian-jhb.com\/","logo":{"@type":"ImageObject","inLanguage":"gl-ES","@id":"https:\/\/www.xn--tapiasmarian-jhb.com\/#\/schema\/logo\/image\/","url":"https:\/\/i0.wp.com\/www.xn--tapiasmarian-jhb.com\/wp-content\/uploads\/2022\/08\/favicon.png?fit=512%2C346&ssl=1","contentUrl":"https:\/\/i0.wp.com\/www.xn--tapiasmarian-jhb.com\/wp-content\/uploads\/2022\/08\/favicon.png?fit=512%2C346&ssl=1","width":512,"height":346,"caption":"Bodega Tapias Mari\u00f1\u00e1n"},"image":{"@id":"https:\/\/www.xn--tapiasmarian-jhb.com\/#\/schema\/logo\/image\/"},"sameAs":["https:\/\/www.facebook.com\/tapiasmarinan.bodega.1","https:\/\/www.instagram.com\/bodegatapiasmarinan\/"]}]}},"jetpack_sharing_enabled":true,"_links":{"self":[{"href":"https:\/\/www.xn--tapiasmarian-jhb.com\/gl\/wp-json\/wp\/v2\/pages\/15608","targetHints":{"allow":["GET"]}}],"collection":[{"href":"https:\/\/www.xn--tapiasmarian-jhb.com\/gl\/wp-json\/wp\/v2\/pages"}],"about":[{"href":"https:\/\/www.xn--tapiasmarian-jhb.com\/gl\/wp-json\/wp\/v2\/types\/page"}],"author":[{"embeddable":true,"href":"https:\/\/www.xn--tapiasmarian-jhb.com\/gl\/wp-json\/wp\/v2\/users\/3"}],"replies":[{"embeddable":true,"href":"https:\/\/www.xn--tapiasmarian-jhb.com\/gl\/wp-json\/wp\/v2\/comments?post=15608"}],"version-history":[{"count":5,"href":"https:\/\/www.xn--tapiasmarian-jhb.com\/gl\/wp-json\/wp\/v2\/pages\/15608\/revisions"}],"predecessor-version":[{"id":15799,"href":"https:\/\/www.xn--tapiasmarian-jhb.com\/gl\/wp-json\/wp\/v2\/pages\/15608\/revisions\/15799"}],"wp:attachment":[{"href":"https:\/\/www.xn--tapiasmarian-jhb.com\/gl\/wp-json\/wp\/v2\/media?parent=15608"}],"curies":[{"name":"wp","href":"https:\/\/api.w.org\/{rel}","templated":true}]}}