{"id":13798,"date":"2023-05-18T18:19:30","date_gmt":"2023-05-18T16:19:30","guid":{"rendered":"https:\/\/xn--tapiasmarian-jhb.com\/?page_id=13798"},"modified":"2023-05-18T20:21:33","modified_gmt":"2023-05-18T18:21:33","slug":"condicions-de-venda","status":"publish","type":"page","link":"https:\/\/www.xn--tapiasmarian-jhb.com\/gl\/condicions-de-venda\/","title":{"rendered":"Condici\u00f3ns de venda"},"content":{"rendered":"<h3>CAR\u00c1CTER DO CONTRATO<\/h3>\n<p><span style=\"font-weight: 400;\">As presentes condici\u00f3ns de contrataci\u00f3n son de aplicaci\u00f3n \u00e1 compravenda de produtos na web de PAZO BLANCO N\u00da\u00d1EZ S.L. O idioma das devanditas condici\u00f3ns \u00e9 o castel\u00e1n e o galego. Estas condici\u00f3ns de contrataci\u00f3n red\u00e1ctanse de conformidade co disposto no Real Decreto Lexislativo 1\/2007, do 16 de novembro, polo que se aproba o texto refundido da Lei Xeral para a Defensa dos Consumidores e Usuarios e ter\u00e1n forza de contrato entre as partes una que sexan aceptadas.<\/span><\/p>\n<h3>QUEN SOMOS<\/h3>\n<p><span style=\"font-weight: 400;\">O prestador de servizos \u00e9 PAXO BLANCO N\u00da\u00d1EZ SL (en diante Tapias Mari\u00f1\u00e1n) con domicilio a efectos de notificaci\u00f3ns en Estr. NACIONAL 525&nbsp; KM170,&nbsp; 4&nbsp; PAZOS &#8211; 32.619 \u2013 VERIN, Ourense, e n\u00famero de Identificaci\u00f3n Fiscal B61505830&nbsp;<\/span><\/p>\n<h3>CONTIDOS E INFORMACI\u00d3N FORNECIDA NA P\u00c1XINA<\/h3>\n<p><span style=\"font-weight: 400;\">Tapias Mari\u00f1\u00e1n res\u00e9rvase o dereito para modificar a oferta comercial presentada na s\u00faa p\u00e1xina (modificaci\u00f3ns sobre produtos, prezos, promoci\u00f3ns e calquera outra condici\u00f3n dos produtos e servizos ofrecidos) en calquera momento.<\/span><\/p>\n<p><span style=\"font-weight: 400;\">Tapias Mari\u00f1\u00e1n fai todos os esforzos dentro dos seus medios para ofrecer a informaci\u00f3n contida no website de forma veraz e sen erros tipogr\u00e1ficos.<\/span><\/p>\n<p><span style=\"font-weight: 400;\">No caso que nalg\u00fan momento se producise alg\u00fan erro deste tipo, alleo en todo momento \u00e1 vontade de Tapias Mari\u00f1\u00e1n proceder\u00edase inmediatamente \u00e1 s\u00faa correcci\u00f3n. De existir un erro tipogr\u00e1fico nalg\u00fan dos prezos mostrados e alg\u00fan cliente tomase unha decisi\u00f3n de compra baseada no devandito erro, Tapias Mari\u00f1\u00e1n comunicaralle ao cliente devandito erro e o cliente ter\u00e1 dereito a rescindir a s\u00faa compra sen ning\u00fan custo pola s\u00faa banda.<\/span><\/p>\n<p><span style=\"font-weight: 400;\">Os contidos do espazo web www.tapiasmari\u00f1an.com poder\u00edan, en ocasi\u00f3ns, mostrar informaci\u00f3n provisional sobre alg\u00fans produtos. No caso que a informaci\u00f3n facilitada non correspondese \u00e1s caracter\u00edsticas do produto o cliente ter\u00e1 dereito a rescindir a s\u00faa compra sen ning\u00fan custo pola s\u00faa banda.<\/span><\/p>\n<h3>\u00bfCOMO PODO FACER UN PEDIDO?<\/h3>\n<p><span style=\"font-weight: 400;\">Para realizar un pedido vostede debe ser maior de 18 anos. Pode facer un pedido mediante<\/span><\/p>\n<ul>\n<li><span style=\"font-weight: 400;\">A s\u00faa conta de usuario como usuario rexistrado<\/span><\/li>\n<li><span style=\"font-weight: 400;\">Como convidado sen rexistro<\/span><\/li>\n<\/ul>\n<p><span style=\"font-weight: 400;\">O usuario independentemente do sistema que adopte, pode navegar entre os distintos produtos e seleccionar o que desexe engad\u00edndoo ao seu carri\u00f1o da compra. Pode engadir tantos produtos distintos ou unidades do mesmo produto como desexe.<\/span><\/p>\n<p><span style=\"font-weight: 400;\">Unha vez que desexe finalizar a compra debe pulsar no bot\u00f3n correspondente podendo realizar o pago sen estar rexistrado ou mediante os datos de usuario rexistrado.<\/span><\/p>\n<p><span style=\"font-weight: 400;\">Antes de finalizar o proceso de pago o usuario poder\u00e1 ver o custo final e completo do seu pedido, o cal ser\u00e1 enviado ao seu correo electr\u00f3nico unha vez formalizado o pedido.<\/span><\/p>\n<p><span style=\"font-weight: 400;\">Unha vez efectuado o pago recibir\u00e1 no seu correo electr\u00f3nico unha confirmaci\u00f3n de compra cun resumo do pedido e das condici\u00f3ns de venda.<\/span><\/p>\n<p><span style=\"font-weight: 400;\">Dentro do interese lex\u00edtimo do vendedor poderemos informarlle sobre as incidencias relativas ao seu pedido a trav\u00e9s dos medios de contacto facilitados, inclu\u00eddos servizos de mensaxer\u00eda instant\u00e1nea.<\/span><\/p>\n<p><span style=\"font-weight: 400;\">No caso de que o usuario opte por cancelar as notificaci\u00f3ns por medios electr\u00f3nicos poder\u00e1 deixar de recibir notificaci\u00f3ns importantes relativas ao seu pedido, non fac\u00e9ndose Tapias Mari\u00f1\u00e1n responsable de demoras na entrega por tal circunstancia.<\/span><\/p>\n<h3>DISPO\u00d1IBILIDADE DOS PRODUTOS<\/h3>\n<p><span style=\"font-weight: 400;\">Tapias Mari\u00f1\u00e1n garante aos seus clientes a dispo\u00f1ibilidade e o prazo de entrega dos produtos que se ofrecen no seu website. Todos os produtos est\u00e1n suxeitos a l\u00edmite de existencias.<\/span><\/p>\n<p><span style=\"font-weight: 400;\">Se alg\u00fan produto non estivese dispo\u00f1ible unha vez realizado o pedido, informar\u00e9moslle a maior brevidade. En tal caso poder\u00e1 resolver a s\u00faa compra e devolver\u00e1selle o importe \u00edntegro da mesma polo mesmo medio de pago realizado.<\/span><\/p>\n<p><span style=\"font-weight: 400;\">O prezo dos produtos ser\u00e1 o que se estipule en cada momento no noso sitio web.<\/span><\/p>\n<h3>\u00c1MBITO XEOGR\u00c1FICO<\/h3>\n<p><span style=\"font-weight: 400;\">Tapias Mari\u00f1\u00e1n unicamente env\u00eda os seus produtos \u00e1 pen\u00ednsula ib\u00e9rica. Calquera pedido recibido que te\u00f1a por destino calquera outra localizaci\u00f3n xeogr\u00e1fica ser\u00e1 anulado de forma autom\u00e1tica. O usuario recibir\u00e1 unha comunicaci\u00f3n indic\u00e1ndolle a cancelaci\u00f3n do mesmo.<\/span><\/p>\n<h3>IMPOSTO SOBRE O VALOR ENGADIDO<\/h3>\n<p><span style=\"font-weight: 400;\">Os prezos dos produtos expostos na p\u00e1xina web www.tapiasmari\u00f1an.com non incl\u00faen o Imposto sobre o Valor Engadido (IVE). O devandito imposto incrementarase na p\u00e1xina de resumo de pedido, onde se poder\u00e1n revisar os produtos subidos ao carri\u00f1o, os seus prezos e o incremento do IVE correspondente.<\/span><\/p>\n<h3>FORMA DE PAGO<\/h3>\n<p><span style=\"font-weight: 400;\">Ao formular o pedido, o cliente pode elixir abonar as compras que realice mediante pasarela de pago que acepta pago con tarxeta de d\u00e9bito\/cr\u00e9dito.<\/span><\/p>\n<p><span style=\"font-weight: 400;\">Se desexa obter factura da s\u00faa compra pode solicitala a info@tapiasmarinhan.com.<\/span><\/p>\n<h3>GASTOS, FORMA E PRAZOS DE ENV\u00cdO<\/h3>\n<p><span style=\"font-weight: 400;\">Os gastos de env\u00edo aplicables aos nosos pedidos son en todos os casos de 72\u20ac IVE inclu\u00eddo.&nbsp;<\/span><\/p>\n<p><span style=\"font-weight: 400;\">Todos os pedidos entregaranse nun prazo de un a catro d\u00edas laborais a partir do momento da compra.<\/span><\/p>\n<p><span style=\"font-weight: 400;\">O env\u00edo real\u00edzase a trav\u00e9s de correos express a\u00ednda que puntualmente e por causas de lox\u00edstica p\u00f3dese contratar outro servizo. O momento de recibir o resumo da s\u00faa compra notificar\u00e1selle un localizador para que poida consultar o estado do seu env\u00edo.<\/span><\/p>\n<p><span style=\"font-weight: 400;\">A entrega levarase a cabo na direcci\u00f3n sinalada no momento da compra. En caso de non atoparse nese momento o destinatario deixar\u00e1selle un aviso para que proceda a recollelo nas oficinas de correos m\u00e1is pr\u00f3ximas ao seu domicilio.<\/span><\/p>\n<p><span style=\"font-weight: 400;\">Tapias de Mari\u00f1\u00e1n env\u00eda os seus pedidos nunha embalaxe especialmente dese\u00f1ada para protexer os seus produtos durante o transporte e minimizar a posibilidade de accidentes e deterioraci\u00f3ns. Ademais, todos os nosos env\u00edos est\u00e1n garantidos e contan cun seguro contra perda ou rotura.<\/span><\/p>\n<h3>GARANT\u00cdA DE DEVOLUCI\u00d3N<\/h3>\n<p><span style=\"font-weight: 400;\">Ante un eventual dano producido durante o transporte, Tapias de Mari\u00f1\u00e1n enc\u00e1rgase da s\u00faa recuperaci\u00f3n e prep\u00e1ralle un novo env\u00edo inmediatamente.<\/span><\/p>\n<p><span style=\"font-weight: 400;\">De igual modo, ofrecemos a posibilidade de devolver ou substitu\u00edr parte ou a totalidade do seu pedido no caso de que o produto recibido non estivese en condici\u00f3ns.<\/span><\/p>\n<p><span style=\"font-weight: 400;\">En caso de devoluci\u00f3n porque o produto presente defectos de fabricaci\u00f3n, Tapias de Mari\u00f1\u00e1n correr\u00e1 ademais cos custos de env\u00edo. Nestes casos o cliente dispo\u00f1er\u00e1 de 30 d\u00edas naturais para proceder \u00e1 devoluci\u00f3n do produto.<\/span><\/p>\n<p><span style=\"font-weight: 400;\">O cliente poder\u00e1 devolver calquera artigo que comprase na nosa tenda, a condici\u00f3n de que os produtos presenten alg\u00fan dano e non fosen usados ou abertos.<\/span><\/p>\n<p><span style=\"font-weight: 400;\">Nestes casos, Tapias de Mari\u00f1\u00e1n, devolver\u00e1 o di\u00f1eiro da compra a trav\u00e9s do mesmo medio de pago ou ben a trav\u00e9s dun abono na conta do usuario mediante cr\u00e9ditos. Tam\u00e9n se pode, se o prefire, recibir un novo produto sen custo.<\/span><\/p>\n<p><span style=\"font-weight: 400;\">Se un produto distinto ao solicitado polo cliente fose entregado por erro de Tapias de Mari\u00f1\u00e1n, entregar\u00e1selle o produto correcto sen ning\u00fan cargo adicional para o comprador, correndo Tapias de Mari\u00f1\u00e1n, cos gastos de transporte da devoluci\u00f3n e do novo env\u00edo.<\/span><\/p>\n<p><span style=\"font-weight: 400;\">Tapias de Mari\u00f1\u00e1n non se fai responsable do mal uso ou manipulaci\u00f3n do produto por parte do cliente. En tal caso Tapias de Mari\u00f1\u00e1n, non se fai responsable do mesmo e non proceder\u00e1 \u00e1 s\u00faa devoluci\u00f3n.<\/span><\/p>\n<p><span style=\"font-weight: 400;\">Para calquera incidencia relacionada coa devoluci\u00f3n de produtos ou artigos da nosa tenda pode contactar co noso departamento de Atenci\u00f3n ao cliente v\u00eda email info@tapiasmarinhan.com.<\/span><\/p>\n<h3>DEREITO DE DESESTIMIENTO<\/h3>\n<p><span style=\"font-weight: 400;\">No caso de que o pedido non se axuste \u00e1s s\u00faas expectativas, disp\u00f3n de 14 d\u00edas naturais para devolvernos o seu pedido con total liberdade e sen custo alg\u00fan para vostede, salvo os gastos de devoluci\u00f3n que correr\u00e1n por conta do cliente.&nbsp; Pode exercer devandito dereito mediante o noso formulario picando <a href=\"https:\/\/www.xn--tapiasmarian-jhb.com\/wp-content\/uploads\/2023\/05\/desistencia.pdf\" target=\"_blank\" rel=\"noopener\">aqu\u00ed<\/a>.<\/span><\/p>\n<h3>OBRIGAS DO CLIENTE<\/h3>\n<p><span style=\"font-weight: 400;\">O cliente comprom\u00e9tese en todo momento a facilitar informaci\u00f3n veraz sobre os datos solicitados nos formularios de rexistro de usuario ou de realizaci\u00f3n do pedido, e a mantelos actualizados en todo momento, as\u00ed como custodiar con dilixencia as claves de acceso que se lle proporcionen para o acceso \u00e1 p\u00e1xina web.<\/span><\/p>\n<p><span style=\"font-weight: 400;\">O cliente comprom\u00e9tese a aceptar todas as disposici\u00f3ns e condici\u00f3ns recollidas nas presentes Condici\u00f3ns Xerais de Contrataci\u00f3n entendendo que recollen a mellor vontade de servizo posible para o tipo de actividade que desenvolve Tapias de Mari\u00f1\u00e1n.<\/span><\/p>\n<p><span style=\"font-weight: 400;\">O cliente comprom\u00e9tese a posibilitar a entrega do pedido solicitado facilitando unha direcci\u00f3n de entrega e un n\u00famero de tel\u00e9fono na que poida ser entregado o pedido solicitado dentro do horario habitual de entrega de mercador\u00edas (de luns a venres de 09:00 a 14:00 e de 16:00 a 19:00) ou aquel que lle especifique o repartidor no seu caso. En caso de incumprimento por parte do cliente desta obriga, Tapias de Mari\u00f1\u00e1n non ter\u00e1 ningunha responsabilidade sobre o atraso ou imposibilidade de entrega do pedido solicitado polo cliente.<\/span><\/p>\n<h3>PROTECCI\u00d3N DE DATOS E CONFIDENCIALIDADE<\/h3>\n<p><span style=\"font-weight: 400;\">Para co\u00f1ecer a nosa pol\u00edtica de protecci\u00f3n de datos faga pode acceder \u00e1 nosa Pol\u00edtica de Privacidade.&nbsp;<\/span><\/p>\n<p><span style=\"font-weight: 400;\">Todas as operaci\u00f3ns de pago on-line real\u00edzanse a trav\u00e9s dun servidor seguro, baseado no est\u00e1ndar SSL que protexe os datos fronte a intentos de violaci\u00f3n por terceiros. Os datos do proceso de compra g\u00e1rdanse nunha base de datos dese\u00f1ada para tal efecto.<\/span><\/p>\n<p><span style=\"font-weight: 400;\">Os datos de compra, en cumprimento coa lexislaci\u00f3n espa\u00f1ola ser\u00e1n conservados polo menos durante cinco anos polo que non se poder\u00e1n borrar nin rectificar a\u00ednda que o cliente as\u00ed o solicite.<\/span><\/p>\n<h3>LEXISLACI\u00d3N APLICABLE E FORO<\/h3>\n<p><span style=\"font-weight: 400;\">A lexislaci\u00f3n aplicable para resolver calquera conflito respecto a a interpretaci\u00f3n destas condici\u00f3ns, \u00e9 a lexislaci\u00f3n espa\u00f1ola, as\u00ed como os Tratados Internacionais que subscribise Espa\u00f1a.<\/span><\/p>\n<p><span style=\"font-weight: 400;\">As partes som\u00e9tense, \u00e1 s\u00faa elecci\u00f3n, para a resoluci\u00f3n dos conflitos e con renuncia a calquera outro foro, aos xulgados e tribunais do domicilio do usuario.<\/span><\/p>\n<h3>COMO PO\u00d1ERSE EN CONTACTO<\/h3>\n<p><span style=\"font-weight: 400;\">Se desexa aclarar calquera aspecto acerca das condici\u00f3ns de uso descritas, pode dirixirse \u00e1s seguintes direcci\u00f3ns:<\/span><\/p>\n<p><span style=\"font-weight: 400;\">info@tapiasmarinhan.com se o fai a trav\u00e9s de correo electr\u00f3nico ou ben por escrito a NACIONAL 525&nbsp; KM170,&nbsp; 4&nbsp; PAZOS &#8211; 32.619 &#8211; VERIN, Ourense.<\/span><\/p>\n<h3>FORMULARIO DE DESISTENCIA<\/h3>\n<p><span style=\"font-weight: 400;\">Se desexa exercer o seu dereito de desistencia en relaci\u00f3n do contrato, pode descargar o formulario de desistencia pulsando <a href=\"https:\/\/www.xn--tapiasmarian-jhb.com\/wp-content\/uploads\/2023\/05\/desistencia.pdf\" target=\"_blank\" rel=\"noopener\">Aqu\u00ed<\/a><\/span><\/p>","protected":false},"excerpt":{"rendered":"<p>CAR\u00c1CTER DO CONTRATO As presentes condici\u00f3ns de contrataci\u00f3n son de aplicaci\u00f3n \u00e1 compravenda de produtos na web de PAZO BLANCO N\u00da\u00d1EZ S.L. O idioma das devanditas condici\u00f3ns \u00e9 o castel\u00e1n e o galego. Estas condici\u00f3ns de contrataci\u00f3n red\u00e1ctanse de conformidade co disposto no Real Decreto [&hellip;]<\/p>","protected":false},"author":3,"featured_media":0,"parent":0,"menu_order":0,"comment_status":"closed","ping_status":"closed","template":"","meta":{"footnotes":""},"class_list":["post-13798","page","type-page","status-publish","hentry"],"yoast_head":"<!-- This site is optimized with the Yoast SEO plugin v26.5 - https:\/\/yoast.com\/wordpress\/plugins\/seo\/ -->\n<title>Condici\u00f3ns de venda - Bodega Tapias Mari\u00f1\u00e1n<\/title>\n<meta name=\"robots\" content=\"index, follow, max-snippet:-1, max-image-preview:large, max-video-preview:-1\" \/>\n<link rel=\"canonical\" href=\"https:\/\/www.xn--tapiasmarian-jhb.com\/gl\/condicions-de-venda\/\" \/>\n<meta property=\"og:locale\" content=\"gl_ES\" \/>\n<meta property=\"og:type\" content=\"article\" \/>\n<meta property=\"og:title\" content=\"Condici\u00f3ns de venda - Bodega Tapias Mari\u00f1\u00e1n\" \/>\n<meta property=\"og:description\" content=\"CAR\u00c1CTER DO CONTRATO As presentes condici\u00f3ns de contrataci\u00f3n son de aplicaci\u00f3n \u00e1 compravenda de produtos na web de PAZO BLANCO N\u00da\u00d1EZ S.L. O idioma das devanditas condici\u00f3ns \u00e9 o castel\u00e1n e o galego. Estas condici\u00f3ns de contrataci\u00f3n red\u00e1ctanse de conformidade co disposto no Real Decreto [&hellip;]\" \/>\n<meta property=\"og:url\" content=\"https:\/\/www.xn--tapiasmarian-jhb.com\/gl\/condicions-de-venda\/\" \/>\n<meta property=\"og:site_name\" content=\"Bodega Tapias Mari\u00f1\u00e1n\" \/>\n<meta property=\"article:publisher\" content=\"https:\/\/www.facebook.com\/tapiasmarinan.bodega.1\" \/>\n<meta property=\"article:modified_time\" content=\"2023-05-18T18:21:33+00:00\" \/>\n<meta property=\"og:image\" content=\"https:\/\/i0.wp.com\/www.xn--tapiasmarian-jhb.com\/wp-content\/uploads\/2022\/08\/favicon.png?fit=512%2C346&ssl=1\" \/>\n\t<meta property=\"og:image:width\" content=\"512\" \/>\n\t<meta property=\"og:image:height\" content=\"346\" \/>\n\t<meta property=\"og:image:type\" content=\"image\/png\" \/>\n<meta name=\"twitter:card\" content=\"summary_large_image\" \/>\n<meta name=\"twitter:label1\" content=\"Tempo de lectura\" \/>\n\t<meta name=\"twitter:data1\" content=\"9 minutos\" \/>\n<script type=\"application\/ld+json\" class=\"yoast-schema-graph\">{\"@context\":\"https:\/\/schema.org\",\"@graph\":[{\"@type\":\"WebPage\",\"@id\":\"https:\/\/www.xn--tapiasmarian-jhb.com\/condicions-de-venda\/\",\"url\":\"https:\/\/www.xn--tapiasmarian-jhb.com\/condicions-de-venda\/\",\"name\":\"Condici\u00f3ns de venda - Bodega Tapias Mari\u00f1\u00e1n\",\"isPartOf\":{\"@id\":\"https:\/\/www.xn--tapiasmarian-jhb.com\/#website\"},\"datePublished\":\"2023-05-18T16:19:30+00:00\",\"dateModified\":\"2023-05-18T18:21:33+00:00\",\"breadcrumb\":{\"@id\":\"https:\/\/www.xn--tapiasmarian-jhb.com\/condicions-de-venda\/#breadcrumb\"},\"inLanguage\":\"gl-ES\",\"potentialAction\":[{\"@type\":\"ReadAction\",\"target\":[\"https:\/\/www.xn--tapiasmarian-jhb.com\/condicions-de-venda\/\"]}]},{\"@type\":\"BreadcrumbList\",\"@id\":\"https:\/\/www.xn--tapiasmarian-jhb.com\/condicions-de-venda\/#breadcrumb\",\"itemListElement\":[{\"@type\":\"ListItem\",\"position\":1,\"name\":\"Portada\",\"item\":\"https:\/\/www.xn--tapiasmarian-jhb.com\/\"},{\"@type\":\"ListItem\",\"position\":2,\"name\":\"Condici\u00f3ns de venda\"}]},{\"@type\":\"WebSite\",\"@id\":\"https:\/\/www.xn--tapiasmarian-jhb.com\/#website\",\"url\":\"https:\/\/www.xn--tapiasmarian-jhb.com\/\",\"name\":\"Bodega Tapias Mari\u00f1\u00e1n\",\"description\":\"Bodega de la D.O. Monterrei\",\"publisher\":{\"@id\":\"https:\/\/www.xn--tapiasmarian-jhb.com\/#organization\"},\"alternateName\":\"Tapias Mari\u00f1an\",\"potentialAction\":[{\"@type\":\"SearchAction\",\"target\":{\"@type\":\"EntryPoint\",\"urlTemplate\":\"https:\/\/www.xn--tapiasmarian-jhb.com\/?s={search_term_string}\"},\"query-input\":{\"@type\":\"PropertyValueSpecification\",\"valueRequired\":true,\"valueName\":\"search_term_string\"}}],\"inLanguage\":\"gl-ES\"},{\"@type\":\"Organization\",\"@id\":\"https:\/\/www.xn--tapiasmarian-jhb.com\/#organization\",\"name\":\"Bodega Tapias Mari\u00f1\u00e1n\",\"alternateName\":\"Tapias Mari\u00f1an\",\"url\":\"https:\/\/www.xn--tapiasmarian-jhb.com\/\",\"logo\":{\"@type\":\"ImageObject\",\"inLanguage\":\"gl-ES\",\"@id\":\"https:\/\/www.xn--tapiasmarian-jhb.com\/#\/schema\/logo\/image\/\",\"url\":\"https:\/\/i0.wp.com\/www.xn--tapiasmarian-jhb.com\/wp-content\/uploads\/2022\/08\/favicon.png?fit=512%2C346&ssl=1\",\"contentUrl\":\"https:\/\/i0.wp.com\/www.xn--tapiasmarian-jhb.com\/wp-content\/uploads\/2022\/08\/favicon.png?fit=512%2C346&ssl=1\",\"width\":512,\"height\":346,\"caption\":\"Bodega Tapias Mari\u00f1\u00e1n\"},\"image\":{\"@id\":\"https:\/\/www.xn--tapiasmarian-jhb.com\/#\/schema\/logo\/image\/\"},\"sameAs\":[\"https:\/\/www.facebook.com\/tapiasmarinan.bodega.1\",\"https:\/\/www.instagram.com\/bodegatapiasmarinan\/\"]}]}<\/script>\n<!-- \/ Yoast SEO plugin. -->","yoast_head_json":{"title":"Condici\u00f3ns de venda - Bodega Tapias Mari\u00f1\u00e1n","robots":{"index":"index","follow":"follow","max-snippet":"max-snippet:-1","max-image-preview":"max-image-preview:large","max-video-preview":"max-video-preview:-1"},"canonical":"https:\/\/www.xn--tapiasmarian-jhb.com\/gl\/condicions-de-venda\/","og_locale":"gl_ES","og_type":"article","og_title":"Condici\u00f3ns de venda - Bodega Tapias Mari\u00f1\u00e1n","og_description":"CAR\u00c1CTER DO CONTRATO As presentes condici\u00f3ns de contrataci\u00f3n son de aplicaci\u00f3n \u00e1 compravenda de produtos na web de PAZO BLANCO N\u00da\u00d1EZ S.L. O idioma das devanditas condici\u00f3ns \u00e9 o castel\u00e1n e o galego. Estas condici\u00f3ns de contrataci\u00f3n red\u00e1ctanse de conformidade co disposto no Real Decreto [&hellip;]","og_url":"https:\/\/www.xn--tapiasmarian-jhb.com\/gl\/condicions-de-venda\/","og_site_name":"Bodega Tapias Mari\u00f1\u00e1n","article_publisher":"https:\/\/www.facebook.com\/tapiasmarinan.bodega.1","article_modified_time":"2023-05-18T18:21:33+00:00","og_image":[{"width":512,"height":346,"url":"https:\/\/i0.wp.com\/www.xn--tapiasmarian-jhb.com\/wp-content\/uploads\/2022\/08\/favicon.png?fit=512%2C346&ssl=1","type":"image\/png"}],"twitter_card":"summary_large_image","twitter_misc":{"Tempo de lectura":"9 minutos"},"schema":{"@context":"https:\/\/schema.org","@graph":[{"@type":"WebPage","@id":"https:\/\/www.xn--tapiasmarian-jhb.com\/condicions-de-venda\/","url":"https:\/\/www.xn--tapiasmarian-jhb.com\/condicions-de-venda\/","name":"Condici\u00f3ns de venda - Bodega Tapias Mari\u00f1\u00e1n","isPartOf":{"@id":"https:\/\/www.xn--tapiasmarian-jhb.com\/#website"},"datePublished":"2023-05-18T16:19:30+00:00","dateModified":"2023-05-18T18:21:33+00:00","breadcrumb":{"@id":"https:\/\/www.xn--tapiasmarian-jhb.com\/condicions-de-venda\/#breadcrumb"},"inLanguage":"gl-ES","potentialAction":[{"@type":"ReadAction","target":["https:\/\/www.xn--tapiasmarian-jhb.com\/condicions-de-venda\/"]}]},{"@type":"BreadcrumbList","@id":"https:\/\/www.xn--tapiasmarian-jhb.com\/condicions-de-venda\/#breadcrumb","itemListElement":[{"@type":"ListItem","position":1,"name":"Portada","item":"https:\/\/www.xn--tapiasmarian-jhb.com\/"},{"@type":"ListItem","position":2,"name":"Condici\u00f3ns de venda"}]},{"@type":"WebSite","@id":"https:\/\/www.xn--tapiasmarian-jhb.com\/#website","url":"https:\/\/www.xn--tapiasmarian-jhb.com\/","name":"Bodega Tapias Mari\u00f1\u00e1n","description":"Bodega de la D.O. Monterrei","publisher":{"@id":"https:\/\/www.xn--tapiasmarian-jhb.com\/#organization"},"alternateName":"Tapias Mari\u00f1an","potentialAction":[{"@type":"SearchAction","target":{"@type":"EntryPoint","urlTemplate":"https:\/\/www.xn--tapiasmarian-jhb.com\/?s={search_term_string}"},"query-input":{"@type":"PropertyValueSpecification","valueRequired":true,"valueName":"search_term_string"}}],"inLanguage":"gl-ES"},{"@type":"Organization","@id":"https:\/\/www.xn--tapiasmarian-jhb.com\/#organization","name":"Bodega Tapias Mari\u00f1\u00e1n","alternateName":"Tapias Mari\u00f1an","url":"https:\/\/www.xn--tapiasmarian-jhb.com\/","logo":{"@type":"ImageObject","inLanguage":"gl-ES","@id":"https:\/\/www.xn--tapiasmarian-jhb.com\/#\/schema\/logo\/image\/","url":"https:\/\/i0.wp.com\/www.xn--tapiasmarian-jhb.com\/wp-content\/uploads\/2022\/08\/favicon.png?fit=512%2C346&ssl=1","contentUrl":"https:\/\/i0.wp.com\/www.xn--tapiasmarian-jhb.com\/wp-content\/uploads\/2022\/08\/favicon.png?fit=512%2C346&ssl=1","width":512,"height":346,"caption":"Bodega Tapias Mari\u00f1\u00e1n"},"image":{"@id":"https:\/\/www.xn--tapiasmarian-jhb.com\/#\/schema\/logo\/image\/"},"sameAs":["https:\/\/www.facebook.com\/tapiasmarinan.bodega.1","https:\/\/www.instagram.com\/bodegatapiasmarinan\/"]}]}},"jetpack_sharing_enabled":true,"_links":{"self":[{"href":"https:\/\/www.xn--tapiasmarian-jhb.com\/gl\/wp-json\/wp\/v2\/pages\/13798","targetHints":{"allow":["GET"]}}],"collection":[{"href":"https:\/\/www.xn--tapiasmarian-jhb.com\/gl\/wp-json\/wp\/v2\/pages"}],"about":[{"href":"https:\/\/www.xn--tapiasmarian-jhb.com\/gl\/wp-json\/wp\/v2\/types\/page"}],"author":[{"embeddable":true,"href":"https:\/\/www.xn--tapiasmarian-jhb.com\/gl\/wp-json\/wp\/v2\/users\/3"}],"replies":[{"embeddable":true,"href":"https:\/\/www.xn--tapiasmarian-jhb.com\/gl\/wp-json\/wp\/v2\/comments?post=13798"}],"version-history":[{"count":5,"href":"https:\/\/www.xn--tapiasmarian-jhb.com\/gl\/wp-json\/wp\/v2\/pages\/13798\/revisions"}],"predecessor-version":[{"id":13811,"href":"https:\/\/www.xn--tapiasmarian-jhb.com\/gl\/wp-json\/wp\/v2\/pages\/13798\/revisions\/13811"}],"wp:attachment":[{"href":"https:\/\/www.xn--tapiasmarian-jhb.com\/gl\/wp-json\/wp\/v2\/media?parent=13798"}],"curies":[{"name":"wp","href":"https:\/\/api.w.org\/{rel}","templated":true}]}}