{"id":13795,"date":"2023-05-18T17:59:11","date_gmt":"2023-05-18T15:59:11","guid":{"rendered":"https:\/\/xn--tapiasmarian-jhb.com\/?page_id=13795"},"modified":"2023-05-18T18:38:42","modified_gmt":"2023-05-18T16:38:42","slug":"condiciones-de-venta","status":"publish","type":"page","link":"https:\/\/www.xn--tapiasmarian-jhb.com\/gl\/condiciones-de-venta\/","title":{"rendered":"Condici\u00f3ns de Venda"},"content":{"rendered":"<h3>CAR\u00c1CTER DEL CONTRATO<\/h3>\n<!-- \/wp:post-content --> <!-- wp:paragraph -->\n\nLas presentes condiciones de contrataci\u00f3n son de aplicaci\u00f3n a la compraventa de productos en la web de <strong>PAZO BLANCO N\u00da\u00d1EZ S.L<\/strong>. El idioma de dichas condiciones es el castellano. Estas condiciones de contrataci\u00f3n se redactan de conformidad con lo dispuesto en el Real Decreto Legislativo 1\/2007, de 16 de noviembre, por el que se aprueba el texto refundido de la Ley General para la Defensa de los Consumidores y Usuarios y tendr\u00e1n fuerza de contrato entre las partes una que sean aceptadas.\n\n<!-- \/wp:paragraph --> <!-- wp:paragraph -->\n<h3>QUIENES SOMOS<\/h3>\n<!-- \/wp:paragraph --> <!-- wp:paragraph -->\n\nEl prestador de servicios es (en adelante Tapias Mari\u00f1\u00e1n) con domicilio a efectos de notificaciones en Ctra. <strong>NACIONAL 525\u00a0 KM170,\u00a0 4\u00a0 PAZOS &#8211; 32.619 \u2013 VERIN, Ourense<\/strong>, y n\u00famero de Identificaci\u00f3n Fiscal <strong>B61505830<\/strong>\n\n<!-- \/wp:paragraph --> <!-- wp:paragraph -->\n<h3>CONTENIDOS E INFORMACI\u00d3N SUMINISTRADA EN LA P\u00c1GINA<\/h3>\n<h3><!-- \/wp:paragraph --> <!-- wp:paragraph --><\/h3>\nTapias Mari\u00f1\u00e1n se reserva el derecho a modificar la oferta comercial presentada en su p\u00e1gina (modificaciones sobre productos, precios, promociones y cualquier otra condici\u00f3n de los productos y servicios ofrecidos) en cualquier momento.\n\n<!-- \/wp:paragraph --> <!-- wp:paragraph -->\n\nTapias Mari\u00f1\u00e1n hace todos los esfuerzos dentro de sus medios para ofrecer la informaci\u00f3n contenida en el website de forma veraz y sin errores tipogr\u00e1ficos.\n\n<!-- \/wp:paragraph --> <!-- wp:paragraph -->\n\nEn el caso que en alg\u00fan momento se produjera alg\u00fan error de este tipo, ajeno en todo momento a la voluntad de\u00a0Tapias Mari\u00f1\u00e1n se proceder\u00eda inmediatamente a su correcci\u00f3n. De existir un error tipogr\u00e1fico en alguno de los precios mostrados y alg\u00fan cliente hubiera tomado una decisi\u00f3n de compra basada en dicho error,\u00a0Tapias Mari\u00f1\u00e1n le comunicar\u00e1 al cliente dicho error y el cliente tendr\u00e1 derecho a rescindir su compra sin ning\u00fan coste por su parte.\n\n<!-- \/wp:paragraph --> <!-- wp:paragraph -->\n\nLos contenidos del espacio web www.tapiasmari\u00f1an.com podr\u00edan, en ocasiones, mostrar informaci\u00f3n provisional sobre algunos productos. En el caso que la informaci\u00f3n facilitada no correspondiera a las caracter\u00edsticas del producto el cliente tendr\u00e1 derecho a rescindir su compra sin ning\u00fan coste por su parte.\n\n<!-- \/wp:paragraph --> <!-- wp:paragraph -->\n<h3>\u00bfC\u00d3MO PUEDO HACER UN PEDIDO?<\/h3>\n<!-- \/wp:paragraph --> <!-- wp:paragraph -->\n\nPara realizar un pedido usted debe ser mayor de 18 a\u00f1os. Puede hacer un pedido mediante\n\n<!-- \/wp:paragraph --> <!-- wp:list -->\n<ul>\n \t<li>Su cuenta de usuario como usuario registrado<\/li>\n \t<li>Como invitado sin registro<\/li>\n<\/ul>\n<!-- \/wp:list --> <!-- wp:paragraph -->\n\nEl usuario independientemente del sistema que adopte, puede navegar entre los distintos productos y seleccionar el que desee a\u00f1adiendolo a su carrito de la compra. Puede a\u00f1adir tantos productos distintos o unidades del mismo producto como desee.\n\n<!-- \/wp:paragraph --> <!-- wp:paragraph -->\n\nUna vez que desee finalizar la compra debe pulsar en el bot\u00f3n correspondiente pudiendo realizar el pago sin estar registrado o mediante los datos de usuario registrado.\n\n<!-- \/wp:paragraph --> <!-- wp:paragraph -->\n\nAntes de finalizar el proceso de pago el usuario podr\u00e1 ver el coste final y completo de su pedido el cual ser\u00e1 enviado a su correo electr\u00f3nico una vez formalizado el pedido.\n\n<!-- \/wp:paragraph --> <!-- wp:paragraph -->\n\nUna vez que haya efectuado el pago recibir\u00e1 en su correo electr\u00f3nico una confirmaci\u00f3n de compra con un resumen del pedido y de las condiciones de venta.\n\n<!-- \/wp:paragraph --> <!-- wp:paragraph -->\n\nDentro del inter\u00e9s leg\u00edtimo del vendedor podremos informarle sobre las incidencias relativas a su pedido a trav\u00e9s de los medios de contacto facilitados, incluidos servicios de mensajer\u00eda instant\u00e1nea.\n\n<!-- \/wp:paragraph --> <!-- wp:paragraph -->\n\nEn caso de que el usuario opte por cancelar las notificaciones por medios electr\u00f3nicos podr\u00e1 dejar de recibir notificaciones importantes relativas a su pedido, no haci\u00e9ndose Tapias Mari\u00f1\u00e1n responsable de demoras en la entrega por tal circunstancia.\n\n<!-- \/wp:paragraph --> <!-- wp:paragraph -->\n<h3>DISPONIBILIDAD DE LOS PRODUCTOS<\/h3>\n<!-- \/wp:paragraph --> <!-- wp:paragraph -->\n\nTapias Mari\u00f1\u00e1n garantiza a sus clientes la disponibilidad y el plazo de entrega de los productos que se ofrecen en su website. Todos los productos est\u00e1n sujetos a l\u00edmite de existencias.\n\n<!-- \/wp:paragraph --> <!-- wp:paragraph -->\n\nSi alg\u00fan producto no estuviese disponible una vez realizado el pedido, le informaremos con la mayor brevedad posible. En tal caso podr\u00e1 resolver su compra y se le devolver\u00e1 el importe \u00edntegro de la misma por el mismo medio de pago realizado.\n\n<!-- \/wp:paragraph --> <!-- wp:paragraph -->\n\nEl precio de los productos ser\u00e1 el que se estipule en cada momento en nuestro sitio web.\n\n<!-- \/wp:paragraph --> <!-- wp:paragraph -->\n<h3>\u00c1MBITO GEOGR\u00c1FICO<\/h3>\n<!-- \/wp:paragraph --> <!-- wp:paragraph -->\n\nTapias Mari\u00f1\u00e1n \u00fanicamente env\u00eda sus productos a la pen\u00ednsula ib\u00e9rica. Cualquier pedido recibido que tenga por destino cualquier otra ubicaci\u00f3n geogr\u00e1fica ser\u00e1 anulado de forma autom\u00e1tica. El usuario recibir\u00e1 una comunicaci\u00f3n indicando la cancelaci\u00f3n del mismo.\n\n<!-- \/wp:paragraph --> <!-- wp:paragraph -->\n<h3>IMPUESTO SOBRE EL VALOR A\u00d1ADIDO<\/h3>\n<!-- \/wp:paragraph --> <!-- wp:paragraph -->\n\nLos precios de los productos expuestos en la p\u00e1gina web\u00a0<a href=\"about:blank\">www.tapiasmari\u00f1an.com<\/a> no incluyen el Impuesto sobre el Valor A\u00f1adido (IVA). Dicho impuesto se incrementar\u00e1 en la p\u00e1gina de resumen de pedido, donde podr\u00e1s revisar los productos subidos al carrito, sus precios y el incremento del IVA correspondiente.\n\n<!-- \/wp:paragraph --> <!-- wp:paragraph -->\n<h3>FORMA DE PAGO<\/h3>\n<!-- \/wp:paragraph --> <!-- wp:paragraph -->\n\nAl formular el pedido, el cliente puede elegir abonar las compras que realice mediante pasarela de pago que acepta pago con tarjeta de d\u00e9bito\/cr\u00e9dito.\n\n<!-- \/wp:paragraph --> <!-- wp:paragraph -->\n\nSi desea obtener factura de su compra puede solicitarla a\u00a0<strong>info@tapiasmarinhan.com<\/strong>.\n\n<!-- \/wp:paragraph --> <!-- wp:paragraph -->\n<h3>GASTOS, FORMA Y PLAZOS DE ENV\u00cdO<\/h3>\n<!-- \/wp:paragraph --> <!-- wp:paragraph -->\n\nLos gastos de env\u00edo aplicables a nuestros pedidos son en todos los casos de 72\u20ac IVA inclu\u00eddo.\n\n<!-- \/wp:paragraph --> <!-- wp:paragraph -->\n\nTodos los pedidos se entregar\u00e1n en un plazo de uno a cuatro d\u00edas laborales a partir del momento de la compra.\n\n<!-- \/wp:paragraph --> <!-- wp:paragraph -->\n\nEl env\u00edo se realiza a trav\u00e9s de correos express aunque puntualmente y por causas de log\u00edstica se puede contratar otro servicio. El momento de recibir el resumen de su compra se le notificar\u00e1 un localizador para que pueda consultar el estado de su env\u00edo.\n\n<!-- \/wp:paragraph --> <!-- wp:paragraph -->\n\nLa entrega se llevar\u00e1 a cabo en la direcci\u00f3n se\u00f1alada en el momento de la compra. En caso de no encontrarse en ese momento el destinatario se le dejar\u00e1 un aviso para que proceda a recogerlo en las oficinas de correos m\u00e1s cercanas a su domicilio.\n\n<!-- \/wp:paragraph --> <!-- wp:paragraph -->\n\nTapias de Mari\u00f1\u00e1n env\u00eda sus pedidos en un embalaje especialmente dise\u00f1ado para proteger sus productos durante el transporte y minimizar la posibilidad de accidentes y deterioros. Adem\u00e1s, todos nuestros env\u00edos est\u00e1n garantizados y cuentan con un seguro contra p\u00e9rdida o rotura.\n\n<!-- \/wp:paragraph --> <!-- wp:paragraph -->\n<h3>GARANT\u00cdA DE DEVOLUCI\u00d3N<\/h3>\n<!-- \/wp:paragraph --> <!-- wp:paragraph -->\n\nAnte un eventual da\u00f1o producido durante el transporte, Tapias de Mari\u00f1\u00e1n se encarga de su recuperaci\u00f3n y le prepara un nuevo env\u00edo inmediatamente.\n\n<!-- \/wp:paragraph --> <!-- wp:paragraph -->\n\nDe igual modo, ofrecemos la posibilidad de devolver o reemplazar parte o la totalidad de su pedido en el caso de que el producto recibido no estuviera en condiciones.\n\n<!-- \/wp:paragraph --> <!-- wp:paragraph -->\n\nEn caso de devoluci\u00f3n porque el producto presente defectos de fabricaci\u00f3n, Tapias de Mari\u00f1\u00e1n correr\u00e1 adem\u00e1s con los costes de env\u00edo. En estos casos el cliente dispondr\u00e1 de 30 d\u00edas naturales para proceder a la devoluci\u00f3n del producto.\n\n<!-- \/wp:paragraph --> <!-- wp:paragraph -->\n\nEl cliente podr\u00e1 devolver cualquier art\u00edculo que haya comprado en nuestra tienda, siempre y cuando los productos presenten alg\u00fan desperfecto y no hayan sido usados.\n\n<!-- \/wp:paragraph --> <!-- wp:paragraph -->\n\nEn estos casos, Tapias de Mari\u00f1\u00e1n, devolver\u00e1 el dinero de la compra a trav\u00e9s del mismo medio de pago o bien a trav\u00e9s de un abono en la cuenta del usuario mediante cr\u00e9ditos. Tambi\u00e9n se puede, si lo prefiere, recibir un nuevo producto sin coste.\n\n<!-- \/wp:paragraph --> <!-- wp:paragraph -->\n\nSi un producto distinto al solicitado por el cliente fuera entregado por error de Tapias de Mari\u00f1\u00e1n, se le entregar\u00e1 el producto correcto sin ning\u00fan cargo adicional para el comprador, corriendo Tapias de Mari\u00f1\u00e1n, con los gastos de transporte de la devoluci\u00f3n y del nuevo env\u00edo.\n\n<!-- \/wp:paragraph --> <!-- wp:paragraph -->\n\nTapias de Mari\u00f1\u00e1n no se hace responsable del mal uso o manipulaci\u00f3n del producto por parte del cliente. En tal caso Tapias de Mari\u00f1\u00e1n, no se hace responsable del mismo y no proceder\u00e1 a su devoluci\u00f3n.\n\n<!-- \/wp:paragraph --> <!-- wp:paragraph -->\n\nPara cualquier incidencia relacionada con la devoluci\u00f3n de art\u00edculos de nuestra tienda puede contactar con nuestro departamento de Atenci\u00f3n al cliente v\u00eda email info@tapiasmarinhan.com.\n\n<!-- \/wp:paragraph --> <!-- wp:paragraph -->\n<h3>DERECHO DE DESESTIMIENTO<\/h3>\n<!-- \/wp:paragraph --> <!-- wp:paragraph -->\n\nEn caso de que el pedido no se ajuste a sus expectativas, dispone de 14 d\u00edas naturales para devolvernos su pedido con total libertad y sin coste alguno para usted, salvo los gastos de devoluci\u00f3n que correr\u00e1n por cuenta del cliente.\u00a0 Puede ejercer dicho derecho mediante nuestro formulario pinchando <a href=\"https:\/\/www.xn--tapiasmarian-jhb.com\/wp-content\/uploads\/2023\/05\/desistimiento.pdf\" target=\"_blank\" rel=\"noopener\">aqu\u00ed<\/a>.\n\n<!-- \/wp:paragraph --> <!-- wp:paragraph -->\n<h3>OBLIGACIONES DEL CLIENTE<\/h3>\n<!-- \/wp:paragraph --> <!-- wp:paragraph -->\n\nEl cliente se compromete en todo momento a facilitar informaci\u00f3n veraz sobre los datos solicitados en los formularios de registro de usuario o de realizaci\u00f3n del pedido, y a mantenerlos actualizados en todo momento, as\u00ed como custodiar con diligencia las claves de acceso que se le proporcionen para el acceso a la p\u00e1gina web.\n\n<!-- \/wp:paragraph --> <!-- wp:paragraph -->\n\nEl cliente se compromete a aceptar todas las disposiciones y condiciones recogidas en las presentes Condiciones Generales de Contrataci\u00f3n entendiendo que recogen la mejor voluntad de servicio posible para el tipo de actividad que desarrolla\u00a0Tapias de Mari\u00f1\u00e1n.\n\n<!-- \/wp:paragraph --> <!-- wp:paragraph -->\n\nEl cliente se compromete a posibilitar la entrega del pedido solicitado facilitando una direcci\u00f3n de entrega y un n\u00famero de tel\u00e9fono en la que pueda ser entregado el pedido solicitado dentro del horario habitual de entrega de mercanc\u00edas (de lunes a viernes de 09:00 a 14:00 y de 16:00 a 19:00) o aquel que le especifique el repartidor en su caso. En caso de incumplimiento por parte del cliente de esta obligaci\u00f3n\u00a0Tapias de Mari\u00f1\u00e1n no tendr\u00e1 ninguna responsabilidad sobre el retraso o imposibilidad de entrega del pedido solicitado por el cliente.\n\n<!-- \/wp:paragraph --> <!-- wp:paragraph -->\n<h3>PROTECCI\u00d3N DE DATOS Y CONFIDENCIALIDAD<\/h3>\n<!-- \/wp:paragraph --> <!-- wp:paragraph -->\n\nPara conocer nuestra pol\u00edtica de protecci\u00f3n de datos haga puede acceder a nuestra Pol\u00edtica de Privacidad.\n\n<!-- \/wp:paragraph --> <!-- wp:paragraph -->\n\nTodas las operaciones de pago on-line se realizan a trav\u00e9s de un servidor seguro, basado en el est\u00e1ndar SSL que protege los datos frente a intentos de violaci\u00f3n por terceros. Los datos del proceso de compra se guardan en una base de datos dise\u00f1ada para tal efecto.\n\n<!-- \/wp:paragraph --> <!-- wp:paragraph -->\n\nLos datos de compra, en cumplimiento con la legislaci\u00f3n espa\u00f1ola ser\u00e1n conservados al menos durante cinco a\u00f1os por lo que no se podr\u00e1n borrar ni rectificar aunque el cliente as\u00ed lo solicite.\n\n<!-- \/wp:paragraph --> <!-- wp:paragraph -->\n<h3>LEGISLACI\u00d3N APLICABLE Y FUERO<\/h3>\n<!-- \/wp:paragraph --> <!-- wp:paragraph -->\n\nLa legislaci\u00f3n aplicable para resolver cualquier conflicto respecto a la interpretaci\u00f3n de estas condiciones, es la legislaci\u00f3n espa\u00f1ola, as\u00ed como los Tratados Internacionales que haya suscrito Espa\u00f1a.\n\n<!-- \/wp:paragraph --> <!-- wp:paragraph -->\n\nLas partes se someten, a su elecci\u00f3n, para la resoluci\u00f3n de los conflictos y con renuncia a cualquier otro fuero, a los juzgados y tribunales del domicilio del usuario.\n\n<!-- \/wp:paragraph --> <!-- wp:paragraph -->\n<h3>COMO PONERSE EN CONTACTO<\/h3>\n<!-- \/wp:paragraph --> <!-- wp:paragraph -->\n\nSi desea aclarar cualquier aspecto acerca de las condiciones de uso descritas, puede dirigirse a las siguientes direcciones:\n\n<!-- \/wp:paragraph --> <!-- wp:paragraph -->\n\ninfo@tapiasmarinhan.com si lo hace a trav\u00e9s de correo electr\u00f3nico o bien por escrito a <strong>NACIONAL 525\u00a0 KM170,\u00a0 4\u00a0 PAZOS &#8211; 32.619 &#8211; VERIN<\/strong>, Orense.\n\n<!-- \/wp:paragraph --> <!-- wp:paragraph -->\n<h3>FORMULARIO DE DESISTIMIENTO<\/h3>\n<!-- \/wp:paragraph --> <!-- wp:paragraph -->\n\nSi desea ejercer su derecho de desistimiento en relaci\u00f3n del contrato descarga el formulario de desistimiento pulsando\u00a0<a href=\"https:\/\/www.xn--tapiasmarian-jhb.com\/wp-content\/uploads\/2023\/05\/desistimiento.pdf\" target=\"_blank\" rel=\"noopener\"><strong>Aqu\u00ed<\/strong><\/a>","protected":false},"excerpt":{"rendered":"<p>CAR\u00c1CTER DEL CONTRATO Las presentes condiciones de contrataci\u00f3n son de aplicaci\u00f3n a la compraventa de productos en la web de PAZO BLANCO N\u00da\u00d1EZ S.L. El idioma de dichas condiciones es el castellano. Estas condiciones de contrataci\u00f3n se redactan de conformidad con lo dispuesto en el [&hellip;]<\/p>","protected":false},"author":3,"featured_media":0,"parent":0,"menu_order":0,"comment_status":"closed","ping_status":"closed","template":"","meta":{"footnotes":""},"class_list":["post-13795","page","type-page","status-publish","hentry"],"yoast_head":"<!-- This site is optimized with the Yoast SEO plugin v26.5 - https:\/\/yoast.com\/wordpress\/plugins\/seo\/ -->\n<title>Condiciones de Venta - Bodega Tapias Mari\u00f1\u00e1n<\/title>\n<meta name=\"robots\" content=\"index, follow, max-snippet:-1, max-image-preview:large, max-video-preview:-1\" \/>\n<link rel=\"canonical\" href=\"https:\/\/www.xn--tapiasmarian-jhb.com\/gl\/condiciones-de-venta\/\" \/>\n<meta property=\"og:locale\" content=\"gl_ES\" \/>\n<meta property=\"og:type\" content=\"article\" \/>\n<meta property=\"og:title\" content=\"Condiciones de Venta - Bodega Tapias Mari\u00f1\u00e1n\" \/>\n<meta property=\"og:description\" content=\"CAR\u00c1CTER DEL CONTRATO Las presentes condiciones de contrataci\u00f3n son de aplicaci\u00f3n a la compraventa de productos en la web de PAZO BLANCO N\u00da\u00d1EZ S.L. El idioma de dichas condiciones es el castellano. Estas condiciones de contrataci\u00f3n se redactan de conformidad con lo dispuesto en el [&hellip;]\" \/>\n<meta property=\"og:url\" content=\"https:\/\/www.xn--tapiasmarian-jhb.com\/gl\/condiciones-de-venta\/\" \/>\n<meta property=\"og:site_name\" content=\"Bodega Tapias Mari\u00f1\u00e1n\" \/>\n<meta property=\"article:publisher\" content=\"https:\/\/www.facebook.com\/tapiasmarinan.bodega.1\" \/>\n<meta property=\"article:modified_time\" content=\"2023-05-18T16:38:42+00:00\" \/>\n<meta property=\"og:image\" content=\"https:\/\/i0.wp.com\/www.xn--tapiasmarian-jhb.com\/wp-content\/uploads\/2022\/08\/favicon.png?fit=512%2C346&ssl=1\" \/>\n\t<meta property=\"og:image:width\" content=\"512\" \/>\n\t<meta property=\"og:image:height\" content=\"346\" \/>\n\t<meta property=\"og:image:type\" content=\"image\/png\" \/>\n<meta name=\"twitter:card\" content=\"summary_large_image\" \/>\n<meta name=\"twitter:label1\" content=\"Tempo de lectura\" \/>\n\t<meta name=\"twitter:data1\" content=\"9 minutos\" \/>\n<script type=\"application\/ld+json\" class=\"yoast-schema-graph\">{\"@context\":\"https:\/\/schema.org\",\"@graph\":[{\"@type\":\"WebPage\",\"@id\":\"https:\/\/www.xn--tapiasmarian-jhb.com\/condiciones-de-venta\/\",\"url\":\"https:\/\/www.xn--tapiasmarian-jhb.com\/condiciones-de-venta\/\",\"name\":\"Condiciones de Venta - Bodega Tapias Mari\u00f1\u00e1n\",\"isPartOf\":{\"@id\":\"https:\/\/www.xn--tapiasmarian-jhb.com\/#website\"},\"datePublished\":\"2023-05-18T15:59:11+00:00\",\"dateModified\":\"2023-05-18T16:38:42+00:00\",\"breadcrumb\":{\"@id\":\"https:\/\/www.xn--tapiasmarian-jhb.com\/condiciones-de-venta\/#breadcrumb\"},\"inLanguage\":\"gl-ES\",\"potentialAction\":[{\"@type\":\"ReadAction\",\"target\":[\"https:\/\/www.xn--tapiasmarian-jhb.com\/condiciones-de-venta\/\"]}]},{\"@type\":\"BreadcrumbList\",\"@id\":\"https:\/\/www.xn--tapiasmarian-jhb.com\/condiciones-de-venta\/#breadcrumb\",\"itemListElement\":[{\"@type\":\"ListItem\",\"position\":1,\"name\":\"Portada\",\"item\":\"https:\/\/www.xn--tapiasmarian-jhb.com\/\"},{\"@type\":\"ListItem\",\"position\":2,\"name\":\"Condiciones de Venta\"}]},{\"@type\":\"WebSite\",\"@id\":\"https:\/\/www.xn--tapiasmarian-jhb.com\/#website\",\"url\":\"https:\/\/www.xn--tapiasmarian-jhb.com\/\",\"name\":\"Bodega Tapias Mari\u00f1\u00e1n\",\"description\":\"Bodega de la D.O. Monterrei\",\"publisher\":{\"@id\":\"https:\/\/www.xn--tapiasmarian-jhb.com\/#organization\"},\"alternateName\":\"Tapias Mari\u00f1an\",\"potentialAction\":[{\"@type\":\"SearchAction\",\"target\":{\"@type\":\"EntryPoint\",\"urlTemplate\":\"https:\/\/www.xn--tapiasmarian-jhb.com\/?s={search_term_string}\"},\"query-input\":{\"@type\":\"PropertyValueSpecification\",\"valueRequired\":true,\"valueName\":\"search_term_string\"}}],\"inLanguage\":\"gl-ES\"},{\"@type\":\"Organization\",\"@id\":\"https:\/\/www.xn--tapiasmarian-jhb.com\/#organization\",\"name\":\"Bodega Tapias Mari\u00f1\u00e1n\",\"alternateName\":\"Tapias Mari\u00f1an\",\"url\":\"https:\/\/www.xn--tapiasmarian-jhb.com\/\",\"logo\":{\"@type\":\"ImageObject\",\"inLanguage\":\"gl-ES\",\"@id\":\"https:\/\/www.xn--tapiasmarian-jhb.com\/#\/schema\/logo\/image\/\",\"url\":\"https:\/\/i0.wp.com\/www.xn--tapiasmarian-jhb.com\/wp-content\/uploads\/2022\/08\/favicon.png?fit=512%2C346&ssl=1\",\"contentUrl\":\"https:\/\/i0.wp.com\/www.xn--tapiasmarian-jhb.com\/wp-content\/uploads\/2022\/08\/favicon.png?fit=512%2C346&ssl=1\",\"width\":512,\"height\":346,\"caption\":\"Bodega Tapias Mari\u00f1\u00e1n\"},\"image\":{\"@id\":\"https:\/\/www.xn--tapiasmarian-jhb.com\/#\/schema\/logo\/image\/\"},\"sameAs\":[\"https:\/\/www.facebook.com\/tapiasmarinan.bodega.1\",\"https:\/\/www.instagram.com\/bodegatapiasmarinan\/\"]}]}<\/script>\n<!-- \/ Yoast SEO plugin. -->","yoast_head_json":{"title":"Condiciones de Venta - Bodega Tapias Mari\u00f1\u00e1n","robots":{"index":"index","follow":"follow","max-snippet":"max-snippet:-1","max-image-preview":"max-image-preview:large","max-video-preview":"max-video-preview:-1"},"canonical":"https:\/\/www.xn--tapiasmarian-jhb.com\/gl\/condiciones-de-venta\/","og_locale":"gl_ES","og_type":"article","og_title":"Condiciones de Venta - Bodega Tapias Mari\u00f1\u00e1n","og_description":"CAR\u00c1CTER DEL CONTRATO Las presentes condiciones de contrataci\u00f3n son de aplicaci\u00f3n a la compraventa de productos en la web de PAZO BLANCO N\u00da\u00d1EZ S.L. El idioma de dichas condiciones es el castellano. Estas condiciones de contrataci\u00f3n se redactan de conformidad con lo dispuesto en el [&hellip;]","og_url":"https:\/\/www.xn--tapiasmarian-jhb.com\/gl\/condiciones-de-venta\/","og_site_name":"Bodega Tapias Mari\u00f1\u00e1n","article_publisher":"https:\/\/www.facebook.com\/tapiasmarinan.bodega.1","article_modified_time":"2023-05-18T16:38:42+00:00","og_image":[{"width":512,"height":346,"url":"https:\/\/i0.wp.com\/www.xn--tapiasmarian-jhb.com\/wp-content\/uploads\/2022\/08\/favicon.png?fit=512%2C346&ssl=1","type":"image\/png"}],"twitter_card":"summary_large_image","twitter_misc":{"Tempo de lectura":"9 minutos"},"schema":{"@context":"https:\/\/schema.org","@graph":[{"@type":"WebPage","@id":"https:\/\/www.xn--tapiasmarian-jhb.com\/condiciones-de-venta\/","url":"https:\/\/www.xn--tapiasmarian-jhb.com\/condiciones-de-venta\/","name":"Condiciones de Venta - Bodega Tapias Mari\u00f1\u00e1n","isPartOf":{"@id":"https:\/\/www.xn--tapiasmarian-jhb.com\/#website"},"datePublished":"2023-05-18T15:59:11+00:00","dateModified":"2023-05-18T16:38:42+00:00","breadcrumb":{"@id":"https:\/\/www.xn--tapiasmarian-jhb.com\/condiciones-de-venta\/#breadcrumb"},"inLanguage":"gl-ES","potentialAction":[{"@type":"ReadAction","target":["https:\/\/www.xn--tapiasmarian-jhb.com\/condiciones-de-venta\/"]}]},{"@type":"BreadcrumbList","@id":"https:\/\/www.xn--tapiasmarian-jhb.com\/condiciones-de-venta\/#breadcrumb","itemListElement":[{"@type":"ListItem","position":1,"name":"Portada","item":"https:\/\/www.xn--tapiasmarian-jhb.com\/"},{"@type":"ListItem","position":2,"name":"Condiciones de Venta"}]},{"@type":"WebSite","@id":"https:\/\/www.xn--tapiasmarian-jhb.com\/#website","url":"https:\/\/www.xn--tapiasmarian-jhb.com\/","name":"Bodega Tapias Mari\u00f1\u00e1n","description":"Bodega de la D.O. Monterrei","publisher":{"@id":"https:\/\/www.xn--tapiasmarian-jhb.com\/#organization"},"alternateName":"Tapias Mari\u00f1an","potentialAction":[{"@type":"SearchAction","target":{"@type":"EntryPoint","urlTemplate":"https:\/\/www.xn--tapiasmarian-jhb.com\/?s={search_term_string}"},"query-input":{"@type":"PropertyValueSpecification","valueRequired":true,"valueName":"search_term_string"}}],"inLanguage":"gl-ES"},{"@type":"Organization","@id":"https:\/\/www.xn--tapiasmarian-jhb.com\/#organization","name":"Bodega Tapias Mari\u00f1\u00e1n","alternateName":"Tapias Mari\u00f1an","url":"https:\/\/www.xn--tapiasmarian-jhb.com\/","logo":{"@type":"ImageObject","inLanguage":"gl-ES","@id":"https:\/\/www.xn--tapiasmarian-jhb.com\/#\/schema\/logo\/image\/","url":"https:\/\/i0.wp.com\/www.xn--tapiasmarian-jhb.com\/wp-content\/uploads\/2022\/08\/favicon.png?fit=512%2C346&ssl=1","contentUrl":"https:\/\/i0.wp.com\/www.xn--tapiasmarian-jhb.com\/wp-content\/uploads\/2022\/08\/favicon.png?fit=512%2C346&ssl=1","width":512,"height":346,"caption":"Bodega Tapias Mari\u00f1\u00e1n"},"image":{"@id":"https:\/\/www.xn--tapiasmarian-jhb.com\/#\/schema\/logo\/image\/"},"sameAs":["https:\/\/www.facebook.com\/tapiasmarinan.bodega.1","https:\/\/www.instagram.com\/bodegatapiasmarinan\/"]}]}},"jetpack_sharing_enabled":true,"_links":{"self":[{"href":"https:\/\/www.xn--tapiasmarian-jhb.com\/gl\/wp-json\/wp\/v2\/pages\/13795","targetHints":{"allow":["GET"]}}],"collection":[{"href":"https:\/\/www.xn--tapiasmarian-jhb.com\/gl\/wp-json\/wp\/v2\/pages"}],"about":[{"href":"https:\/\/www.xn--tapiasmarian-jhb.com\/gl\/wp-json\/wp\/v2\/types\/page"}],"author":[{"embeddable":true,"href":"https:\/\/www.xn--tapiasmarian-jhb.com\/gl\/wp-json\/wp\/v2\/users\/3"}],"replies":[{"embeddable":true,"href":"https:\/\/www.xn--tapiasmarian-jhb.com\/gl\/wp-json\/wp\/v2\/comments?post=13795"}],"version-history":[{"count":3,"href":"https:\/\/www.xn--tapiasmarian-jhb.com\/gl\/wp-json\/wp\/v2\/pages\/13795\/revisions"}],"predecessor-version":[{"id":13806,"href":"https:\/\/www.xn--tapiasmarian-jhb.com\/gl\/wp-json\/wp\/v2\/pages\/13795\/revisions\/13806"}],"wp:attachment":[{"href":"https:\/\/www.xn--tapiasmarian-jhb.com\/gl\/wp-json\/wp\/v2\/media?parent=13795"}],"curies":[{"name":"wp","href":"https:\/\/api.w.org\/{rel}","templated":true}]}}