{"id":12,"date":"2022-02-03T10:17:36","date_gmt":"2022-02-03T09:17:36","guid":{"rendered":"https:\/\/xn--tapiasmarian-jhb.com\/?page_id=12"},"modified":"2022-02-10T20:46:38","modified_gmt":"2022-02-10T19:46:38","slug":"mi-cuenta","status":"publish","type":"page","link":"https:\/\/www.xn--tapiasmarian-jhb.com\/gl\/mi-cuenta\/","title":{"rendered":"A Mi\u00f1a Conta"},"content":{"rendered":"<div class=\"woocommerce\"><\/div>","protected":false},"excerpt":{"rendered":"","protected":false},"author":3,"featured_media":0,"parent":0,"menu_order":0,"comment_status":"closed","ping_status":"closed","template":"","meta":{"footnotes":""},"class_list":["post-12","page","type-page","status-publish","hentry"],"yoast_head":"<!-- This site is optimized with the Yoast SEO plugin v26.5 - https:\/\/yoast.com\/wordpress\/plugins\/seo\/ -->\n<title>Mi cuenta - Bodega Tapias Mari\u00f1\u00e1n<\/title>\n<meta name=\"robots\" content=\"index, follow, max-snippet:-1, max-image-preview:large, max-video-preview:-1\" \/>\n<link rel=\"canonical\" href=\"https:\/\/www.xn--tapiasmarian-jhb.com\/gl\/mi-cuenta\/\" \/>\n<meta property=\"og:locale\" content=\"gl_ES\" \/>\n<meta property=\"og:type\" content=\"article\" \/>\n<meta property=\"og:title\" content=\"Mi cuenta - Bodega Tapias Mari\u00f1\u00e1n\" \/>\n<meta property=\"og:url\" content=\"https:\/\/www.xn--tapiasmarian-jhb.com\/gl\/mi-cuenta\/\" \/>\n<meta property=\"og:site_name\" content=\"Bodega Tapias Mari\u00f1\u00e1n\" \/>\n<meta property=\"article:publisher\" content=\"https:\/\/www.facebook.com\/tapiasmarinan.bodega.1\" \/>\n<meta property=\"article:modified_time\" content=\"2022-02-10T19:46:38+00:00\" \/>\n<meta property=\"og:image\" content=\"https:\/\/i0.wp.com\/www.xn--tapiasmarian-jhb.com\/wp-content\/uploads\/2022\/08\/favicon.png?fit=512%2C346&ssl=1\" \/>\n\t<meta property=\"og:image:width\" content=\"512\" \/>\n\t<meta property=\"og:image:height\" content=\"346\" \/>\n\t<meta property=\"og:image:type\" content=\"image\/png\" \/>\n<meta name=\"twitter:card\" content=\"summary_large_image\" \/>\n<script type=\"application\/ld+json\" class=\"yoast-schema-graph\">{\"@context\":\"https:\/\/schema.org\",\"@graph\":[{\"@type\":\"WebPage\",\"@id\":\"https:\/\/www.xn--tapiasmarian-jhb.com\/mi-cuenta\/\",\"url\":\"https:\/\/www.xn--tapiasmarian-jhb.com\/mi-cuenta\/\",\"name\":\"Mi cuenta - Bodega Tapias Mari\u00f1\u00e1n\",\"isPartOf\":{\"@id\":\"https:\/\/www.xn--tapiasmarian-jhb.com\/#website\"},\"datePublished\":\"2022-02-03T09:17:36+00:00\",\"dateModified\":\"2022-02-10T19:46:38+00:00\",\"breadcrumb\":{\"@id\":\"https:\/\/www.xn--tapiasmarian-jhb.com\/mi-cuenta\/#breadcrumb\"},\"inLanguage\":\"gl-ES\",\"potentialAction\":[{\"@type\":\"ReadAction\",\"target\":[\"https:\/\/www.xn--tapiasmarian-jhb.com\/mi-cuenta\/\"]}]},{\"@type\":\"BreadcrumbList\",\"@id\":\"https:\/\/www.xn--tapiasmarian-jhb.com\/mi-cuenta\/#breadcrumb\",\"itemListElement\":[{\"@type\":\"ListItem\",\"position\":1,\"name\":\"Portada\",\"item\":\"https:\/\/www.xn--tapiasmarian-jhb.com\/\"},{\"@type\":\"ListItem\",\"position\":2,\"name\":\"Mi cuenta\"}]},{\"@type\":\"WebSite\",\"@id\":\"https:\/\/www.xn--tapiasmarian-jhb.com\/#website\",\"url\":\"https:\/\/www.xn--tapiasmarian-jhb.com\/\",\"name\":\"Bodega Tapias Mari\u00f1\u00e1n\",\"description\":\"Bodega de la D.O. Monterrei\",\"publisher\":{\"@id\":\"https:\/\/www.xn--tapiasmarian-jhb.com\/#organization\"},\"alternateName\":\"Tapias Mari\u00f1an\",\"potentialAction\":[{\"@type\":\"SearchAction\",\"target\":{\"@type\":\"EntryPoint\",\"urlTemplate\":\"https:\/\/www.xn--tapiasmarian-jhb.com\/?s={search_term_string}\"},\"query-input\":{\"@type\":\"PropertyValueSpecification\",\"valueRequired\":true,\"valueName\":\"search_term_string\"}}],\"inLanguage\":\"gl-ES\"},{\"@type\":\"Organization\",\"@id\":\"https:\/\/www.xn--tapiasmarian-jhb.com\/#organization\",\"name\":\"Bodega Tapias Mari\u00f1\u00e1n\",\"alternateName\":\"Tapias Mari\u00f1an\",\"url\":\"https:\/\/www.xn--tapiasmarian-jhb.com\/\",\"logo\":{\"@type\":\"ImageObject\",\"inLanguage\":\"gl-ES\",\"@id\":\"https:\/\/www.xn--tapiasmarian-jhb.com\/#\/schema\/logo\/image\/\",\"url\":\"https:\/\/i0.wp.com\/www.xn--tapiasmarian-jhb.com\/wp-content\/uploads\/2022\/08\/favicon.png?fit=512%2C346&ssl=1\",\"contentUrl\":\"https:\/\/i0.wp.com\/www.xn--tapiasmarian-jhb.com\/wp-content\/uploads\/2022\/08\/favicon.png?fit=512%2C346&ssl=1\",\"width\":512,\"height\":346,\"caption\":\"Bodega Tapias Mari\u00f1\u00e1n\"},\"image\":{\"@id\":\"https:\/\/www.xn--tapiasmarian-jhb.com\/#\/schema\/logo\/image\/\"},\"sameAs\":[\"https:\/\/www.facebook.com\/tapiasmarinan.bodega.1\",\"https:\/\/www.instagram.com\/bodegatapiasmarinan\/\"]}]}<\/script>\n<!-- \/ Yoast SEO plugin. -->","yoast_head_json":{"title":"Mi cuenta - Bodega Tapias Mari\u00f1\u00e1n","robots":{"index":"index","follow":"follow","max-snippet":"max-snippet:-1","max-image-preview":"max-image-preview:large","max-video-preview":"max-video-preview:-1"},"canonical":"https:\/\/www.xn--tapiasmarian-jhb.com\/gl\/mi-cuenta\/","og_locale":"gl_ES","og_type":"article","og_title":"Mi cuenta - Bodega Tapias Mari\u00f1\u00e1n","og_url":"https:\/\/www.xn--tapiasmarian-jhb.com\/gl\/mi-cuenta\/","og_site_name":"Bodega Tapias Mari\u00f1\u00e1n","article_publisher":"https:\/\/www.facebook.com\/tapiasmarinan.bodega.1","article_modified_time":"2022-02-10T19:46:38+00:00","og_image":[{"width":512,"height":346,"url":"https:\/\/i0.wp.com\/www.xn--tapiasmarian-jhb.com\/wp-content\/uploads\/2022\/08\/favicon.png?fit=512%2C346&ssl=1","type":"image\/png"}],"twitter_card":"summary_large_image","schema":{"@context":"https:\/\/schema.org","@graph":[{"@type":"WebPage","@id":"https:\/\/www.xn--tapiasmarian-jhb.com\/mi-cuenta\/","url":"https:\/\/www.xn--tapiasmarian-jhb.com\/mi-cuenta\/","name":"Mi cuenta - Bodega Tapias Mari\u00f1\u00e1n","isPartOf":{"@id":"https:\/\/www.xn--tapiasmarian-jhb.com\/#website"},"datePublished":"2022-02-03T09:17:36+00:00","dateModified":"2022-02-10T19:46:38+00:00","breadcrumb":{"@id":"https:\/\/www.xn--tapiasmarian-jhb.com\/mi-cuenta\/#breadcrumb"},"inLanguage":"gl-ES","potentialAction":[{"@type":"ReadAction","target":["https:\/\/www.xn--tapiasmarian-jhb.com\/mi-cuenta\/"]}]},{"@type":"BreadcrumbList","@id":"https:\/\/www.xn--tapiasmarian-jhb.com\/mi-cuenta\/#breadcrumb","itemListElement":[{"@type":"ListItem","position":1,"name":"Portada","item":"https:\/\/www.xn--tapiasmarian-jhb.com\/"},{"@type":"ListItem","position":2,"name":"Mi cuenta"}]},{"@type":"WebSite","@id":"https:\/\/www.xn--tapiasmarian-jhb.com\/#website","url":"https:\/\/www.xn--tapiasmarian-jhb.com\/","name":"Bodega Tapias Mari\u00f1\u00e1n","description":"Bodega de la D.O. Monterrei","publisher":{"@id":"https:\/\/www.xn--tapiasmarian-jhb.com\/#organization"},"alternateName":"Tapias Mari\u00f1an","potentialAction":[{"@type":"SearchAction","target":{"@type":"EntryPoint","urlTemplate":"https:\/\/www.xn--tapiasmarian-jhb.com\/?s={search_term_string}"},"query-input":{"@type":"PropertyValueSpecification","valueRequired":true,"valueName":"search_term_string"}}],"inLanguage":"gl-ES"},{"@type":"Organization","@id":"https:\/\/www.xn--tapiasmarian-jhb.com\/#organization","name":"Bodega Tapias Mari\u00f1\u00e1n","alternateName":"Tapias Mari\u00f1an","url":"https:\/\/www.xn--tapiasmarian-jhb.com\/","logo":{"@type":"ImageObject","inLanguage":"gl-ES","@id":"https:\/\/www.xn--tapiasmarian-jhb.com\/#\/schema\/logo\/image\/","url":"https:\/\/i0.wp.com\/www.xn--tapiasmarian-jhb.com\/wp-content\/uploads\/2022\/08\/favicon.png?fit=512%2C346&ssl=1","contentUrl":"https:\/\/i0.wp.com\/www.xn--tapiasmarian-jhb.com\/wp-content\/uploads\/2022\/08\/favicon.png?fit=512%2C346&ssl=1","width":512,"height":346,"caption":"Bodega Tapias Mari\u00f1\u00e1n"},"image":{"@id":"https:\/\/www.xn--tapiasmarian-jhb.com\/#\/schema\/logo\/image\/"},"sameAs":["https:\/\/www.facebook.com\/tapiasmarinan.bodega.1","https:\/\/www.instagram.com\/bodegatapiasmarinan\/"]}]}},"jetpack_sharing_enabled":true,"_links":{"self":[{"href":"https:\/\/www.xn--tapiasmarian-jhb.com\/gl\/wp-json\/wp\/v2\/pages\/12","targetHints":{"allow":["GET"]}}],"collection":[{"href":"https:\/\/www.xn--tapiasmarian-jhb.com\/gl\/wp-json\/wp\/v2\/pages"}],"about":[{"href":"https:\/\/www.xn--tapiasmarian-jhb.com\/gl\/wp-json\/wp\/v2\/types\/page"}],"author":[{"embeddable":true,"href":"https:\/\/www.xn--tapiasmarian-jhb.com\/gl\/wp-json\/wp\/v2\/users\/3"}],"replies":[{"embeddable":true,"href":"https:\/\/www.xn--tapiasmarian-jhb.com\/gl\/wp-json\/wp\/v2\/comments?post=12"}],"version-history":[{"count":2,"href":"https:\/\/www.xn--tapiasmarian-jhb.com\/gl\/wp-json\/wp\/v2\/pages\/12\/revisions"}],"predecessor-version":[{"id":10969,"href":"https:\/\/www.xn--tapiasmarian-jhb.com\/gl\/wp-json\/wp\/v2\/pages\/12\/revisions\/10969"}],"wp:attachment":[{"href":"https:\/\/www.xn--tapiasmarian-jhb.com\/gl\/wp-json\/wp\/v2\/media?parent=12"}],"curies":[{"name":"wp","href":"https:\/\/api.w.org\/{rel}","templated":true}]}}