{"id":11587,"date":"2022-08-25T17:56:01","date_gmt":"2022-08-25T15:56:01","guid":{"rendered":"https:\/\/xn--tapiasmarian-jhb.com\/?page_id=11587"},"modified":"2022-08-30T00:29:17","modified_gmt":"2022-08-29T22:29:17","slug":"reserva","status":"publish","type":"page","link":"https:\/\/www.xn--tapiasmarian-jhb.com\/gl\/reserva\/","title":{"rendered":"Reserva"},"content":{"rendered":"\n<div class=\"wp-block-amelia-catalog-gutenberg-block\">[ameliacatalog category=1]<\/div>\n\n\n\n<div class=\"wp-block-amelia-booking-gutenberg-block\">[ameliabooking category=1 employee=1]<\/div>\n","protected":false},"excerpt":{"rendered":"[ameliacatalog category=1] [ameliabooking category=1 employee=1]","protected":false},"author":3,"featured_media":0,"parent":0,"menu_order":0,"comment_status":"closed","ping_status":"closed","template":"","meta":{"footnotes":""},"class_list":["post-11587","page","type-page","status-publish","hentry"],"yoast_head":"<!-- This site is optimized with the Yoast SEO plugin v27.4 - https:\/\/yoast.com\/product\/yoast-seo-wordpress\/ -->\n<title>Reserva - Bodega Tapias Mari\u00f1\u00e1n<\/title>\n<meta name=\"robots\" content=\"index, follow, max-snippet:-1, max-image-preview:large, max-video-preview:-1\" \/>\n<link rel=\"canonical\" href=\"https:\/\/www.xn--tapiasmarian-jhb.com\/gl\/reserva\/\" \/>\n<meta property=\"og:locale\" content=\"gl_ES\" \/>\n<meta property=\"og:type\" content=\"article\" \/>\n<meta property=\"og:title\" content=\"Reserva - Bodega Tapias Mari\u00f1\u00e1n\" \/>\n<meta property=\"og:url\" content=\"https:\/\/www.xn--tapiasmarian-jhb.com\/gl\/reserva\/\" \/>\n<meta property=\"og:site_name\" content=\"Bodega Tapias Mari\u00f1\u00e1n\" \/>\n<meta property=\"article:publisher\" content=\"https:\/\/www.facebook.com\/tapiasmarinan.bodega.1\" \/>\n<meta property=\"article:modified_time\" content=\"2022-08-29T22:29:17+00:00\" \/>\n<meta property=\"og:image\" content=\"https:\/\/i0.wp.com\/www.xn--tapiasmarian-jhb.com\/wp-content\/uploads\/2022\/08\/favicon.png?fit=512%2C346&ssl=1\" \/>\n\t<meta property=\"og:image:width\" content=\"512\" \/>\n\t<meta property=\"og:image:height\" content=\"346\" \/>\n\t<meta property=\"og:image:type\" content=\"image\/png\" \/>\n<meta name=\"twitter:card\" content=\"summary_large_image\" \/>\n<script type=\"application\/ld+json\" class=\"yoast-schema-graph\">{\"@context\":\"https:\\\/\\\/schema.org\",\"@graph\":[{\"@type\":\"WebPage\",\"@id\":\"https:\\\/\\\/www.xn--tapiasmarian-jhb.com\\\/reserva\\\/\",\"url\":\"https:\\\/\\\/www.xn--tapiasmarian-jhb.com\\\/reserva\\\/\",\"name\":\"Reserva - Bodega Tapias Mari\u00f1\u00e1n\",\"isPartOf\":{\"@id\":\"https:\\\/\\\/www.xn--tapiasmarian-jhb.com\\\/#website\"},\"datePublished\":\"2022-08-25T15:56:01+00:00\",\"dateModified\":\"2022-08-29T22:29:17+00:00\",\"breadcrumb\":{\"@id\":\"https:\\\/\\\/www.xn--tapiasmarian-jhb.com\\\/reserva\\\/#breadcrumb\"},\"inLanguage\":\"gl-ES\",\"potentialAction\":[{\"@type\":\"ReadAction\",\"target\":[\"https:\\\/\\\/www.xn--tapiasmarian-jhb.com\\\/reserva\\\/\"]}]},{\"@type\":\"BreadcrumbList\",\"@id\":\"https:\\\/\\\/www.xn--tapiasmarian-jhb.com\\\/reserva\\\/#breadcrumb\",\"itemListElement\":[{\"@type\":\"ListItem\",\"position\":1,\"name\":\"Portada\",\"item\":\"https:\\\/\\\/www.xn--tapiasmarian-jhb.com\\\/\"},{\"@type\":\"ListItem\",\"position\":2,\"name\":\"Reserva\"}]},{\"@type\":\"WebSite\",\"@id\":\"https:\\\/\\\/www.xn--tapiasmarian-jhb.com\\\/#website\",\"url\":\"https:\\\/\\\/www.xn--tapiasmarian-jhb.com\\\/\",\"name\":\"Bodega Tapias Mari\u00f1\u00e1n\",\"description\":\"Bodega de la D.O. Monterrei\",\"publisher\":{\"@id\":\"https:\\\/\\\/www.xn--tapiasmarian-jhb.com\\\/#organization\"},\"alternateName\":\"Tapias Mari\u00f1an\",\"potentialAction\":[{\"@type\":\"SearchAction\",\"target\":{\"@type\":\"EntryPoint\",\"urlTemplate\":\"https:\\\/\\\/www.xn--tapiasmarian-jhb.com\\\/?s={search_term_string}\"},\"query-input\":{\"@type\":\"PropertyValueSpecification\",\"valueRequired\":true,\"valueName\":\"search_term_string\"}}],\"inLanguage\":\"gl-ES\"},{\"@type\":\"Organization\",\"@id\":\"https:\\\/\\\/www.xn--tapiasmarian-jhb.com\\\/#organization\",\"name\":\"Bodega Tapias Mari\u00f1\u00e1n\",\"alternateName\":\"Tapias Mari\u00f1an\",\"url\":\"https:\\\/\\\/www.xn--tapiasmarian-jhb.com\\\/\",\"logo\":{\"@type\":\"ImageObject\",\"inLanguage\":\"gl-ES\",\"@id\":\"https:\\\/\\\/www.xn--tapiasmarian-jhb.com\\\/#\\\/schema\\\/logo\\\/image\\\/\",\"url\":\"https:\\\/\\\/i0.wp.com\\\/www.xn--tapiasmarian-jhb.com\\\/wp-content\\\/uploads\\\/2022\\\/08\\\/favicon.png?fit=512%2C346&ssl=1\",\"contentUrl\":\"https:\\\/\\\/i0.wp.com\\\/www.xn--tapiasmarian-jhb.com\\\/wp-content\\\/uploads\\\/2022\\\/08\\\/favicon.png?fit=512%2C346&ssl=1\",\"width\":512,\"height\":346,\"caption\":\"Bodega Tapias Mari\u00f1\u00e1n\"},\"image\":{\"@id\":\"https:\\\/\\\/www.xn--tapiasmarian-jhb.com\\\/#\\\/schema\\\/logo\\\/image\\\/\"},\"sameAs\":[\"https:\\\/\\\/www.facebook.com\\\/tapiasmarinan.bodega.1\",\"https:\\\/\\\/www.instagram.com\\\/bodegatapiasmarinan\\\/\"]}]}<\/script>\n<!-- \/ Yoast SEO plugin. -->","yoast_head_json":{"title":"Reserva - Bodega Tapias Mari\u00f1\u00e1n","robots":{"index":"index","follow":"follow","max-snippet":"max-snippet:-1","max-image-preview":"max-image-preview:large","max-video-preview":"max-video-preview:-1"},"canonical":"https:\/\/www.xn--tapiasmarian-jhb.com\/gl\/reserva\/","og_locale":"gl_ES","og_type":"article","og_title":"Reserva - Bodega Tapias Mari\u00f1\u00e1n","og_url":"https:\/\/www.xn--tapiasmarian-jhb.com\/gl\/reserva\/","og_site_name":"Bodega Tapias Mari\u00f1\u00e1n","article_publisher":"https:\/\/www.facebook.com\/tapiasmarinan.bodega.1","article_modified_time":"2022-08-29T22:29:17+00:00","og_image":[{"width":512,"height":346,"url":"https:\/\/i0.wp.com\/www.xn--tapiasmarian-jhb.com\/wp-content\/uploads\/2022\/08\/favicon.png?fit=512%2C346&ssl=1","type":"image\/png"}],"twitter_card":"summary_large_image","schema":{"@context":"https:\/\/schema.org","@graph":[{"@type":"WebPage","@id":"https:\/\/www.xn--tapiasmarian-jhb.com\/reserva\/","url":"https:\/\/www.xn--tapiasmarian-jhb.com\/reserva\/","name":"Reserva - Bodega Tapias Mari\u00f1\u00e1n","isPartOf":{"@id":"https:\/\/www.xn--tapiasmarian-jhb.com\/#website"},"datePublished":"2022-08-25T15:56:01+00:00","dateModified":"2022-08-29T22:29:17+00:00","breadcrumb":{"@id":"https:\/\/www.xn--tapiasmarian-jhb.com\/reserva\/#breadcrumb"},"inLanguage":"gl-ES","potentialAction":[{"@type":"ReadAction","target":["https:\/\/www.xn--tapiasmarian-jhb.com\/reserva\/"]}]},{"@type":"BreadcrumbList","@id":"https:\/\/www.xn--tapiasmarian-jhb.com\/reserva\/#breadcrumb","itemListElement":[{"@type":"ListItem","position":1,"name":"Portada","item":"https:\/\/www.xn--tapiasmarian-jhb.com\/"},{"@type":"ListItem","position":2,"name":"Reserva"}]},{"@type":"WebSite","@id":"https:\/\/www.xn--tapiasmarian-jhb.com\/#website","url":"https:\/\/www.xn--tapiasmarian-jhb.com\/","name":"Bodega Tapias Mari\u00f1\u00e1n","description":"Bodega de la D.O. Monterrei","publisher":{"@id":"https:\/\/www.xn--tapiasmarian-jhb.com\/#organization"},"alternateName":"Tapias Mari\u00f1an","potentialAction":[{"@type":"SearchAction","target":{"@type":"EntryPoint","urlTemplate":"https:\/\/www.xn--tapiasmarian-jhb.com\/?s={search_term_string}"},"query-input":{"@type":"PropertyValueSpecification","valueRequired":true,"valueName":"search_term_string"}}],"inLanguage":"gl-ES"},{"@type":"Organization","@id":"https:\/\/www.xn--tapiasmarian-jhb.com\/#organization","name":"Bodega Tapias Mari\u00f1\u00e1n","alternateName":"Tapias Mari\u00f1an","url":"https:\/\/www.xn--tapiasmarian-jhb.com\/","logo":{"@type":"ImageObject","inLanguage":"gl-ES","@id":"https:\/\/www.xn--tapiasmarian-jhb.com\/#\/schema\/logo\/image\/","url":"https:\/\/i0.wp.com\/www.xn--tapiasmarian-jhb.com\/wp-content\/uploads\/2022\/08\/favicon.png?fit=512%2C346&ssl=1","contentUrl":"https:\/\/i0.wp.com\/www.xn--tapiasmarian-jhb.com\/wp-content\/uploads\/2022\/08\/favicon.png?fit=512%2C346&ssl=1","width":512,"height":346,"caption":"Bodega Tapias Mari\u00f1\u00e1n"},"image":{"@id":"https:\/\/www.xn--tapiasmarian-jhb.com\/#\/schema\/logo\/image\/"},"sameAs":["https:\/\/www.facebook.com\/tapiasmarinan.bodega.1","https:\/\/www.instagram.com\/bodegatapiasmarinan\/"]}]}},"jetpack_sharing_enabled":true,"_links":{"self":[{"href":"https:\/\/www.xn--tapiasmarian-jhb.com\/gl\/wp-json\/wp\/v2\/pages\/11587","targetHints":{"allow":["GET"]}}],"collection":[{"href":"https:\/\/www.xn--tapiasmarian-jhb.com\/gl\/wp-json\/wp\/v2\/pages"}],"about":[{"href":"https:\/\/www.xn--tapiasmarian-jhb.com\/gl\/wp-json\/wp\/v2\/types\/page"}],"author":[{"embeddable":true,"href":"https:\/\/www.xn--tapiasmarian-jhb.com\/gl\/wp-json\/wp\/v2\/users\/3"}],"replies":[{"embeddable":true,"href":"https:\/\/www.xn--tapiasmarian-jhb.com\/gl\/wp-json\/wp\/v2\/comments?post=11587"}],"version-history":[{"count":5,"href":"https:\/\/www.xn--tapiasmarian-jhb.com\/gl\/wp-json\/wp\/v2\/pages\/11587\/revisions"}],"predecessor-version":[{"id":11719,"href":"https:\/\/www.xn--tapiasmarian-jhb.com\/gl\/wp-json\/wp\/v2\/pages\/11587\/revisions\/11719"}],"wp:attachment":[{"href":"https:\/\/www.xn--tapiasmarian-jhb.com\/gl\/wp-json\/wp\/v2\/media?parent=11587"}],"curies":[{"name":"wp","href":"https:\/\/api.w.org\/{rel}","templated":true}]}}